{"id":2510,"date":"2010-01-01T08:00:14","date_gmt":"2010-01-01T08:00:14","guid":{"rendered":"http:\/\/dev.pongrac.hu\/?post_type=product&#038;p=2510"},"modified":"2018-12-12T11:19:57","modified_gmt":"2018-12-12T10:19:57","slug":"david-almond-akcios-konyvcsomag-a-vadoc-csokas-nyar-skellig","status":"publish","type":"product","link":"https:\/\/pongrac.hu\/?product=david-almond-akcios-konyvcsomag-a-vadoc-csokas-nyar-skellig","title":{"rendered":"David Almond akci\u00f3s k\u00f6nyvcsomag  (A Vad\u00f3c, Cs\u00f3k\u00e1s ny\u00e1r, Skellig)"},"content":{"rendered":"<p><em>Skellig<\/em>: A tizen\u00e9ves Michael \u00e9lete hirtelen megv\u00e1ltozik, amikor testv\u00e9r\u00e9nek sz\u00fclet\u00e9se el\u0151tt sz\u00fclei \u00fagy d\u00f6ntenek, ideje a lak\u00f3telepi lak\u00e1st felcser\u00e9lni egy k\u00fclv\u00e1rosi h\u00e1zra. A h\u00e1z azonban nem a v\u00e1rt t\u00fcnd\u00e9rlak, hanem egy lerobbant p\u00f3ktanya, amelyet el\u0151z\u0151 lak\u00f3ja meglehet\u0151sen k\u00e9tes \u00e1llapotban hagyott h\u00e1tra. Mivel a sz\u00fcl\u00e9s id\u0151pontja k\u00f6zel, Michael apja maga veszi k\u00e9zbe a fel\u00faj\u00edt\u00e1st. A kamasznak azonban nincs \u00edny\u00e9re a tap\u00e9t\u00e1z\u00e1s, \u00fcres perceit ink\u00e1bb a kert v\u00e9g\u00e9ben \u00e1ll\u00f3, d\u00fcledez\u0151 visk\u00f3 felder\u00edt\u00e9s\u00e9vel t\u00f6lti, ahol a lomok alatt egy k\u00fcl\u00f6nleges idegennel tal\u00e1lkozik. A fi\u00fa lassan r\u00e1j\u00f6n, hogy a szem\u00e9t k\u00f6z\u00f6tt Skellig, egy reum\u00e1s angyal v\u00edvja hal\u00e1ltus\u00e1j\u00e1t.<\/p>\n<p><em>A Vad\u00f3c<\/em>: Blue Baker egy t\u00f6rt\u00e9neten dolgozik. Nem m\u00e1gi\u00e1r\u00f3l meg t\u00fcnd\u00e9rekr\u0151l meg \u201eboldogan \u00e9ltek\u201d-r\u0151l sz\u00f3l\u00f3 mes\u00e9t, hanem egy igaz t\u00f6rt\u00e9netet \u00edr v\u00e9rr\u0151l, mag\u00e1nyr\u00f3l, f\u00e9lelemr\u0151l, kalandokr\u00f3l\u2026 Mert ilyen a val\u00f3 \u00e9let. Legal\u00e1bbis Blue sz\u00e1m\u00e1ra. Mivel meghalt az \u00e9desapja, \u00e9s Hopper, a v\u00e1rosi vag\u00e1ny r\u00e1sz\u00e1llt. \u00c1m Blue fura, vad, var\u00e1zslatos \u00e9s s\u00f6t\u00e9t sztorija saj\u00e1t \u00e9letre kel, \u00e9s amikor a vad\u00f3c \u00e9jszaka megl\u00e1togatja Hoppert, Blue elgondolkodik rajta, hol v\u00e9gz\u0151dik \u0151 maga, \u00e9s hol kezd\u0151dik a vad\u00f3c. Almond csod\u00e1latos t\u00f6rt\u00e9net\u00e9t McKean illusztr\u00e1ci\u00f3i teszik teljess\u00e9.<\/p>\n<p><em>Cs\u00f3k\u00e1s ny\u00e1r<\/em>: Ez is csak \u00fagy indult, mint b\u00e1rmelyik \u00e9szak-angliai ny\u00e1r. Az id\u0151 csodasz\u00e9p. A tizenn\u00e9gy \u00e9ves Liam sz\u00e1m\u00e1ra kezd\u0151dik a vak\u00e1ci\u00f3. \u00c1m azon a napon, amikor bar\u00e1tj\u00e1val, Maxszel k\u00f6vetni kezd egy hangosan csattog\u00f3 cs\u00f3k\u00e1t, a fi\u00fa \u00e9lete visszaford\u00edthatatlanul megv\u00e1ltozik\u2026 Egy elhagyatott \u00e9p\u00fclet el\u0151tt egy takar\u00f3ba bugyol\u00e1lt kisbab\u00e1ra lelnek. Ezzel kezdet\u00e9t veszi a cs\u00f3k\u00e1s ny\u00e1r. A bar\u00e1ts\u00e1gok megm\u00e9rettetnek, a j\u00f3 \u00e9s a rossz k\u00f6z\u00f6tti hat\u00e1r pedig elmos\u00f3dni l\u00e1tszik.<\/p>\n","protected":false},"excerpt":{"rendered":"<p>David Almond angol gyermekk\u00f6nyv\u00edr\u00f3 h\u00e1rom nagyszer\u0171 reg\u00e9nye egy csomagban. A titokzatos sz\u00e1rnyas idegen, a k\u00e9pzeletbeli vad gyermek, valamint a k\u00e9t bar\u00e1t, Liam \u00e9s Max t\u00f6rt\u00e9nete, akik egy elhagyott, pokr\u00f3cba tekert kisbab\u00e1t tal\u00e1lnak.<\/p>\n","protected":false},"featured_media":2511,"comment_status":"closed","ping_status":"closed","template":"","meta":[],"product_brand":[],"product_cat":[466],"product_tag":[294,307,286,287,315,300,319,288,285,337,316,338,305,301,290,318,317],"class_list":{"0":"post-2510","1":"product","2":"type-product","3":"status-publish","4":"has-post-thumbnail","6":"authors-david-almond","7":"publisher-pongrac-kiado","8":"product_cat-uncategorized","9":"product_tag-baratsag","10":"product_tag-fantasy","11":"product_tag-felelem","12":"product_tag-gyilkossag","13":"product_tag-iras","14":"product_tag-kamaszkor","15":"product_tag-kepregeny","16":"product_tag-kepzelet","17":"product_tag-krimi","18":"product_tag-muveszet","19":"product_tag-novella","20":"product_tag-nyar","21":"product_tag-onmagad","22":"product_tag-pszichokaland","23":"product_tag-remseg","24":"product_tag-suli","25":"product_tag-vadsag","27":"first","28":"outofstock","29":"shipping-taxable","30":"purchasable","31":"product-type-simple"},"_links":{"self":[{"href":"https:\/\/pongrac.hu\/index.php?rest_route=\/wp\/v2\/product\/2510","targetHints":{"allow":["GET"]}}],"collection":[{"href":"https:\/\/pongrac.hu\/index.php?rest_route=\/wp\/v2\/product"}],"about":[{"href":"https:\/\/pongrac.hu\/index.php?rest_route=\/wp\/v2\/types\/product"}],"replies":[{"embeddable":true,"href":"https:\/\/pongrac.hu\/index.php?rest_route=%2Fwp%2Fv2%2Fcomments&post=2510"}],"wp:featuredmedia":[{"embeddable":true,"href":"https:\/\/pongrac.hu\/index.php?rest_route=\/wp\/v2\/media\/2511"}],"wp:attachment":[{"href":"https:\/\/pongrac.hu\/index.php?rest_route=%2Fwp%2Fv2%2Fmedia&parent=2510"}],"wp:term":[{"taxonomy":"product_brand","embeddable":true,"href":"https:\/\/pongrac.hu\/index.php?rest_route=%2Fwp%2Fv2%2Fproduct_brand&post=2510"},{"taxonomy":"product_cat","embeddable":true,"href":"https:\/\/pongrac.hu\/index.php?rest_route=%2Fwp%2Fv2%2Fproduct_cat&post=2510"},{"taxonomy":"product_tag","embeddable":true,"href":"https:\/\/pongrac.hu\/index.php?rest_route=%2Fwp%2Fv2%2Fproduct_tag&post=2510"}],"curies":[{"name":"wp","href":"https:\/\/api.w.org\/{rel}","templated":true}]}}