{"id":2506,"date":"2009-09-01T08:00:48","date_gmt":"2009-09-01T08:00:48","guid":{"rendered":"http:\/\/dev.pongrac.hu\/?post_type=product&#038;p=2506"},"modified":"2016-12-03T12:45:41","modified_gmt":"2016-12-03T11:45:41","slug":"lanyokrol-lanyoknak","status":"publish","type":"product","link":"https:\/\/pongrac.hu\/?product=lanyokrol-lanyoknak","title":{"rendered":"L\u00e1nyokr\u00f3l l\u00e1nyoknak"},"content":{"rendered":"<p>Engem senki nem \u00e9rt meg! Mindig csak ilyeneket hallok: Ebben a ruh\u00e1ban azt\u00e1n el ne merj menni itthonr\u00f3l! Mit jelentsenek ezek az oszt\u00e1lyzatok? Hogyan tudsz \u00edgy tanulni: \u00e1gyban fekve \u00e9s azzal az iz\u00e9vel a f\u00fcledben? Ezt h\u00edvod te zen\u00e9nek? Lehalk\u00edtan\u00e1d v\u00e9gre? Megs\u00fcket\u00fcl\u00f6k! M\u00e9g mindig telefon\u00e1lsz? Tedd m\u00e1r le, k\u00f6ny\u00f6rg\u00f6m! Komolyan gondolod, hogy ez a helyes viselked\u00e9s a te korodban? Ki az a fi\u00fa? H\u00e1ny \u00f3r\u00e1ja l\u00f3gsz m\u00e1r a neten? Mi a fen\u00e9nek rakt\u00e1l ubork\u00e1t a szemedre? Mi ez a pillant\u00e1s m\u00e1r megint? \u00c9s ez m\u00e9g nem minden\u2026 Mert teljesen kik\u00e9sz\u00edtenek a g\u00f6rcs\u00f6k is! N\u00e1latok is mindennaposak ezek a mondatok? Akkor ez bizony a te k\u00f6nyved! A Kent\u2013Villegas szerz\u0151p\u00e1ros vil\u00e1gsiker\u0171 k\u00f6nyve Magyarorsz\u00e1gon!<\/p>\n","protected":false},"excerpt":{"rendered":"<p>Engem senki nem \u00e9rt meg! Mindig csak ilyeneket hallok: Ebben a ruh\u00e1ban azt\u00e1n el ne merj menni itthonr\u00f3l! Mit jelentsenek ezek az oszt\u00e1lyzatok? Hogyan tudsz \u00edgy tanulni: \u00e1gyban fekve \u00e9s azzal az iz\u00e9vel a f\u00fcledben? Ezt h\u00edvod te zen\u00e9nek? Lehalk\u00edtan\u00e1d v\u00e9gre? Megs\u00fcket\u00fcl\u00f6k! M\u00e9g mindig telefon\u00e1lsz? Tedd m\u00e1r le, k\u00f6ny\u00f6rg\u00f6m! Komolyan gondolod, hogy ez a helyes [&hellip;]<\/p>\n","protected":false},"featured_media":2504,"comment_status":"closed","ping_status":"closed","template":"","meta":[],"product_brand":[],"product_cat":[466],"product_tag":[300,305,301],"class_list":{"0":"post-2506","1":"product","2":"type-product","3":"status-publish","4":"has-post-thumbnail","6":"authors-kent-jennie","7":"authors-villegas-maria","8":"publisher-pongrac-kiado","9":"product_cat-uncategorized","10":"product_tag-kamaszkor","11":"product_tag-onmagad","12":"product_tag-pszichokaland","14":"first","15":"outofstock","16":"shipping-taxable","17":"purchasable","18":"product-type-simple"},"_links":{"self":[{"href":"https:\/\/pongrac.hu\/index.php?rest_route=\/wp\/v2\/product\/2506","targetHints":{"allow":["GET"]}}],"collection":[{"href":"https:\/\/pongrac.hu\/index.php?rest_route=\/wp\/v2\/product"}],"about":[{"href":"https:\/\/pongrac.hu\/index.php?rest_route=\/wp\/v2\/types\/product"}],"replies":[{"embeddable":true,"href":"https:\/\/pongrac.hu\/index.php?rest_route=%2Fwp%2Fv2%2Fcomments&post=2506"}],"wp:featuredmedia":[{"embeddable":true,"href":"https:\/\/pongrac.hu\/index.php?rest_route=\/wp\/v2\/media\/2504"}],"wp:attachment":[{"href":"https:\/\/pongrac.hu\/index.php?rest_route=%2Fwp%2Fv2%2Fmedia&parent=2506"}],"wp:term":[{"taxonomy":"product_brand","embeddable":true,"href":"https:\/\/pongrac.hu\/index.php?rest_route=%2Fwp%2Fv2%2Fproduct_brand&post=2506"},{"taxonomy":"product_cat","embeddable":true,"href":"https:\/\/pongrac.hu\/index.php?rest_route=%2Fwp%2Fv2%2Fproduct_cat&post=2506"},{"taxonomy":"product_tag","embeddable":true,"href":"https:\/\/pongrac.hu\/index.php?rest_route=%2Fwp%2Fv2%2Fproduct_tag&post=2506"}],"curies":[{"name":"wp","href":"https:\/\/api.w.org\/{rel}","templated":true}]}}