{"id":2505,"date":"2010-06-01T08:00:47","date_gmt":"2010-06-01T08:00:47","guid":{"rendered":"http:\/\/dev.pongrac.hu\/?post_type=product&#038;p=2505"},"modified":"2025-02-21T17:17:49","modified_gmt":"2025-02-21T16:17:49","slug":"wan-wan-es-a-kacagoviragok","status":"publish","type":"product","link":"https:\/\/pongrac.hu\/?product=wan-wan-es-a-kacagoviragok","title":{"rendered":"Wan-Wan \u00e9s a kacag\u00f3vir\u00e1gok"},"content":{"rendered":"<p>Csendesen telnek a ny\u00e1rv\u00e9gi napok Wan-Wan s\u00e1rk\u00e1ny \u00e9s Leperke otthon\u00e1ban, m\u00edg a k\u00e9t cimbora egy nap arra \u00e9bred, hogy az eperlepk\u00e9t rejt\u00e9lyes betegs\u00e9g t\u00e1madta meg. Wan-Wan felkerekedik, hogy kider\u00edtse, mik\u00e9nt seg\u00edthet rajta, a Narancs-hegys\u00e9gben azonban saj\u00e1t mag\u00e1val is meg kell k\u00fczdenie ahhoz, hogy a legjobb bar\u00e1tj\u00e1t megmenthesse.<\/p>\n","protected":false},"excerpt":{"rendered":"<p>Wan-Wan s\u00e1rk\u00e1ny \u00e9s Leperke egy nap arra \u00e9bred, hogy az eperlepk\u00e9t rejt\u00e9lyes betegs\u00e9g t\u00e1madta meg. Wan-Wannak a Narancs-hegys\u00e9gben saj\u00e1t mag\u00e1val is meg kell k\u00fczdenie, hogy a legjobb bar\u00e1tja meggy\u00f3gyuljon.<\/p>\n","protected":false},"featured_media":2408,"comment_status":"closed","ping_status":"closed","template":"","meta":[],"product_brand":[],"product_cat":[466],"product_tag":[294,437,298,293,273],"class_list":{"0":"post-2505","1":"product","2":"type-product","3":"status-publish","4":"has-post-thumbnail","6":"authors-agocs-irisz","7":"authors-nyilasi-judit","8":"publisher-pongrac-kiado","9":"product_cat-uncategorized","10":"product_tag-baratsag","11":"product_tag-lepke","12":"product_tag-mese","13":"product_tag-pottom","14":"product_tag-sarkany","16":"first","17":"outofstock","18":"shipping-taxable","19":"purchasable","20":"product-type-simple"},"_links":{"self":[{"href":"https:\/\/pongrac.hu\/index.php?rest_route=\/wp\/v2\/product\/2505","targetHints":{"allow":["GET"]}}],"collection":[{"href":"https:\/\/pongrac.hu\/index.php?rest_route=\/wp\/v2\/product"}],"about":[{"href":"https:\/\/pongrac.hu\/index.php?rest_route=\/wp\/v2\/types\/product"}],"replies":[{"embeddable":true,"href":"https:\/\/pongrac.hu\/index.php?rest_route=%2Fwp%2Fv2%2Fcomments&post=2505"}],"wp:featuredmedia":[{"embeddable":true,"href":"https:\/\/pongrac.hu\/index.php?rest_route=\/wp\/v2\/media\/2408"}],"wp:attachment":[{"href":"https:\/\/pongrac.hu\/index.php?rest_route=%2Fwp%2Fv2%2Fmedia&parent=2505"}],"wp:term":[{"taxonomy":"product_brand","embeddable":true,"href":"https:\/\/pongrac.hu\/index.php?rest_route=%2Fwp%2Fv2%2Fproduct_brand&post=2505"},{"taxonomy":"product_cat","embeddable":true,"href":"https:\/\/pongrac.hu\/index.php?rest_route=%2Fwp%2Fv2%2Fproduct_cat&post=2505"},{"taxonomy":"product_tag","embeddable":true,"href":"https:\/\/pongrac.hu\/index.php?rest_route=%2Fwp%2Fv2%2Fproduct_tag&post=2505"}],"curies":[{"name":"wp","href":"https:\/\/api.w.org\/{rel}","templated":true}]}}