{"id":2503,"date":"2010-05-01T08:00:03","date_gmt":"2010-05-01T08:00:03","guid":{"rendered":"http:\/\/dev.pongrac.hu\/?post_type=product&#038;p=2503"},"modified":"2025-02-21T17:18:22","modified_gmt":"2025-02-21T16:18:22","slug":"ugye-nincsenek-szornyek","status":"publish","type":"product","link":"https:\/\/pongrac.hu\/?product=ugye-nincsenek-szornyek","title":{"rendered":"Ugye nincsenek sz\u00f6rnyek?"},"content":{"rendered":"<p>Kismack\u00f3 nagyon izgatott! Ma alszik \u00e9let\u00e9ben el\u0151sz\u00f6r a saj\u00e1t szob\u00e1j\u00e1ban. \u00c1m a b\u00e1tyja n\u00e9lk\u00fcl Kismack\u00f3 szob\u00e1ja f\u00e9lelmetes hely. Tele van furcsa \u00e1rnyakkal \u00e9s zajokkal\u2026 Kismack\u00f3 biztos benne, hogy egy sz\u00f6rny lakik n\u00e1la, aki meg akarja enni! Buta Kismack\u00f3 \u2013 kuncog rajta Nagymack\u00f3. Sz\u00f6rnyek nem l\u00e9teznek\u2026 Vagy m\u00e9gis?<\/p>\n","protected":false},"excerpt":{"rendered":"<p>Kismack\u00f3 nagyon izgatott! Ma alszik \u00e9let\u00e9ben el\u0151sz\u00f6r a saj\u00e1t szob\u00e1j\u00e1ban. \u00c1m a b\u00e1tyja n\u00e9lk\u00fcl Kismack\u00f3 szob\u00e1ja f\u00e9lelmetes hely. Tele van furcsa \u00e1rnyakkal \u00e9s zajokkal\u2026 Kismack\u00f3 biztos benne, hogy egy sz\u00f6rny lakik n\u00e1la, aki meg akarja enni! Buta Kismack\u00f3 \u2013 kuncog rajta Nagymack\u00f3. Sz\u00f6rnyek nem l\u00e9teznek\u2026 Vagy m\u00e9gis?<\/p>\n","protected":false},"featured_media":2407,"comment_status":"closed","ping_status":"closed","template":"","meta":[],"product_brand":[],"product_cat":[466],"product_tag":[286,288,298,293,385],"class_list":{"0":"post-2503","1":"product","2":"type-product","3":"status-publish","4":"has-post-thumbnail","6":"authors-caroline-pedler","7":"authors-steve-smallman","8":"publisher-pongrac-kiado","9":"product_cat-uncategorized","10":"product_tag-felelem","11":"product_tag-kepzelet","12":"product_tag-mese","13":"product_tag-pottom","14":"product_tag-szorny","16":"first","17":"outofstock","18":"shipping-taxable","19":"purchasable","20":"product-type-simple"},"_links":{"self":[{"href":"https:\/\/pongrac.hu\/index.php?rest_route=\/wp\/v2\/product\/2503","targetHints":{"allow":["GET"]}}],"collection":[{"href":"https:\/\/pongrac.hu\/index.php?rest_route=\/wp\/v2\/product"}],"about":[{"href":"https:\/\/pongrac.hu\/index.php?rest_route=\/wp\/v2\/types\/product"}],"replies":[{"embeddable":true,"href":"https:\/\/pongrac.hu\/index.php?rest_route=%2Fwp%2Fv2%2Fcomments&post=2503"}],"wp:featuredmedia":[{"embeddable":true,"href":"https:\/\/pongrac.hu\/index.php?rest_route=\/wp\/v2\/media\/2407"}],"wp:attachment":[{"href":"https:\/\/pongrac.hu\/index.php?rest_route=%2Fwp%2Fv2%2Fmedia&parent=2503"}],"wp:term":[{"taxonomy":"product_brand","embeddable":true,"href":"https:\/\/pongrac.hu\/index.php?rest_route=%2Fwp%2Fv2%2Fproduct_brand&post=2503"},{"taxonomy":"product_cat","embeddable":true,"href":"https:\/\/pongrac.hu\/index.php?rest_route=%2Fwp%2Fv2%2Fproduct_cat&post=2503"},{"taxonomy":"product_tag","embeddable":true,"href":"https:\/\/pongrac.hu\/index.php?rest_route=%2Fwp%2Fv2%2Fproduct_tag&post=2503"}],"curies":[{"name":"wp","href":"https:\/\/api.w.org\/{rel}","templated":true}]}}