{"id":2502,"date":"2014-10-01T08:00:03","date_gmt":"2014-10-01T08:00:03","guid":{"rendered":"http:\/\/dev.pongrac.hu\/?post_type=product&#038;p=2502"},"modified":"2021-01-21T12:04:57","modified_gmt":"2021-01-21T11:04:57","slug":"tobias-es-a-2b","status":"publish","type":"product","link":"https:\/\/pongrac.hu\/?product=tobias-es-a-2b","title":{"rendered":"T\u00f3bi\u00e1s \u00e9s a 2\/b"},"content":{"rendered":"<p>T\u00f3bi\u00e1s m\u00e1sodik oszt\u00e1lyba j\u00e1r, \u00e9s sok j\u00f3pofa bar\u00e1tja van. P\u00e9ld\u00e1ul Uku, akinek van egy R\u00f6fi nev\u0171 malaca, \u00e9s az \u0151seinek hossz\u00fa a haja. Vagy Linda, aki balettozik, \u00e9s azt is tudja, mi az az autogram. Na meg Gregor, aki ugyan el\u00e9g veszeked\u0151s, de ett\u0151l f\u00fcggetlen\u00fcl j\u00f3 haver. A gyerekek sok vicces kalandot \u00e9lnek \u00e1t egy\u00fctt, \u00e9s m\u00e9g ha a dolgok nem is v\u00e9gz\u0151dnek mindig \u00fagy, ahogy eltervezt\u00e9k \u0151ket, v\u00e9g\u00fcl minden rendez\u0151dik.<\/p>\n","protected":false},"excerpt":{"rendered":"<p>A szerz\u0151 a mai \u00e9szt iskol\u00e1sok \u00e9let\u00e9t szeretetteljes humorral mutatja be, a vid\u00e1m t\u00f6rt\u00e9netekben pedig mindenki mag\u00e1ra ismerhet.<\/p>\n","protected":false},"featured_media":2406,"comment_status":"closed","ping_status":"closed","template":"","meta":[],"product_brand":[],"product_cat":[466],"product_tag":[294,271,318,297],"class_list":{"0":"post-2502","1":"product","2":"type-product","3":"status-publish","4":"has-post-thumbnail","6":"authors-hillar-mets","7":"authors-piret-raud","8":"publisher-pongrac-kiado","9":"product_cat-uncategorized","10":"product_tag-baratsag","11":"product_tag-kaland","12":"product_tag-suli","13":"product_tag-utazas","15":"first","16":"instock","17":"shipping-taxable","18":"purchasable","19":"product-type-simple"},"_links":{"self":[{"href":"https:\/\/pongrac.hu\/index.php?rest_route=\/wp\/v2\/product\/2502","targetHints":{"allow":["GET"]}}],"collection":[{"href":"https:\/\/pongrac.hu\/index.php?rest_route=\/wp\/v2\/product"}],"about":[{"href":"https:\/\/pongrac.hu\/index.php?rest_route=\/wp\/v2\/types\/product"}],"replies":[{"embeddable":true,"href":"https:\/\/pongrac.hu\/index.php?rest_route=%2Fwp%2Fv2%2Fcomments&post=2502"}],"wp:featuredmedia":[{"embeddable":true,"href":"https:\/\/pongrac.hu\/index.php?rest_route=\/wp\/v2\/media\/2406"}],"wp:attachment":[{"href":"https:\/\/pongrac.hu\/index.php?rest_route=%2Fwp%2Fv2%2Fmedia&parent=2502"}],"wp:term":[{"taxonomy":"product_brand","embeddable":true,"href":"https:\/\/pongrac.hu\/index.php?rest_route=%2Fwp%2Fv2%2Fproduct_brand&post=2502"},{"taxonomy":"product_cat","embeddable":true,"href":"https:\/\/pongrac.hu\/index.php?rest_route=%2Fwp%2Fv2%2Fproduct_cat&post=2502"},{"taxonomy":"product_tag","embeddable":true,"href":"https:\/\/pongrac.hu\/index.php?rest_route=%2Fwp%2Fv2%2Fproduct_tag&post=2502"}],"curies":[{"name":"wp","href":"https:\/\/api.w.org\/{rel}","templated":true}]}}