{"id":2501,"date":"2014-05-19T08:00:09","date_gmt":"2014-05-19T08:00:09","guid":{"rendered":"http:\/\/dev.pongrac.hu\/?post_type=product&#038;p=2501"},"modified":"2025-02-21T17:12:20","modified_gmt":"2025-02-21T16:12:20","slug":"tettes-utan-tipego","status":"publish","type":"product","link":"https:\/\/pongrac.hu\/?product=tettes-utan-tipego","title":{"rendered":"Tettes ut\u00e1n tipeg\u0151"},"content":{"rendered":"<p>H\u0151s\u00fcnk j\u00f3l elvan a titokban befalt k\u00f6nyvekkel \u00e9s az internetes levelez\u0151t\u00e1rsakkal, akiknek h\u00fasz\u00e9ves fiatalemberk\u00e9nt mutatkozik be. Az \u00e9let azonban egyszer csak arra k\u00e9nyszer\u00edti, hogy kil\u00e9pjen biztons\u00e1gos b\u00fav\u00f3hely\u00e9r\u0151l, \u00e9s eddig sikeresen rejtegetett nagy tud\u00e1s\u00e1t \u00e9rt\u00e9kes\u00edtse: ha siker\u00fcl nyakon cs\u00edpnie egy k\u00f6rm\u00f6nfont gonosztev\u0151t, azzal a saj\u00e1t csal\u00e1dj\u00e1n is seg\u00edt. \u00d3ri\u00e1si feladat ez, hisz Bertalan v\u00e9g\u00fcl is csak egy gyerek, m\u00e9ghozz\u00e1 olyan, aki hatalmas esz\u00e9hez k\u00e9pest a h\u00e9tk\u00f6znapi dolgokban bizony el\u00e9g \u00fcgyetlen. Vajon gy\u0151zelmet arathat mag\u00e1nyos harc\u00e1ban ez a rendk\u00edv\u00fcli kisfi\u00fa? Kider\u00fcl, ha elolvasod a k\u00f6nyvet&#8230;<\/p>\n","protected":false},"excerpt":{"rendered":"<p>Csodagyerekr\u0151l m\u00e1r hallhatt\u00e1l, de ilyenr\u0151l m\u00e9g sosem. Bertalan ugyanis a sz\u00fclei el\u0151tt is titokban tartja fantasztikus k\u00e9pess\u00e9geit, \u00edgy eg\u00e9sz k\u00f6rnyezete \u00e1tlagos hat\u00e9vesnek hiszi.<\/p>\n","protected":false},"featured_media":2405,"comment_status":"closed","ping_status":"closed","template":"","meta":[],"product_brand":[],"product_cat":[466],"product_tag":[430,271],"class_list":{"0":"post-2501","1":"product","2":"type-product","3":"status-publish","4":"has-post-thumbnail","6":"authors-almasi-zeteny","7":"authors-neumann-otto","8":"publisher-pongrac-kiado","9":"product_cat-uncategorized","10":"product_tag-detektiv","11":"product_tag-kaland","13":"first","14":"outofstock","15":"shipping-taxable","16":"purchasable","17":"product-type-simple"},"_links":{"self":[{"href":"https:\/\/pongrac.hu\/index.php?rest_route=\/wp\/v2\/product\/2501","targetHints":{"allow":["GET"]}}],"collection":[{"href":"https:\/\/pongrac.hu\/index.php?rest_route=\/wp\/v2\/product"}],"about":[{"href":"https:\/\/pongrac.hu\/index.php?rest_route=\/wp\/v2\/types\/product"}],"replies":[{"embeddable":true,"href":"https:\/\/pongrac.hu\/index.php?rest_route=%2Fwp%2Fv2%2Fcomments&post=2501"}],"wp:featuredmedia":[{"embeddable":true,"href":"https:\/\/pongrac.hu\/index.php?rest_route=\/wp\/v2\/media\/2405"}],"wp:attachment":[{"href":"https:\/\/pongrac.hu\/index.php?rest_route=%2Fwp%2Fv2%2Fmedia&parent=2501"}],"wp:term":[{"taxonomy":"product_brand","embeddable":true,"href":"https:\/\/pongrac.hu\/index.php?rest_route=%2Fwp%2Fv2%2Fproduct_brand&post=2501"},{"taxonomy":"product_cat","embeddable":true,"href":"https:\/\/pongrac.hu\/index.php?rest_route=%2Fwp%2Fv2%2Fproduct_cat&post=2501"},{"taxonomy":"product_tag","embeddable":true,"href":"https:\/\/pongrac.hu\/index.php?rest_route=%2Fwp%2Fv2%2Fproduct_tag&post=2501"}],"curies":[{"name":"wp","href":"https:\/\/api.w.org\/{rel}","templated":true}]}}