{"id":2500,"date":"2015-04-01T08:00:03","date_gmt":"2015-04-01T08:00:03","guid":{"rendered":"http:\/\/dev.pongrac.hu\/?post_type=product&#038;p=2500"},"modified":"2025-02-21T17:10:31","modified_gmt":"2025-02-21T16:10:31","slug":"szmirko","status":"publish","type":"product","link":"https:\/\/pongrac.hu\/?product=szmirko","title":{"rendered":"Szmirk\u00f3"},"content":{"rendered":"<p>Szmirk\u00f3, a dacos \u2013 f\u00e9lig t\u00fcnd\u00e9r, f\u00e9lig ember \u2013 kisfi\u00fa folyton kalamajk\u00e1ba keveredik. Nincs m\u00e9g var\u00e1zsereje, ez\u00e9rt a t\u00f6bbiek cs\u00fafolj\u00e1k \u2013 mintha az eg\u00e9sz vil\u00e1g \u00f6sszeesk\u00fcd\u00f6tt volna ellene. Elsz\u00f6kik, hogy megkeresse soha nem l\u00e1tott \u00e9desapj\u00e1t \u2013 az emberek vil\u00e1g\u00e1ban.<\/p>\n<p>H\u0171 t\u00e1rsa, Babuk, a csalafinta szipolymacska is osztozik kalandjaiban, \u00e9s hamarosan \u00faj bar\u00e1tokra is szert tesznek. H\u0151s\u00fcnk Hokka, az \u00e1rul\u00f3v\u00e1 lett, de jobb sorsra \u00e9rdemes t\u0171zs\u00f3lyom seg\u00edts\u00e9g\u00e9vel \u00e1tjut Hargad hegy\u00e9n, Hetedh\u00e9t Szeglet s\u0171r\u0171 rengeteg\u00e9n, s val\u00f3ban siker\u00fcl \u00e1tkelnie a var\u00e1zsf\u00f6ldet hat\u00e1rol\u00f3 foly\u00f3n is. K\u00f6zben \u00e9desanyja is a fi\u00fa nyom\u00e1ba ered, viszont el\u0151tte m\u00e9g tiltott m\u00e1giacser\u00e9hez folyamodik.<\/p>\n","protected":false},"excerpt":{"rendered":"<p>Az esem\u00e9nyek sodr\u00e1ban hamarosan kider\u00fcl, hogy Szmirk\u00f3 gondjai elt\u00f6rp\u00fclnek a T\u00fcnd\u00e9rf\u00f6ldet fenyeget\u0151 vesz\u00e9ly mellett, \u00e1m vissza\u00fat nincs: neki kell szembesz\u00e1llnia a gonosz er\u0151kkel. Vajon mi t\u00f6rt\u00e9nik, ha a k\u00e9t vil\u00e1g hat\u00e1r\u00e1t v\u00e9gleg felsz\u00e1molj\u00e1k, \u00e9s az egyik f\u00e9l a m\u00e1gi\u00e1t, a m\u00e1sik pedig a technikai v\u00edvm\u00e1nyokat kaparintja meg? El\u00e9rkezik a pillanat, amikor egy eg\u00e9sz birodalom, var\u00e1zsl\u00f3k, t\u00fcnd\u00e9rek, man\u00f3k \u00e9s t\u0171zs\u00f3lymok sorsa egyetlen tizenk\u00e9t \u00e9ves t\u00fcnd\u00e9rgyerek talpraesetts\u00e9g\u00e9n \u00e9s b\u00e1tors\u00e1g\u00e1n m\u00falik.<\/p>\n","protected":false},"featured_media":2404,"comment_status":"closed","ping_status":"closed","template":"","meta":[],"product_brand":[],"product_cat":[466],"product_tag":[294,284,428,275],"class_list":{"0":"post-2500","1":"product","2":"type-product","3":"status-publish","4":"has-post-thumbnail","6":"authors-bokos-borbala","7":"authors-lukacs-kalocsai-eszter","8":"publisher-pongrac-kiado","9":"product_cat-uncategorized","10":"product_tag-baratsag","11":"product_tag-magia","12":"product_tag-mano","13":"product_tag-tunder","15":"first","16":"outofstock","17":"shipping-taxable","18":"purchasable","19":"product-type-simple"},"_links":{"self":[{"href":"https:\/\/pongrac.hu\/index.php?rest_route=\/wp\/v2\/product\/2500","targetHints":{"allow":["GET"]}}],"collection":[{"href":"https:\/\/pongrac.hu\/index.php?rest_route=\/wp\/v2\/product"}],"about":[{"href":"https:\/\/pongrac.hu\/index.php?rest_route=\/wp\/v2\/types\/product"}],"replies":[{"embeddable":true,"href":"https:\/\/pongrac.hu\/index.php?rest_route=%2Fwp%2Fv2%2Fcomments&post=2500"}],"wp:featuredmedia":[{"embeddable":true,"href":"https:\/\/pongrac.hu\/index.php?rest_route=\/wp\/v2\/media\/2404"}],"wp:attachment":[{"href":"https:\/\/pongrac.hu\/index.php?rest_route=%2Fwp%2Fv2%2Fmedia&parent=2500"}],"wp:term":[{"taxonomy":"product_brand","embeddable":true,"href":"https:\/\/pongrac.hu\/index.php?rest_route=%2Fwp%2Fv2%2Fproduct_brand&post=2500"},{"taxonomy":"product_cat","embeddable":true,"href":"https:\/\/pongrac.hu\/index.php?rest_route=%2Fwp%2Fv2%2Fproduct_cat&post=2500"},{"taxonomy":"product_tag","embeddable":true,"href":"https:\/\/pongrac.hu\/index.php?rest_route=%2Fwp%2Fv2%2Fproduct_tag&post=2500"}],"curies":[{"name":"wp","href":"https:\/\/api.w.org\/{rel}","templated":true}]}}