{"id":2499,"date":"2016-11-28T11:45:07","date_gmt":"2016-11-28T11:45:07","guid":{"rendered":"http:\/\/dev.pongrac.hu\/?post_type=product&#038;p=2499"},"modified":"2025-02-21T17:09:52","modified_gmt":"2025-02-21T16:09:52","slug":"szeretettel-beatriz","status":"publish","type":"product","link":"https:\/\/pongrac.hu\/?product=szeretettel-beatriz","title":{"rendered":"Szeretettel, Beatriz"},"content":{"rendered":"<p>A tizenn\u00e9gy \u00e9ves di\u00e1kl\u00e1ny t\u00f6rt\u00e9nete a megf\u00e9leml\u00edtett fiatalok vil\u00e1g\u00e1ba kalauzol. Beatriz egy soha v\u00e9get nem \u00e9r\u0151 r\u00e9m\u00e1lomk\u00e9nt \u00e9li a mindennapjait: h\u00e1rom iskolat\u00e1rsa zaklatja. A gyomorszor\u00edt\u00f3 p\u00e1nik, a f\u00e9lelem \u00e9s a megal\u00e1zotts\u00e1g sz\u0171nni nem akar\u00f3 \u00e9rz\u00e9se telepszik r\u00e1 m\u00e1r-m\u00e1r v\u00e9g\u00e9rv\u00e9nyesen, amikor elhat\u00e1rozza, hogy leveleket \u00edr az apj\u00e1nak, aki t\u00f6bb sz\u00e1z m\u00e9rf\u00f6ldre lakik t\u0151le, \u00e9s akit egy \u00e9ve nem l\u00e1tott. A legutols\u00f3 kiv\u00e9tel\u00e9vel azonban egyiket sem sem adja fel\u2026<\/p>\n<p>Meddig k\u00e9pes elmenni a h\u00e1rom gonoszkod\u00f3 l\u00e1ny? Van-e megold\u00e1s a mag\u00e1nyos szenved\u00e9sre, ahol a karny\u00fajt\u00e1snyira k\u00edn\u00e1lkoz\u00f3 seg\u00edts\u00e9g is f\u00e9ny\u00e9vnyi t\u00e1vols\u00e1gra van? Beatriznak v\u00e9g\u00fcl siker\u00fcl a lehetetlen: szemben\u00e9znie a kiz\u00f6kkent vil\u00e1ggal \u00e9s \u2013 ami a legfontosabb \u2013 \u00f6nmag\u00e1val.<\/p>\n","protected":false},"excerpt":{"rendered":"<p>A portug\u00e1l \u00edr\u00f3n\u0151 modern hangv\u00e9tel\u0171, mag\u00e1val ragad\u00f3 ifj\u00fas\u00e1gi reg\u00e9nye \u2013 a szorong\u00e1sainkr\u00f3l, a p\u00e1nikr\u00f3l \u00e9s arr\u00f3l, hogy mindig van ki\u00fat a legrem\u00e9nytelenebbnek t\u0171n\u0151 helyzetekb\u0151l is \u2013 m\u00e9lt\u00e1n n\u00e9pszer\u0171 a fiatalok k\u00f6r\u00e9ben.<\/p>\n","protected":false},"featured_media":2403,"comment_status":"closed","ping_status":"closed","template":"","meta":[],"product_brand":[],"product_cat":[466],"product_tag":[286,300,305,318,445],"class_list":{"0":"post-2499","1":"product","2":"type-product","3":"status-publish","4":"has-post-thumbnail","6":"authors-maria-teresa-maia-gonzalez","7":"publisher-pongrac-kiado","8":"product_cat-uncategorized","9":"product_tag-felelem","10":"product_tag-kamaszkor","11":"product_tag-onmagad","12":"product_tag-suli","13":"product_tag-zaklatas","15":"first","16":"outofstock","17":"shipping-taxable","18":"purchasable","19":"product-type-simple"},"_links":{"self":[{"href":"https:\/\/pongrac.hu\/index.php?rest_route=\/wp\/v2\/product\/2499","targetHints":{"allow":["GET"]}}],"collection":[{"href":"https:\/\/pongrac.hu\/index.php?rest_route=\/wp\/v2\/product"}],"about":[{"href":"https:\/\/pongrac.hu\/index.php?rest_route=\/wp\/v2\/types\/product"}],"replies":[{"embeddable":true,"href":"https:\/\/pongrac.hu\/index.php?rest_route=%2Fwp%2Fv2%2Fcomments&post=2499"}],"wp:featuredmedia":[{"embeddable":true,"href":"https:\/\/pongrac.hu\/index.php?rest_route=\/wp\/v2\/media\/2403"}],"wp:attachment":[{"href":"https:\/\/pongrac.hu\/index.php?rest_route=%2Fwp%2Fv2%2Fmedia&parent=2499"}],"wp:term":[{"taxonomy":"product_brand","embeddable":true,"href":"https:\/\/pongrac.hu\/index.php?rest_route=%2Fwp%2Fv2%2Fproduct_brand&post=2499"},{"taxonomy":"product_cat","embeddable":true,"href":"https:\/\/pongrac.hu\/index.php?rest_route=%2Fwp%2Fv2%2Fproduct_cat&post=2499"},{"taxonomy":"product_tag","embeddable":true,"href":"https:\/\/pongrac.hu\/index.php?rest_route=%2Fwp%2Fv2%2Fproduct_tag&post=2499"}],"curies":[{"name":"wp","href":"https:\/\/api.w.org\/{rel}","templated":true}]}}