{"id":2498,"date":"2009-01-01T08:00:26","date_gmt":"2009-01-01T08:00:26","guid":{"rendered":"http:\/\/dev.pongrac.hu\/?post_type=product&#038;p=2498"},"modified":"2017-12-13T10:07:23","modified_gmt":"2017-12-13T09:07:23","slug":"holdhercegno","status":"publish","type":"product","link":"https:\/\/pongrac.hu\/?product=holdhercegno","title":{"rendered":"Holdhercegn\u0151"},"content":{"rendered":"<p>Maria Merryweather idegenk\u00e9nt ker\u00fcl Holdf\u00f6ld\u00e9re, \u00e1m a Holdhercegn\u0151 \u00e9s csod\u00e1latos feh\u00e9r lov\u00e1nak legend\u00e1ja hamar elvar\u00e1zsolja. Elhat\u00e1rozza, hogy vissza\u00e1ll\u00edtja a v\u00f6lgy b\u00e9k\u00e9j\u00e9t \u00e9s boldogs\u00e1g\u00e1t. m\u00e1rpedig ha \u0151 valamit elhat\u00e1roz&#8230;<\/p>\n","protected":false},"excerpt":{"rendered":"<p><em>\u201eEgy r\u00f6pke pillanatig Maria \u00fagy gondolta, egy kis feh\u00e9r lovat l\u00e1tott, lobog\u00f3 s\u00f6r\u00e9nnyel \u00e9s farokkal, b\u00fcszk\u00e9n magasra emelt fejjel, amely mintha megtorpant volna r\u00f6pt\u00e9ben, mikor megpillantotta \u0151t.\u201d<\/em><\/p>\n","protected":false},"featured_media":2508,"comment_status":"closed","ping_status":"closed","template":"","meta":[],"product_brand":[],"product_cat":[466],"product_tag":[],"class_list":{"0":"post-2498","1":"product","2":"type-product","3":"status-publish","4":"has-post-thumbnail","6":"authors-elizabeth-goudge","7":"publisher-pongrac-kiado","8":"product_cat-uncategorized","10":"first","11":"outofstock","12":"shipping-taxable","13":"purchasable","14":"product-type-simple"},"_links":{"self":[{"href":"https:\/\/pongrac.hu\/index.php?rest_route=\/wp\/v2\/product\/2498","targetHints":{"allow":["GET"]}}],"collection":[{"href":"https:\/\/pongrac.hu\/index.php?rest_route=\/wp\/v2\/product"}],"about":[{"href":"https:\/\/pongrac.hu\/index.php?rest_route=\/wp\/v2\/types\/product"}],"replies":[{"embeddable":true,"href":"https:\/\/pongrac.hu\/index.php?rest_route=%2Fwp%2Fv2%2Fcomments&post=2498"}],"wp:featuredmedia":[{"embeddable":true,"href":"https:\/\/pongrac.hu\/index.php?rest_route=\/wp\/v2\/media\/2508"}],"wp:attachment":[{"href":"https:\/\/pongrac.hu\/index.php?rest_route=%2Fwp%2Fv2%2Fmedia&parent=2498"}],"wp:term":[{"taxonomy":"product_brand","embeddable":true,"href":"https:\/\/pongrac.hu\/index.php?rest_route=%2Fwp%2Fv2%2Fproduct_brand&post=2498"},{"taxonomy":"product_cat","embeddable":true,"href":"https:\/\/pongrac.hu\/index.php?rest_route=%2Fwp%2Fv2%2Fproduct_cat&post=2498"},{"taxonomy":"product_tag","embeddable":true,"href":"https:\/\/pongrac.hu\/index.php?rest_route=%2Fwp%2Fv2%2Fproduct_tag&post=2498"}],"curies":[{"name":"wp","href":"https:\/\/api.w.org\/{rel}","templated":true}]}}