{"id":2497,"date":"2014-07-01T08:00:34","date_gmt":"2014-07-01T08:00:34","guid":{"rendered":"http:\/\/dev.pongrac.hu\/?post_type=product&#038;p=2497"},"modified":"2025-02-21T17:11:57","modified_gmt":"2025-02-21T16:11:57","slug":"szellemlany-vagyakozas","status":"publish","type":"product","link":"https:\/\/pongrac.hu\/?product=szellemlany-vagyakozas","title":{"rendered":"Szelleml\u00e1ny \u2013 V\u00e1gyakoz\u00e1s"},"content":{"rendered":"<p>Miel\u0151tt b\u00e9k\u00e9ben nyugodhatna, Charlotte Usher k\u00e9nytelen visszat\u00e9rni tragikus hal\u00e1l\u00e1nak sz\u00ednhely\u00e9re: a gimn\u00e1ziumba. M\u00e9g mindig h\u00e1travan egy utols\u00f3 feladat, amit teljes\u00edtenie kell, de arr\u00f3l senki sem sz\u00f3lt, mi a teend\u0151, ha beleszeret a h\u00e1zi feladat t\u00e1rgy\u00e1ba.<\/p>\n<p>Charlotte (ism\u00e9t) hal\u00e1losan szerelmes lesz. A t\u00falvil\u00e1gra v\u00e1ltott jeggyel a kez\u00e9ben szembe kell n\u00e9znie a m\u00e1r ismer\u0151s rettegett \u00e9rz\u00e9ssel, hogy ism\u00e9t l\u00e1thatatlann\u00e1 v\u00e1ljon, de tal\u00e1n m\u00e1r t\u00fal k\u00e9s\u0151 ellen\u00e1llni\u2026<\/p>\n","protected":false},"excerpt":{"rendered":"<p>A <em>Szelleml\u00e1ny<\/em> \u00e9s a <em>Szelleml\u00e1ny \u2013 Hazat\u00e9r\u00e9s<\/em> befejez\u0151 epiz\u00f3dj\u00e1ban kider\u00fcl, mi v\u00e1r Charlotte-ra, ha egy t\u00falvil\u00e1gi fi\u00faval esik szerelembe.<\/p>\n","protected":false},"featured_media":2401,"comment_status":"closed","ping_status":"closed","template":"","meta":[],"product_brand":[],"product_cat":[466],"product_tag":[294,271,305,318,374,312],"class_list":{"0":"post-2497","1":"product","2":"type-product","3":"status-publish","4":"has-post-thumbnail","6":"authors-craig-phillips","7":"authors-tonya-hurley","8":"publisher-pongrac-kiado","9":"product_cat-uncategorized","10":"product_tag-baratsag","11":"product_tag-kaland","12":"product_tag-onmagad","13":"product_tag-suli","14":"product_tag-szellem","15":"product_tag-szerelem","17":"first","18":"outofstock","19":"shipping-taxable","20":"purchasable","21":"product-type-simple"},"_links":{"self":[{"href":"https:\/\/pongrac.hu\/index.php?rest_route=\/wp\/v2\/product\/2497","targetHints":{"allow":["GET"]}}],"collection":[{"href":"https:\/\/pongrac.hu\/index.php?rest_route=\/wp\/v2\/product"}],"about":[{"href":"https:\/\/pongrac.hu\/index.php?rest_route=\/wp\/v2\/types\/product"}],"replies":[{"embeddable":true,"href":"https:\/\/pongrac.hu\/index.php?rest_route=%2Fwp%2Fv2%2Fcomments&post=2497"}],"wp:featuredmedia":[{"embeddable":true,"href":"https:\/\/pongrac.hu\/index.php?rest_route=\/wp\/v2\/media\/2401"}],"wp:attachment":[{"href":"https:\/\/pongrac.hu\/index.php?rest_route=%2Fwp%2Fv2%2Fmedia&parent=2497"}],"wp:term":[{"taxonomy":"product_brand","embeddable":true,"href":"https:\/\/pongrac.hu\/index.php?rest_route=%2Fwp%2Fv2%2Fproduct_brand&post=2497"},{"taxonomy":"product_cat","embeddable":true,"href":"https:\/\/pongrac.hu\/index.php?rest_route=%2Fwp%2Fv2%2Fproduct_cat&post=2497"},{"taxonomy":"product_tag","embeddable":true,"href":"https:\/\/pongrac.hu\/index.php?rest_route=%2Fwp%2Fv2%2Fproduct_tag&post=2497"}],"curies":[{"name":"wp","href":"https:\/\/api.w.org\/{rel}","templated":true}]}}