{"id":2496,"date":"2010-09-01T08:00:03","date_gmt":"2010-09-01T08:00:03","guid":{"rendered":"http:\/\/dev.pongrac.hu\/?post_type=product&#038;p=2496"},"modified":"2025-02-21T17:17:22","modified_gmt":"2025-02-21T16:17:22","slug":"szellemlany-hazateres","status":"publish","type":"product","link":"https:\/\/pongrac.hu\/?product=szellemlany-hazateres","title":{"rendered":"Szelleml\u00e1ny \u2013 Hazat\u00e9r\u00e9s"},"content":{"rendered":"<p>Charlotte Usher, a Szelleml\u00e1ny akkor \u00e9bred r\u00e1, hogy a hal\u00e1l ut\u00e1ni \u00e9let nem eg\u00e9szen olyan, amilyennek v\u00e1rta, amikor a mennyorsz\u00e1g helyett a lelkiismeret hangjak\u00e9nt egy telefonos seg\u00e9lyszolg\u00e1latn\u00e1l kell \u00fcgyeletet ell\u00e1tnia. \u00c1m hirtelen nagy sz\u00fcks\u00e9g lesz a seg\u00edts\u00e9g\u00e9re, amikor a Hawthorne Gimn\u00e1zium kedvelt-gy\u0171l\u00f6lt szurkol\u00f3l\u00e1nya, Petula, \u00e9s goth h\u00faga, Scarlet, f\u00e9l l\u00e1bbal a t\u00falvil\u00e1gon tal\u00e1lj\u00e1k magukat. Charlotte seg\u00edts\u00e9ge ak\u00e1r az \u00e9let\u00fckbe \u2013 vagy a hal\u00e1lukba \u2013 is ker\u00fclhet\u2026<\/p>\n","protected":false},"excerpt":{"rendered":"<p>Charlotte Usher, a Szelleml\u00e1ny akkor \u00e9bred r\u00e1, hogy a hal\u00e1l ut\u00e1ni \u00e9let nem eg\u00e9szen olyan, amilyennek v\u00e1rta, amikor a mennyorsz\u00e1g helyett a lelkiismeret hangjak\u00e9nt egy telefonos seg\u00e9lyszolg\u00e1latn\u00e1l kell \u00fcgyeletet ell\u00e1tnia. \u00c1m hirtelen nagy sz\u00fcks\u00e9g lesz a seg\u00edts\u00e9g\u00e9re, amikor a Hawthorne Gimn\u00e1zium kedvelt-gy\u0171l\u00f6lt szurkol\u00f3l\u00e1nya, Petula, \u00e9s goth h\u00faga, Scarlet, f\u00e9l l\u00e1bbal a t\u00falvil\u00e1gon tal\u00e1lj\u00e1k magukat. Charlotte [&hellip;]<\/p>\n","protected":false},"featured_media":2402,"comment_status":"closed","ping_status":"closed","template":"","meta":[],"product_brand":[],"product_cat":[466],"product_tag":[294,286,300,288,305,301,318,374,312],"class_list":{"0":"post-2496","1":"product","2":"type-product","3":"status-publish","4":"has-post-thumbnail","6":"authors-tonya-hurley","7":"publisher-pongrac-kiado","8":"product_cat-uncategorized","9":"product_tag-baratsag","10":"product_tag-felelem","11":"product_tag-kamaszkor","12":"product_tag-kepzelet","13":"product_tag-onmagad","14":"product_tag-pszichokaland","15":"product_tag-suli","16":"product_tag-szellem","17":"product_tag-szerelem","19":"first","20":"outofstock","21":"shipping-taxable","22":"purchasable","23":"product-type-simple"},"_links":{"self":[{"href":"https:\/\/pongrac.hu\/index.php?rest_route=\/wp\/v2\/product\/2496","targetHints":{"allow":["GET"]}}],"collection":[{"href":"https:\/\/pongrac.hu\/index.php?rest_route=\/wp\/v2\/product"}],"about":[{"href":"https:\/\/pongrac.hu\/index.php?rest_route=\/wp\/v2\/types\/product"}],"replies":[{"embeddable":true,"href":"https:\/\/pongrac.hu\/index.php?rest_route=%2Fwp%2Fv2%2Fcomments&post=2496"}],"wp:featuredmedia":[{"embeddable":true,"href":"https:\/\/pongrac.hu\/index.php?rest_route=\/wp\/v2\/media\/2402"}],"wp:attachment":[{"href":"https:\/\/pongrac.hu\/index.php?rest_route=%2Fwp%2Fv2%2Fmedia&parent=2496"}],"wp:term":[{"taxonomy":"product_brand","embeddable":true,"href":"https:\/\/pongrac.hu\/index.php?rest_route=%2Fwp%2Fv2%2Fproduct_brand&post=2496"},{"taxonomy":"product_cat","embeddable":true,"href":"https:\/\/pongrac.hu\/index.php?rest_route=%2Fwp%2Fv2%2Fproduct_cat&post=2496"},{"taxonomy":"product_tag","embeddable":true,"href":"https:\/\/pongrac.hu\/index.php?rest_route=%2Fwp%2Fv2%2Fproduct_tag&post=2496"}],"curies":[{"name":"wp","href":"https:\/\/api.w.org\/{rel}","templated":true}]}}