{"id":2495,"date":"2010-08-01T08:00:32","date_gmt":"2010-08-01T08:00:32","guid":{"rendered":"http:\/\/dev.pongrac.hu\/?post_type=product&#038;p=2495"},"modified":"2018-11-20T08:56:55","modified_gmt":"2018-11-20T07:56:55","slug":"szellemlany","status":"publish","type":"product","link":"https:\/\/pongrac.hu\/?product=szellemlany","title":{"rendered":"Szelleml\u00e1ny"},"content":{"rendered":"<p>N\u00e9ha a k\u00f6z\u00e9piskola val\u00f3ban \u00e9let-hal\u00e1l k\u00e9rd\u00e9se. Charlotte Usher gyakorlatilag l\u00e1thatatlannak \u00e9rzi mag\u00e1t az iskol\u00e1ban\u00a0\u2013 \u00a0\u00e9s egy nap val\u00f3ban azz\u00e1 is v\u00e1lik. Nemcsak l\u00e1thatatlann\u00e1, de halott\u00e1 is. \u00c9s mindez egy sr\u00e1c \u00e9s egy gumimaci miatt&#8230;<\/p>\n","protected":false},"excerpt":{"rendered":"<p>Ebben a kiss\u00e9 g\u00fanyos, n\u00e9hol m\u00e9gis sz\u00edvszorongat\u00f3 t\u00f6rt\u00e9netben <em>Tonya Hurley <\/em>felt\u00e1rja el\u0151tt\u00fcnk a l\u00e1thatatlans\u00e1got, amit n\u00e9ha mindannyian \u00e9rz\u00fcnk. vajon meddig vagyunk k\u00e9pesek elmenni az\u00e9rt, hogy v\u00e9gre \u00e9szrevegyenek benn\u00fcnket?<\/p>\n","protected":false},"featured_media":2507,"comment_status":"closed","ping_status":"closed","template":"","meta":[],"product_brand":[],"product_cat":[466],"product_tag":[294,286,300,288,305,301,318,374],"class_list":{"0":"post-2495","1":"product","2":"type-product","3":"status-publish","4":"has-post-thumbnail","6":"authors-tonya-hurley","7":"publisher-pongrac-kiado","8":"product_cat-uncategorized","9":"product_tag-baratsag","10":"product_tag-felelem","11":"product_tag-kamaszkor","12":"product_tag-kepzelet","13":"product_tag-onmagad","14":"product_tag-pszichokaland","15":"product_tag-suli","16":"product_tag-szellem","18":"first","19":"outofstock","20":"shipping-taxable","21":"purchasable","22":"product-type-simple"},"_links":{"self":[{"href":"https:\/\/pongrac.hu\/index.php?rest_route=\/wp\/v2\/product\/2495","targetHints":{"allow":["GET"]}}],"collection":[{"href":"https:\/\/pongrac.hu\/index.php?rest_route=\/wp\/v2\/product"}],"about":[{"href":"https:\/\/pongrac.hu\/index.php?rest_route=\/wp\/v2\/types\/product"}],"replies":[{"embeddable":true,"href":"https:\/\/pongrac.hu\/index.php?rest_route=%2Fwp%2Fv2%2Fcomments&post=2495"}],"wp:featuredmedia":[{"embeddable":true,"href":"https:\/\/pongrac.hu\/index.php?rest_route=\/wp\/v2\/media\/2507"}],"wp:attachment":[{"href":"https:\/\/pongrac.hu\/index.php?rest_route=%2Fwp%2Fv2%2Fmedia&parent=2495"}],"wp:term":[{"taxonomy":"product_brand","embeddable":true,"href":"https:\/\/pongrac.hu\/index.php?rest_route=%2Fwp%2Fv2%2Fproduct_brand&post=2495"},{"taxonomy":"product_cat","embeddable":true,"href":"https:\/\/pongrac.hu\/index.php?rest_route=%2Fwp%2Fv2%2Fproduct_cat&post=2495"},{"taxonomy":"product_tag","embeddable":true,"href":"https:\/\/pongrac.hu\/index.php?rest_route=%2Fwp%2Fv2%2Fproduct_tag&post=2495"}],"curies":[{"name":"wp","href":"https:\/\/api.w.org\/{rel}","templated":true}]}}