{"id":2494,"date":"2011-07-01T08:00:55","date_gmt":"2011-07-01T08:00:55","guid":{"rendered":"http:\/\/dev.pongrac.hu\/?post_type=product&#038;p=2494"},"modified":"2025-02-21T17:15:35","modified_gmt":"2025-02-21T16:15:35","slug":"2494","status":"publish","type":"product","link":"https:\/\/pongrac.hu\/?product=2494","title":{"rendered":"Sosem l\u00e1tott vil\u00e1g"},"content":{"rendered":"<p>Otis hamar r\u00e1j\u00f6n, hogy egy \u0151r\u00fclt karmai k\u00f6z\u00e9 ker\u00fclt. M\u00e9ghozz\u00e1 egy \u0151r\u00fclt \u00f3ri\u00e1s karmai k\u00f6z\u00e9!<\/p>\n<p>De val\u00f3ban minden az, aminek l\u00e1tszik?<\/p>\n<p>A fi\u00fa szerencs\u00e9re nincs egyed\u00fcl \u2013 Olivia r\u00e1tal\u00e1l, \u00e9s egy\u00fctt bukkannak Dzsalira, a perzs\u00e1ra, aki \u2013 \u00fagy l\u00e1tszik \u2013 tud egyet s m\u00e1st err\u0151l a titokzatos, sosem l\u00e1tott vil\u00e1gr\u00f3l. H\u00e1rmasban felkerekednek, hogy kiutat tal\u00e1ljanak\u2026<\/p>\n<p>Isabel Abedi sikerk\u00f6nyve v\u00e9gre magyarul is olvashat\u00f3.<\/p>\n","protected":false},"excerpt":{"rendered":"<p>Hov\u00e1 ker\u00fclt Otis? Milyen f\u00e9lelmetes vil\u00e1gba? Milyen f\u00f6ld alatti t\u00f6ml\u00f6c lehet az, amelyik el\u00e9g nagy ahhoz, hogy hatalmas asztalokon ellopott \u00e9p\u00edtm\u00e9nyeknek adjon helyet?<\/p>\n","protected":false},"featured_media":2400,"comment_status":"closed","ping_status":"closed","template":"","meta":[],"product_brand":[],"product_cat":[466],"product_tag":[294,421,361,307,286,271,300,285,422,328,303,318,289,297],"class_list":{"0":"post-2494","1":"product","2":"type-product","3":"status-publish","4":"has-post-thumbnail","6":"authors-isabel-abedi","7":"publisher-pongrac-kiado","8":"product_cat-uncategorized","9":"product_tag-baratsag","10":"product_tag-berlin","11":"product_tag-budapest","12":"product_tag-fantasy","13":"product_tag-felelem","14":"product_tag-kaland","15":"product_tag-kamaszkor","16":"product_tag-krimi","17":"product_tag-megia","18":"product_tag-new-york","19":"product_tag-nyomozas","20":"product_tag-suli","21":"product_tag-tel","22":"product_tag-utazas","24":"first","25":"outofstock","26":"shipping-taxable","27":"purchasable","28":"product-type-simple"},"_links":{"self":[{"href":"https:\/\/pongrac.hu\/index.php?rest_route=\/wp\/v2\/product\/2494","targetHints":{"allow":["GET"]}}],"collection":[{"href":"https:\/\/pongrac.hu\/index.php?rest_route=\/wp\/v2\/product"}],"about":[{"href":"https:\/\/pongrac.hu\/index.php?rest_route=\/wp\/v2\/types\/product"}],"replies":[{"embeddable":true,"href":"https:\/\/pongrac.hu\/index.php?rest_route=%2Fwp%2Fv2%2Fcomments&post=2494"}],"wp:featuredmedia":[{"embeddable":true,"href":"https:\/\/pongrac.hu\/index.php?rest_route=\/wp\/v2\/media\/2400"}],"wp:attachment":[{"href":"https:\/\/pongrac.hu\/index.php?rest_route=%2Fwp%2Fv2%2Fmedia&parent=2494"}],"wp:term":[{"taxonomy":"product_brand","embeddable":true,"href":"https:\/\/pongrac.hu\/index.php?rest_route=%2Fwp%2Fv2%2Fproduct_brand&post=2494"},{"taxonomy":"product_cat","embeddable":true,"href":"https:\/\/pongrac.hu\/index.php?rest_route=%2Fwp%2Fv2%2Fproduct_cat&post=2494"},{"taxonomy":"product_tag","embeddable":true,"href":"https:\/\/pongrac.hu\/index.php?rest_route=%2Fwp%2Fv2%2Fproduct_tag&post=2494"}],"curies":[{"name":"wp","href":"https:\/\/api.w.org\/{rel}","templated":true}]}}