{"id":2491,"date":"2014-04-07T08:00:12","date_gmt":"2014-04-07T08:00:12","guid":{"rendered":"http:\/\/dev.pongrac.hu\/?post_type=product&#038;p=2491"},"modified":"2025-02-21T17:12:37","modified_gmt":"2025-02-21T16:12:37","slug":"sapphique","status":"publish","type":"product","link":"https:\/\/pongrac.hu\/?product=sapphique","title":{"rendered":"Sapphique"},"content":{"rendered":"<p>Finn megsz\u00f6k\u00f6tt Incarceronb\u00f3l, a sz\u00f6rny\u0171 \u00e9l\u0151 B\u00f6rt\u00f6nb\u0151l, \u00e1m k\u00ednozz\u00e1k az eml\u00e9kek: testv\u00e9re, Keiro m\u00e9g mindig fogoly.<\/p>\n<p>Claudia ragaszkodik hozz\u00e1, hogy Finn kir\u00e1ly legyen, a fi\u00fa azonban a saj\u00e1t identit\u00e1s\u00e1ban is k\u00e9telkedik.<\/p>\n<p>\u00c9s vajon Rix, az \u0151r\u00fclt m\u00e1gus t\u00e9nyleg Sapphique keszty\u0171j\u00e9t tal\u00e1lta meg, az egyetlen ember\u00e9t, akit a B\u00f6rt\u00f6n valaha is szeretett? Ha pedig Keiro ellopja, azzal vajon elpuszt\u00edtja a vil\u00e1got?<\/p>\n","protected":false},"excerpt":{"rendered":"<p>Az egyik\u00fck Bent van, a m\u00e1sik Odakint. Mindketten a szabads\u00e1got \u00e1h\u00edtj\u00e1k.<\/p>\n<p>Ahogy Sapphique\u2026<\/p>\n","protected":false},"featured_media":2398,"comment_status":"closed","ping_status":"closed","template":"","meta":[],"product_brand":[],"product_cat":[466],"product_tag":[294,380,286,271,285],"class_list":{"0":"post-2491","1":"product","2":"type-product","3":"status-publish","4":"has-post-thumbnail","6":"authors-catherine-fisher","7":"authors-iacopo-bruno","8":"publisher-pongrac-kiado","9":"product_cat-uncategorized","10":"product_tag-baratsag","11":"product_tag-borton","12":"product_tag-felelem","13":"product_tag-kaland","14":"product_tag-krimi","16":"first","17":"outofstock","18":"shipping-taxable","19":"purchasable","20":"product-type-simple"},"_links":{"self":[{"href":"https:\/\/pongrac.hu\/index.php?rest_route=\/wp\/v2\/product\/2491","targetHints":{"allow":["GET"]}}],"collection":[{"href":"https:\/\/pongrac.hu\/index.php?rest_route=\/wp\/v2\/product"}],"about":[{"href":"https:\/\/pongrac.hu\/index.php?rest_route=\/wp\/v2\/types\/product"}],"replies":[{"embeddable":true,"href":"https:\/\/pongrac.hu\/index.php?rest_route=%2Fwp%2Fv2%2Fcomments&post=2491"}],"wp:featuredmedia":[{"embeddable":true,"href":"https:\/\/pongrac.hu\/index.php?rest_route=\/wp\/v2\/media\/2398"}],"wp:attachment":[{"href":"https:\/\/pongrac.hu\/index.php?rest_route=%2Fwp%2Fv2%2Fmedia&parent=2491"}],"wp:term":[{"taxonomy":"product_brand","embeddable":true,"href":"https:\/\/pongrac.hu\/index.php?rest_route=%2Fwp%2Fv2%2Fproduct_brand&post=2491"},{"taxonomy":"product_cat","embeddable":true,"href":"https:\/\/pongrac.hu\/index.php?rest_route=%2Fwp%2Fv2%2Fproduct_cat&post=2491"},{"taxonomy":"product_tag","embeddable":true,"href":"https:\/\/pongrac.hu\/index.php?rest_route=%2Fwp%2Fv2%2Fproduct_tag&post=2491"}],"curies":[{"name":"wp","href":"https:\/\/api.w.org\/{rel}","templated":true}]}}