{"id":2489,"date":"2010-05-01T08:00:39","date_gmt":"2010-05-01T08:00:39","guid":{"rendered":"http:\/\/dev.pongrac.hu\/?post_type=product&#038;p=2489"},"modified":"2025-02-21T17:17:58","modified_gmt":"2025-02-21T16:17:58","slug":"remalom-a-vonaton","status":"publish","type":"product","link":"https:\/\/pongrac.hu\/?product=remalom-a-vonaton","title":{"rendered":"R\u00e9m\u00e1lom a vonaton"},"content":{"rendered":"<p>Kyle sok mindent\u0151l f\u00e9l, f\u0151leg a hal\u00e1lt\u00f3l. De amikor felsz\u00e1ll a vonatra, amelyik az oszt\u00e1lyt\u00e1rsaival egy\u00fctt kir\u00e1ndul\u00e1sra viszi \u0151t, elk\u00e9pzelni sem tudja, milyen k\u00f6zel is ker\u00fclt hozz\u00e1. A Hal\u00e1l felsz\u00e1ll a vonatra, Kyle pedig hagyja vezetni mag\u00e1t, mik\u00f6zben \u00e9let-hal\u00e1l helyzetben lebeg\u0151 oszt\u00e1lyt\u00e1rsai k\u00f6r\u00fcl meg\u00e1ll az id\u0151. Kyle r\u00e1d\u00f6bben, hogy megtekintheti bar\u00e1tai legm\u00e9lyebb, legs\u00f6t\u00e9tebb f\u00e9lelmeit \u2013 olyan dolgokat, amelyek m\u00e1r megt\u00f6rt\u00e9ntek vel\u00fck, vagy m\u00e9g megt\u00f6rt\u00e9nhetnek. M\u00e1skor bizarr r\u00e9m\u00e1lmaikat l\u00e1tja. Kyle r\u00e1d\u00f6bben, hogy nem \u0151 az egyetlen, aki eltitkolja a f\u00e9lelmeit, \u00e9s v\u00e9gre \u00e9g a v\u00e1gyt\u00f3l, hogy \u00e9lhessen, f\u00e9lelem n\u00e9lk\u00fcl l\u00e9tezhessen. De vajon a Hal\u00e1l elengedi-e \u0151t?<\/p>\n","protected":false},"excerpt":{"rendered":"<p>Egy vonatoz\u00e1ssal kezd\u0151dik.\u00a0De a v\u00e9ge horrorba torkollik \u2013 \u00e9let-hal\u00e1l hat\u00e1r\u00e1n lebegnek.\u00a0Ebben a pillanatban d\u00f6bben r\u00e1 Kyle, hogy nem \u0151 az egyetlen az oszt\u00e1lyban, aki ismeri a f\u00e9lelmet.\u00a0Nem \u0151 az egyetlen, akinek r\u00e9m\u00e1lmai vannak.\u00a0Most, hogy a Hal\u00e1l belengi a vonatot, a r\u00e9m\u00e1lmok val\u00f3ra v\u00e1lnak.\u00a0R\u00e9m\u00e1lmok h\u00e1bor\u00fakr\u00f3l, vegyi fegyverekkel t\u00f6nkretett vil\u00e1gr\u00f3l, apr\u00e1nk\u00e9nt ellopott testr\u0151l, sz\u00f6rny\u0171 tettekr\u0151l \u00e9s l\u00e9nyekr\u0151l, f\u00e9lt\u00e9kenys\u00e9gr\u0151l, \u0151r\u00fcletr\u0151l.<\/p>\n<p>Vajon siker\u00fcl-e Kyle-nak szemben\u00e9zni legnagyobb f\u00e9lelm\u00e9vel?<\/p>\n<p>Lend\u00fcletes, f\u00e9lelmetes, n\u00e9ha elborzaszt\u00f3.<\/p>\n","protected":false},"featured_media":2396,"comment_status":"closed","ping_status":"closed","template":"","meta":[],"product_brand":[],"product_cat":[466],"product_tag":[336,294,307,286,287,300,288,285,305,301,290,318,374,297],"class_list":{"0":"post-2489","1":"product","2":"type-product","3":"status-publish","4":"has-post-thumbnail","6":"authors-malorie-blackman","7":"publisher-pongrac-kiado","8":"product_cat-uncategorized","9":"product_tag-anglia","10":"product_tag-baratsag","11":"product_tag-fantasy","12":"product_tag-felelem","13":"product_tag-gyilkossag","14":"product_tag-kamaszkor","15":"product_tag-kepzelet","16":"product_tag-krimi","17":"product_tag-onmagad","18":"product_tag-pszichokaland","19":"product_tag-remseg","20":"product_tag-suli","21":"product_tag-szellem","22":"product_tag-utazas","24":"first","25":"outofstock","26":"shipping-taxable","27":"purchasable","28":"product-type-simple"},"_links":{"self":[{"href":"https:\/\/pongrac.hu\/index.php?rest_route=\/wp\/v2\/product\/2489","targetHints":{"allow":["GET"]}}],"collection":[{"href":"https:\/\/pongrac.hu\/index.php?rest_route=\/wp\/v2\/product"}],"about":[{"href":"https:\/\/pongrac.hu\/index.php?rest_route=\/wp\/v2\/types\/product"}],"replies":[{"embeddable":true,"href":"https:\/\/pongrac.hu\/index.php?rest_route=%2Fwp%2Fv2%2Fcomments&post=2489"}],"wp:featuredmedia":[{"embeddable":true,"href":"https:\/\/pongrac.hu\/index.php?rest_route=\/wp\/v2\/media\/2396"}],"wp:attachment":[{"href":"https:\/\/pongrac.hu\/index.php?rest_route=%2Fwp%2Fv2%2Fmedia&parent=2489"}],"wp:term":[{"taxonomy":"product_brand","embeddable":true,"href":"https:\/\/pongrac.hu\/index.php?rest_route=%2Fwp%2Fv2%2Fproduct_brand&post=2489"},{"taxonomy":"product_cat","embeddable":true,"href":"https:\/\/pongrac.hu\/index.php?rest_route=%2Fwp%2Fv2%2Fproduct_cat&post=2489"},{"taxonomy":"product_tag","embeddable":true,"href":"https:\/\/pongrac.hu\/index.php?rest_route=%2Fwp%2Fv2%2Fproduct_tag&post=2489"}],"curies":[{"name":"wp","href":"https:\/\/api.w.org\/{rel}","templated":true}]}}