{"id":2486,"date":"2009-05-01T08:00:45","date_gmt":"2009-05-01T08:00:45","guid":{"rendered":"http:\/\/dev.pongrac.hu\/?post_type=product&#038;p=2486"},"modified":"2025-02-21T17:18:54","modified_gmt":"2025-02-21T16:18:54","slug":"pubersrac","status":"publish","type":"product","link":"https:\/\/pongrac.hu\/?product=pubersrac","title":{"rendered":"Pubersr\u00e1c"},"content":{"rendered":"<p>SZIGOR\u00daAN BIZALMAS<\/p>\n<p>Hallott\u00e1l m\u00e1r a Pubersr\u00e1c-szindr\u00f3m\u00e1r\u00f3l? Nem? Pedig a t\u00fcnetei ismer\u0151sek lehetnek: sz\u0151r lepi el a testedet, pattan\u00e1sok az arcodat, kr\u00f3nikus \u00e1lmatlans\u00e1gban szenvedsz, n\u00e9ha kezelhetetlenn\u00e9 \u00e9s kib\u00edrhatatlann\u00e1 v\u00e1lsz, a suliban gyakran d\u00fchrohamok t\u00f6rnek r\u00e1d (egy\u00e9bk\u00e9nt nem csak ott!), hanyagolod a feladataidat, r\u00e1ad\u00e1sul folyton szerelmi \u00fcgyekbe bonyol\u00f3dsz\u2026<\/p>\n<p>Ja, hogy m\u00e1r el is kaptad??<\/p>\n<p>Akkor rajtad m\u00e1r csak a <em>Pubersr\u00e1c<\/em> seg\u00edthet!<\/p>\n","protected":false},"excerpt":{"rendered":"<p>SZIGOR\u00daAN BIZALMAS Hallott\u00e1l m\u00e1r a Pubersr\u00e1c-szindr\u00f3m\u00e1r\u00f3l? Nem? Pedig a t\u00fcnetei ismer\u0151sek lehetnek: sz\u0151r lepi el a testedet, pattan\u00e1sok az arcodat, kr\u00f3nikus \u00e1lmatlans\u00e1gban szenvedsz, n\u00e9ha kezelhetetlenn\u00e9 \u00e9s kib\u00edrhatatlann\u00e1 v\u00e1lsz, a suliban gyakran d\u00fchrohamok t\u00f6rnek r\u00e1d (egy\u00e9bk\u00e9nt nem csak ott!), hanyagolod a feladataidat, r\u00e1ad\u00e1sul folyton szerelmi \u00fcgyekbe bonyol\u00f3dsz\u2026 Ja, hogy m\u00e1r el is kaptad?? Akkor rajtad m\u00e1r [&hellip;]<\/p>\n","protected":false},"featured_media":2393,"comment_status":"closed","ping_status":"closed","template":"","meta":[],"product_brand":[],"product_cat":[466],"product_tag":[300,319,305,301,312],"class_list":{"0":"post-2486","1":"product","2":"type-product","3":"status-publish","4":"has-post-thumbnail","6":"authors-kent-jennie","7":"authors-villegas-maria","8":"publisher-pongrac-kiado","9":"product_cat-uncategorized","10":"product_tag-kamaszkor","11":"product_tag-kepregeny","12":"product_tag-onmagad","13":"product_tag-pszichokaland","14":"product_tag-szerelem","16":"first","17":"outofstock","18":"shipping-taxable","19":"purchasable","20":"product-type-simple"},"_links":{"self":[{"href":"https:\/\/pongrac.hu\/index.php?rest_route=\/wp\/v2\/product\/2486","targetHints":{"allow":["GET"]}}],"collection":[{"href":"https:\/\/pongrac.hu\/index.php?rest_route=\/wp\/v2\/product"}],"about":[{"href":"https:\/\/pongrac.hu\/index.php?rest_route=\/wp\/v2\/types\/product"}],"replies":[{"embeddable":true,"href":"https:\/\/pongrac.hu\/index.php?rest_route=%2Fwp%2Fv2%2Fcomments&post=2486"}],"wp:featuredmedia":[{"embeddable":true,"href":"https:\/\/pongrac.hu\/index.php?rest_route=\/wp\/v2\/media\/2393"}],"wp:attachment":[{"href":"https:\/\/pongrac.hu\/index.php?rest_route=%2Fwp%2Fv2%2Fmedia&parent=2486"}],"wp:term":[{"taxonomy":"product_brand","embeddable":true,"href":"https:\/\/pongrac.hu\/index.php?rest_route=%2Fwp%2Fv2%2Fproduct_brand&post=2486"},{"taxonomy":"product_cat","embeddable":true,"href":"https:\/\/pongrac.hu\/index.php?rest_route=%2Fwp%2Fv2%2Fproduct_cat&post=2486"},{"taxonomy":"product_tag","embeddable":true,"href":"https:\/\/pongrac.hu\/index.php?rest_route=%2Fwp%2Fv2%2Fproduct_tag&post=2486"}],"curies":[{"name":"wp","href":"https:\/\/api.w.org\/{rel}","templated":true}]}}