{"id":2484,"date":"2010-05-01T08:00:10","date_gmt":"2010-05-01T08:00:10","guid":{"rendered":"http:\/\/dev.pongrac.hu\/?post_type=product&#038;p=2484"},"modified":"2025-02-21T17:18:14","modified_gmt":"2025-02-21T16:18:14","slug":"pinokkio-visszater","status":"publish","type":"product","link":"https:\/\/pongrac.hu\/?product=pinokkio-visszater","title":{"rendered":"Pinokki\u00f3 visszat\u00e9r"},"content":{"rendered":"<p>\u00c9jszaka van. Egy fi\u00fa kopogtat egy kisl\u00e1ny ablak\u00e1n, \u00e9s bebocs\u00e1t\u00e1st k\u00e9r. Azt \u00e1ll\u00edtja, hogy \u0151 Pinokki\u00f3 \u2013 \u00e9s olyan dolgokat tud, amiket a kisl\u00e1ny m\u00e9g csak elk\u00e9pzelni sem mer. A k\u00e9t gyerek kisz\u00f6kik a v\u00e1rosba: k\u00fcl\u00f6nleges, vesz\u00e9lyes \u00e9s megh\u00f6kkent\u0151 tal\u00e1lkoz\u00e1sok, felfedez\u00e9sek, bar\u00e1ts\u00e1gok v\u00e1rnak r\u00e1juk az \u00e9jszak\u00e1ban.<\/p>\n","protected":false},"excerpt":{"rendered":"<p>A <em>Pinokki\u00f3 visszat\u00e9r<\/em> egy gyermek szem\u00e9vel csod\u00e1lkozik r\u00e1 a vil\u00e1g dolgaira, mindenf\u00e9le t\u00e1rsadalmi \u00e9s kultur\u00e1lis el\u0151\u00edt\u00e9letekt\u0151l mentesen.<\/p>\n","protected":false},"featured_media":2392,"comment_status":"closed","ping_status":"closed","template":"","meta":[],"product_brand":[],"product_cat":[466],"product_tag":[294,271,300,288,305,312],"class_list":{"0":"post-2484","1":"product","2":"type-product","3":"status-publish","4":"has-post-thumbnail","6":"authors-silvano-agosti","7":"publisher-pongrac-kiado","8":"product_cat-uncategorized","9":"product_tag-baratsag","10":"product_tag-kaland","11":"product_tag-kamaszkor","12":"product_tag-kepzelet","13":"product_tag-onmagad","14":"product_tag-szerelem","16":"first","17":"outofstock","18":"shipping-taxable","19":"purchasable","20":"product-type-simple"},"_links":{"self":[{"href":"https:\/\/pongrac.hu\/index.php?rest_route=\/wp\/v2\/product\/2484","targetHints":{"allow":["GET"]}}],"collection":[{"href":"https:\/\/pongrac.hu\/index.php?rest_route=\/wp\/v2\/product"}],"about":[{"href":"https:\/\/pongrac.hu\/index.php?rest_route=\/wp\/v2\/types\/product"}],"replies":[{"embeddable":true,"href":"https:\/\/pongrac.hu\/index.php?rest_route=%2Fwp%2Fv2%2Fcomments&post=2484"}],"wp:featuredmedia":[{"embeddable":true,"href":"https:\/\/pongrac.hu\/index.php?rest_route=\/wp\/v2\/media\/2392"}],"wp:attachment":[{"href":"https:\/\/pongrac.hu\/index.php?rest_route=%2Fwp%2Fv2%2Fmedia&parent=2484"}],"wp:term":[{"taxonomy":"product_brand","embeddable":true,"href":"https:\/\/pongrac.hu\/index.php?rest_route=%2Fwp%2Fv2%2Fproduct_brand&post=2484"},{"taxonomy":"product_cat","embeddable":true,"href":"https:\/\/pongrac.hu\/index.php?rest_route=%2Fwp%2Fv2%2Fproduct_cat&post=2484"},{"taxonomy":"product_tag","embeddable":true,"href":"https:\/\/pongrac.hu\/index.php?rest_route=%2Fwp%2Fv2%2Fproduct_tag&post=2484"}],"curies":[{"name":"wp","href":"https:\/\/api.w.org\/{rel}","templated":true}]}}