{"id":2483,"date":"2013-11-09T08:00:40","date_gmt":"2013-11-09T08:00:40","guid":{"rendered":"http:\/\/dev.pongrac.hu\/?post_type=product&#038;p=2483"},"modified":"2025-02-21T17:13:09","modified_gmt":"2025-02-21T16:13:09","slug":"piano-forte","status":"publish","type":"product","link":"https:\/\/pongrac.hu\/?product=piano-forte","title":{"rendered":"Piano forte"},"content":{"rendered":"<p>A kisreg\u00e9ny sz\u00ednhelye egy kisv\u00e1ros, egy hely a vil\u00e1gban, ahol az egyetlen lehet\u0151s\u00e9g a t\u00f6rv\u00e9nytisztelet, \u00e9s a l\u00e1zad\u00e1s egyetlen megengedett m\u00f3dja: igaz emberk\u00e9nt cselekedni. N\u00e9h\u00e1ny gyereket \u00e9s fiatal zongoratan\u00e1rukat (elv\u00e1laszthatatlan korcs kuty\u00e1j\u00e1val, Ene\u00e1val egy\u00fctt) f\u00f6ldreng\u00e9s z\u00e1rja el a k\u00fclvil\u00e1gt\u00f3l: r\u00e1juk omlik az iskola.<\/p>\n","protected":false},"excerpt":{"rendered":"<p>Fesz\u00fclts\u00e9ggel \u00e9s izgalommal terhes napok k\u00f6vetkeznek, amelyekben kider\u00fclnek a gyenges\u00e9gek, de kib\u0151l-kib\u0151l \u00faj, nem sejtett k\u00e9pess\u00e9gek \u00e9s er\u0151forr\u00e1sok is el\u0151bukkannak. V\u00e9g\u00fcl az \u00e9rzelmek, a bar\u00e1ts\u00e1g, a zene \u00e9s az \u00e9letszeretet ereje kerekedik fel\u00fcl.<\/p>\n","protected":false},"featured_media":2391,"comment_status":"closed","ping_status":"closed","template":"","meta":[],"product_brand":[],"product_cat":[466],"product_tag":[294,286,271,337,356,405],"class_list":{"0":"post-2483","1":"product","2":"type-product","3":"status-publish","4":"has-post-thumbnail","6":"authors-patrizia-rinaldi","7":"authors-pongrac-csapata","8":"publisher-pongrac-kiado","9":"product_cat-uncategorized","10":"product_tag-baratsag","11":"product_tag-felelem","12":"product_tag-kaland","13":"product_tag-muveszet","14":"product_tag-nagyvilag","15":"product_tag-zene","17":"first","18":"outofstock","19":"sale","20":"shipping-taxable","21":"purchasable","22":"product-type-simple"},"_links":{"self":[{"href":"https:\/\/pongrac.hu\/index.php?rest_route=\/wp\/v2\/product\/2483","targetHints":{"allow":["GET"]}}],"collection":[{"href":"https:\/\/pongrac.hu\/index.php?rest_route=\/wp\/v2\/product"}],"about":[{"href":"https:\/\/pongrac.hu\/index.php?rest_route=\/wp\/v2\/types\/product"}],"replies":[{"embeddable":true,"href":"https:\/\/pongrac.hu\/index.php?rest_route=%2Fwp%2Fv2%2Fcomments&post=2483"}],"wp:featuredmedia":[{"embeddable":true,"href":"https:\/\/pongrac.hu\/index.php?rest_route=\/wp\/v2\/media\/2391"}],"wp:attachment":[{"href":"https:\/\/pongrac.hu\/index.php?rest_route=%2Fwp%2Fv2%2Fmedia&parent=2483"}],"wp:term":[{"taxonomy":"product_brand","embeddable":true,"href":"https:\/\/pongrac.hu\/index.php?rest_route=%2Fwp%2Fv2%2Fproduct_brand&post=2483"},{"taxonomy":"product_cat","embeddable":true,"href":"https:\/\/pongrac.hu\/index.php?rest_route=%2Fwp%2Fv2%2Fproduct_cat&post=2483"},{"taxonomy":"product_tag","embeddable":true,"href":"https:\/\/pongrac.hu\/index.php?rest_route=%2Fwp%2Fv2%2Fproduct_tag&post=2483"}],"curies":[{"name":"wp","href":"https:\/\/api.w.org\/{rel}","templated":true}]}}