{"id":2482,"date":"2010-12-01T08:00:27","date_gmt":"2010-12-01T08:00:27","guid":{"rendered":"http:\/\/dev.pongrac.hu\/?post_type=product&#038;p=2482"},"modified":"2018-12-10T14:39:22","modified_gmt":"2018-12-10T13:39:22","slug":"oromhir","status":"publish","type":"product","link":"https:\/\/pongrac.hu\/?product=oromhir","title":{"rendered":"\u00d6r\u00f6mh\u00edr"},"content":{"rendered":"<p>A t\u00e9l sz\u00fcrke k\u00f6d\u00e9ben egy majom t\u0171nik fel Frances\u00e9k utc\u00e1j\u00e1nak sark\u00e1n. Z\u00f6ld mell\u00e9nyt \u00e9s piros kalapot visel, a gazd\u00e1ja pedig egy \u00f6reg kintorn\u00e1s, aki szomor\u00fa dallamokat j\u00e1tszik a j\u00e1r\u00f3kel\u0151knek. Est\u00e9nk\u00e9nt vajon hov\u00e1 megy haza a kismajom? Vajon Frances anyuk\u00e1ja mi\u00e9rt nem engedi, hogy n\u00e1luk vacsor\u00e1zzanak? Mivel vid\u00edthatn\u00e1 fel Frances az \u00f6regembert? Ilyen k\u00e9rd\u00e9sek j\u00e1rnak a kisl\u00e1ny fej\u00e9ben. A k\u00f6nyvb\u0151l megtudod, megleli-e a v\u00e1laszokat\u2026<\/p>\n","protected":false},"excerpt":{"rendered":"<p>DiCamillo \u00e9s Ibatoulline ebben a gy\u00f6ny\u00f6r\u0171 kar\u00e1csonyi mes\u00e9ben megosztja vel\u00fcnk az \u00f6r\u00f6m \u00e9s a j\u00f3sz\u00edv\u0171s\u00e9g h\u00e9tk\u00f6znapi csod\u00e1j\u00e1t.<\/p>\n","protected":false},"featured_media":2390,"comment_status":"closed","ping_status":"closed","template":"","meta":[],"product_brand":[],"product_cat":[466],"product_tag":[294,403,271,395,298,293],"class_list":{"0":"post-2482","1":"product","2":"type-product","3":"status-publish","4":"has-post-thumbnail","6":"authors-bagram-ibatoulline","7":"authors-kate-dicamillo","8":"publisher-pongrac-kiado","9":"product_cat-uncategorized","10":"product_tag-baratsag","11":"product_tag-elmulas","12":"product_tag-kaland","13":"product_tag-karacsony","14":"product_tag-mese","15":"product_tag-pottom","17":"first","18":"outofstock","19":"shipping-taxable","20":"purchasable","21":"product-type-simple"},"_links":{"self":[{"href":"https:\/\/pongrac.hu\/index.php?rest_route=\/wp\/v2\/product\/2482","targetHints":{"allow":["GET"]}}],"collection":[{"href":"https:\/\/pongrac.hu\/index.php?rest_route=\/wp\/v2\/product"}],"about":[{"href":"https:\/\/pongrac.hu\/index.php?rest_route=\/wp\/v2\/types\/product"}],"replies":[{"embeddable":true,"href":"https:\/\/pongrac.hu\/index.php?rest_route=%2Fwp%2Fv2%2Fcomments&post=2482"}],"wp:featuredmedia":[{"embeddable":true,"href":"https:\/\/pongrac.hu\/index.php?rest_route=\/wp\/v2\/media\/2390"}],"wp:attachment":[{"href":"https:\/\/pongrac.hu\/index.php?rest_route=%2Fwp%2Fv2%2Fmedia&parent=2482"}],"wp:term":[{"taxonomy":"product_brand","embeddable":true,"href":"https:\/\/pongrac.hu\/index.php?rest_route=%2Fwp%2Fv2%2Fproduct_brand&post=2482"},{"taxonomy":"product_cat","embeddable":true,"href":"https:\/\/pongrac.hu\/index.php?rest_route=%2Fwp%2Fv2%2Fproduct_cat&post=2482"},{"taxonomy":"product_tag","embeddable":true,"href":"https:\/\/pongrac.hu\/index.php?rest_route=%2Fwp%2Fv2%2Fproduct_tag&post=2482"}],"curies":[{"name":"wp","href":"https:\/\/api.w.org\/{rel}","templated":true}]}}