{"id":2481,"date":"2009-11-01T08:00:59","date_gmt":"2009-11-01T08:00:59","guid":{"rendered":"http:\/\/dev.pongrac.hu\/?post_type=product&#038;p=2481"},"modified":"2018-10-17T09:12:02","modified_gmt":"2018-10-17T08:12:02","slug":"oroszlan-a-konyvtarban","status":"publish","type":"product","link":"https:\/\/pongrac.hu\/?product=oroszlan-a-konyvtarban","title":{"rendered":"Oroszl\u00e1n a k\u00f6nyvt\u00e1rban"},"content":{"rendered":"<p style=\"margin: 0cm; margin-bottom: .0001pt; line-height: 18.0pt;\"><span style=\"font-family: Georgia; color: #333333;\">Miss Merriweather, a k\u00f6nyvt\u00e1r igazgat\u00f3ja nagyon szigor\u00faan veszi a szab\u00e1lyokat. P\u00e9ld\u00e1ul tilos szaladg\u00e1lni a k\u00f6nyvt\u00e1rban, \u00e9s cs\u00f6ndben kell lenni. \u00c1m amikor egy oroszl\u00e1n t\u00e9r be hozz\u00e1juk, senki nem tudja, mit is tegyen. Az oroszl\u00e1nokra semmilyen szab\u00e1ly nem vonatkozik.<\/span><\/p>\n<p style=\"margin: 0cm; margin-bottom: .0001pt; line-height: 18.0pt; orphans: auto; text-align: start; widows: 1; -webkit-text-stroke-width: 0px; word-spacing: 0px;\"><span style=\"font-family: Georgia; color: #333333;\">Kider\u00fcl azonban, hogy az oroszl\u00e1n nagyon is illik a k\u00f6nyvt\u00e1rba, hiszen mancsain, k\u00e9nyelmes h\u00e1tt\u00e1maszk\u00e9nt szolg\u00e1l a gyerekeknek, \u00e9s soha nem b\u00f6mb\u00f6l\u00a0\u2014 legal\u00e1bbis most m\u00e1r nem.<\/span><\/p>\n<p style=\"margin: 0cm; margin-bottom: .0001pt; line-height: 18.0pt; orphans: auto; text-align: start; widows: 1; -webkit-text-stroke-width: 0px; word-spacing: 0px;\"><span style=\"font-family: Georgia; color: #333333;\">\u00c1m amikor valami sz\u00f6rny\u0171s\u00e9g t\u00f6rt\u00e9nik, az oroszl\u00e1n csak a maga m\u00f3dj\u00e1n tud seg\u00edteni. Vajon l\u00e9tezik olyan, ok ami miatt megszegheti a k\u00f6nyvt\u00e1r szab\u00e1lyait?<\/span><\/p>\n","protected":false},"excerpt":{"rendered":"<p style=\"margin: 0cm; margin-bottom: .0001pt; line-height: 18.0pt;\"><span style=\"font-family: Georgia; color: #333333;\">Vajon mit keres egy oroszl\u00e1n a k\u00f6nyvt\u00e1rban? \u00c9s hogyan fogadj\u00e1k a k\u00f6nyvt\u00e1rosok \u00e9s a l\u00e1togat\u00f3k?<\/span><\/p>\n<p style=\"margin: 0cm; margin-bottom: .0001pt; line-height: 18.0pt; orphans: auto; text-align: start; widows: 1; -webkit-text-stroke-width: 0px; word-spacing: 0px;\"><span style=\"font-family: Georgia; color: #333333;\">Gy\u00f6ny\u00f6r\u0171en illusztr\u00e1lt mesek\u00f6nyv a legkisebb olvas\u00f3knak.<\/span><\/p>\n<p style=\"margin: 0cm; margin-bottom: .0001pt; line-height: 18.0pt; orphans: auto; text-align: start; widows: 1; -webkit-text-stroke-width: 0px; word-spacing: 0px;\"><span style=\"font-family: Georgia; color: #333333;\">Knudsen \u00e9s Hawkes elragad\u00f3 t\u00f6rt\u00e9nete nemcsak a szab\u00e1lyokr\u00f3l \u00e9s azok betart\u00e1s\u00e1r\u00f3l sz\u00f3l, hanem egy csod\u00e1latos helyr\u0151l is: a k\u00f6nyvt\u00e1rr\u00f3l.<\/span><\/p>\n","protected":false},"featured_media":2389,"comment_status":"closed","ping_status":"closed","template":"","meta":[],"product_brand":[],"product_cat":[466],"product_tag":[396,294,271,400,298,399,293],"class_list":{"0":"post-2481","1":"product","2":"type-product","3":"status-publish","4":"has-post-thumbnail","6":"authors-kevin-hawkes","7":"authors-michelle-knudsen","8":"publisher-pongrac-kiado","9":"product_cat-uncategorized","10":"product_tag-allat","11":"product_tag-baratsag","12":"product_tag-kaland","13":"product_tag-konyvtar","14":"product_tag-mese","15":"product_tag-oroszlan","16":"product_tag-pottom","18":"first","19":"outofstock","20":"shipping-taxable","21":"purchasable","22":"product-type-simple"},"_links":{"self":[{"href":"https:\/\/pongrac.hu\/index.php?rest_route=\/wp\/v2\/product\/2481","targetHints":{"allow":["GET"]}}],"collection":[{"href":"https:\/\/pongrac.hu\/index.php?rest_route=\/wp\/v2\/product"}],"about":[{"href":"https:\/\/pongrac.hu\/index.php?rest_route=\/wp\/v2\/types\/product"}],"replies":[{"embeddable":true,"href":"https:\/\/pongrac.hu\/index.php?rest_route=%2Fwp%2Fv2%2Fcomments&post=2481"}],"wp:featuredmedia":[{"embeddable":true,"href":"https:\/\/pongrac.hu\/index.php?rest_route=\/wp\/v2\/media\/2389"}],"wp:attachment":[{"href":"https:\/\/pongrac.hu\/index.php?rest_route=%2Fwp%2Fv2%2Fmedia&parent=2481"}],"wp:term":[{"taxonomy":"product_brand","embeddable":true,"href":"https:\/\/pongrac.hu\/index.php?rest_route=%2Fwp%2Fv2%2Fproduct_brand&post=2481"},{"taxonomy":"product_cat","embeddable":true,"href":"https:\/\/pongrac.hu\/index.php?rest_route=%2Fwp%2Fv2%2Fproduct_cat&post=2481"},{"taxonomy":"product_tag","embeddable":true,"href":"https:\/\/pongrac.hu\/index.php?rest_route=%2Fwp%2Fv2%2Fproduct_tag&post=2481"}],"curies":[{"name":"wp","href":"https:\/\/api.w.org\/{rel}","templated":true}]}}