{"id":2480,"date":"2010-12-01T08:00:40","date_gmt":"2010-12-01T08:00:40","guid":{"rendered":"http:\/\/dev.pongrac.hu\/?post_type=product&#038;p=2480"},"modified":"2019-11-26T09:16:31","modified_gmt":"2019-11-26T08:16:31","slug":"morcos-borz-karacsonya","status":"publish","type":"product","link":"https:\/\/pongrac.hu\/?product=morcos-borz-karacsonya","title":{"rendered":"Morcos Borz kar\u00e1csonya"},"content":{"rendered":"<p>K\u00f6zeledik a kar\u00e1csony, ez\u00e9rt mindenki izgatott \u2013 kiv\u00e9ve Morcos Borzot. BADARS\u00c1G! \u2013 kiab\u00e1l. \u2013 \u00c9n tavaszig aludni fogok, \u00e9s ha valaki fel\u00e9breszt, h\u00e1t IGAZ\u00c1N morcos leszek.<\/p>\n<p>\u00c1m Morcos Borznak h\u00e1rom l\u00e1togat\u00f3ja is \u00e9rkezik, \u00e9s valaki vesz\u00e9lybe ker\u00fcl. Vajon Borz r\u00e1j\u00f6n-e, hogy hib\u00e1zott, miel\u0151tt t\u00fal k\u00e9s\u0151 lenne?<\/p>\n","protected":false},"excerpt":{"rendered":"<p>Elb\u0171v\u00f6l\u0151 kar\u00e1csonyi t\u00f6rt\u00e9net, amely megnevetteti a gyerekeket.<\/p>\n","protected":false},"featured_media":2388,"comment_status":"closed","ping_status":"closed","template":"","meta":[],"product_brand":[],"product_cat":[466],"product_tag":[396,294,271,395,298,293,289],"class_list":{"0":"post-2480","1":"product","2":"type-product","3":"status-publish","4":"has-post-thumbnail","6":"authors-jane-chapman","7":"authors-paul-bright","8":"publisher-pongrac-kiado","9":"product_cat-uncategorized","10":"product_tag-allat","11":"product_tag-baratsag","12":"product_tag-kaland","13":"product_tag-karacsony","14":"product_tag-mese","15":"product_tag-pottom","16":"product_tag-tel","18":"first","19":"outofstock","20":"shipping-taxable","21":"purchasable","22":"product-type-simple"},"_links":{"self":[{"href":"https:\/\/pongrac.hu\/index.php?rest_route=\/wp\/v2\/product\/2480","targetHints":{"allow":["GET"]}}],"collection":[{"href":"https:\/\/pongrac.hu\/index.php?rest_route=\/wp\/v2\/product"}],"about":[{"href":"https:\/\/pongrac.hu\/index.php?rest_route=\/wp\/v2\/types\/product"}],"replies":[{"embeddable":true,"href":"https:\/\/pongrac.hu\/index.php?rest_route=%2Fwp%2Fv2%2Fcomments&post=2480"}],"wp:featuredmedia":[{"embeddable":true,"href":"https:\/\/pongrac.hu\/index.php?rest_route=\/wp\/v2\/media\/2388"}],"wp:attachment":[{"href":"https:\/\/pongrac.hu\/index.php?rest_route=%2Fwp%2Fv2%2Fmedia&parent=2480"}],"wp:term":[{"taxonomy":"product_brand","embeddable":true,"href":"https:\/\/pongrac.hu\/index.php?rest_route=%2Fwp%2Fv2%2Fproduct_brand&post=2480"},{"taxonomy":"product_cat","embeddable":true,"href":"https:\/\/pongrac.hu\/index.php?rest_route=%2Fwp%2Fv2%2Fproduct_cat&post=2480"},{"taxonomy":"product_tag","embeddable":true,"href":"https:\/\/pongrac.hu\/index.php?rest_route=%2Fwp%2Fv2%2Fproduct_tag&post=2480"}],"curies":[{"name":"wp","href":"https:\/\/api.w.org\/{rel}","templated":true}]}}