{"id":2479,"date":"2010-02-01T08:00:56","date_gmt":"2010-02-01T08:00:56","guid":{"rendered":"http:\/\/dev.pongrac.hu\/?post_type=product&#038;p=2479"},"modified":"2021-01-21T14:33:48","modified_gmt":"2021-01-21T13:33:48","slug":"mizu-utazasra-gondol","status":"publish","type":"product","link":"https:\/\/pongrac.hu\/?product=mizu-utazasra-gondol","title":{"rendered":"Mizu utaz\u00e1sra gondol"},"content":{"rendered":"<p>Ahogy itt \u00e1llsz, kezedben a k\u00f6nyvvel, biztos azt k\u00e9rdezed: \u201eKif\u00e9le, mif\u00e9le ez a Mizu?\u201d Annyit mondhatok, fura egy figura. Gyerek tal\u00e1n, vagy man\u00f3f\u00e9le, esetleg mit-mitke a t\u00fcnd\u00e9rek fajt\u00e1j\u00e1b\u00f3l, de az is lehet, hogy csup\u00e1n a Kital\u00e1ci\u00d3perenci\u00e1s tenger t\u00falpartj\u00e1n lakoz\u00f3 v\u00e1ndorvosok egyike, aki azzal gy\u00f3gy\u00edtja a bajt, amivel manaps\u00e1g egyre kevesebben k\u00e9pesek: \u00f6n\u00e1ll\u00f3, okos gondolatokkal!<\/p>\n<p>Mert bizony, ha Mizu GON-DOL, az cseppet sem h\u00e9tk\u00f6znapi t\u00f6rt\u00e9n\u00e9s!<\/p>\n<p>Mizu ugyanis \u00fagy, de \u00fa\u00fa\u00fa\u00fagy tud GON-DOL-ni, mint senki m\u00e1s a vil\u00e1gmindens\u00e9gben. \u0150 nem csak \u00fa\u00fa\u00fa\u00fagy \u00e1tabot\u00e1ban, hebehurgy\u00e1n, t\u00e9 meg tova \u00e9s sitty-sutty gondol! Nem bizony! Amikor \u0151 gondol, az s\u00fcv\u00edt, z\u00fag, b\u00f6mb\u00f6l, csattan, d\u00f6r\u00f6g, hrummog \u00e9s egy\u00e1ltal\u00e1n olyan, mintha\u2026<\/p>\n<p>\u00cd\u00cd\u00cd\u00cdUUUUUZZZSSSZZFFFRRRNNNY\u00da\u00da\u00da\u00daNYEKKKBEDEBEDEBADABUNG!<\/p>\n<p>\u2026f\u00e9le iz\u00e9 teperedne r\u00e1 az eg\u00e9sz v\u00e1rosra! H\u00e1t ja! Ha Mizu gondol, az BAZI NAGY!<\/p>\n<p>MEG HANGOS! (Akkor is, ha halk.)<\/p>\n","protected":false},"excerpt":{"rendered":"<p>\u00c9s ez a Mizu (gyerek vagy man\u00f3f\u00e9le?) Alaposan megn\u00e9z minket, mik\u00f6zben ide-oda j\u00e1rk\u00e1l a mi val\u00f3s\u00e1gos vil\u00e1gunkban\u00a0\u2013 teh\u00e1t k\u00f6-z\u00f6t-t\u00fcnk!\u00a0\u2013 ,s k\u00f6zben elmondja, mit is gondol r\u00f3lunk!<\/p>\n","protected":false},"featured_media":2387,"comment_status":"closed","ping_status":"closed","template":"","meta":[],"product_brand":[],"product_cat":[466],"product_tag":[294,361,300,288,356,305,297],"class_list":{"0":"post-2479","1":"product","2":"type-product","3":"status-publish","4":"has-post-thumbnail","6":"authors-almasi-zeteny","7":"authors-boszormenyi-gyula","8":"publisher-pongrac-kiado","9":"product_cat-uncategorized","10":"product_tag-baratsag","11":"product_tag-budapest","12":"product_tag-kamaszkor","13":"product_tag-kepzelet","14":"product_tag-nagyvilag","15":"product_tag-onmagad","16":"product_tag-utazas","18":"first","19":"outofstock","20":"shipping-taxable","21":"purchasable","22":"product-type-simple"},"_links":{"self":[{"href":"https:\/\/pongrac.hu\/index.php?rest_route=\/wp\/v2\/product\/2479","targetHints":{"allow":["GET"]}}],"collection":[{"href":"https:\/\/pongrac.hu\/index.php?rest_route=\/wp\/v2\/product"}],"about":[{"href":"https:\/\/pongrac.hu\/index.php?rest_route=\/wp\/v2\/types\/product"}],"replies":[{"embeddable":true,"href":"https:\/\/pongrac.hu\/index.php?rest_route=%2Fwp%2Fv2%2Fcomments&post=2479"}],"wp:featuredmedia":[{"embeddable":true,"href":"https:\/\/pongrac.hu\/index.php?rest_route=\/wp\/v2\/media\/2387"}],"wp:attachment":[{"href":"https:\/\/pongrac.hu\/index.php?rest_route=%2Fwp%2Fv2%2Fmedia&parent=2479"}],"wp:term":[{"taxonomy":"product_brand","embeddable":true,"href":"https:\/\/pongrac.hu\/index.php?rest_route=%2Fwp%2Fv2%2Fproduct_brand&post=2479"},{"taxonomy":"product_cat","embeddable":true,"href":"https:\/\/pongrac.hu\/index.php?rest_route=%2Fwp%2Fv2%2Fproduct_cat&post=2479"},{"taxonomy":"product_tag","embeddable":true,"href":"https:\/\/pongrac.hu\/index.php?rest_route=%2Fwp%2Fv2%2Fproduct_tag&post=2479"}],"curies":[{"name":"wp","href":"https:\/\/api.w.org\/{rel}","templated":true}]}}