{"id":2474,"date":"2013-09-01T08:00:14","date_gmt":"2013-09-01T08:00:14","guid":{"rendered":"http:\/\/dev.pongrac.hu\/?post_type=product&#038;p=2474"},"modified":"2021-01-21T13:54:58","modified_gmt":"2021-01-21T12:54:58","slug":"medve-szipog","status":"publish","type":"product","link":"https:\/\/pongrac.hu\/?product=medve-szipog","title":{"rendered":"Medve szipog"},"content":{"rendered":"<p>Medve megf\u00e1zott \u2013 BORZASZT\u00d3AN. Medve biztos abban, hogy kerek e vil\u00e1gon m\u00e9g soha senki nem volt ilyen beteg. Amikor a bar\u00e1tja, Eg\u00e9r meg\u00e9rkezik, \u00e9s k\u00f6zli vele, hogy hamarosan jobban lesz, Medve tudja, hogy Eg\u00e9r nincs tiszt\u00e1ban a helyzete s\u00falyoss\u00e1g\u00e1val!<\/p>\n","protected":false},"excerpt":{"rendered":"<p><em>Medve nagyon-nagyon megbetegedett. A szeme piros volt, \u00e9s az orra is v\u00f6r\u00f6sl\u00f6tt a szipog\u00e1st\u00f3l. F\u00e1jt a torka, \u00e9s teljesen berekedt. S\u0151t, medve eg\u00e9szen biztos volt abban, hogy kerek e vil\u00e1gon m\u00e9g soha senki nem \u00e9rezte mag\u00e1t olyan rosszul, mint \u0151.<\/em><\/p>\n","protected":false},"featured_media":2383,"comment_status":"closed","ping_status":"closed","template":"","meta":[],"product_brand":[],"product_cat":[466],"product_tag":[294,345,387,298,293],"class_list":{"0":"post-2474","1":"product","2":"type-product","3":"status-publish","4":"has-post-thumbnail","6":"authors-bonny-becker","7":"authors-kady-macdonald-denton","8":"publisher-pongrac-kiado","9":"product_cat-uncategorized","10":"product_tag-baratsag","11":"product_tag-eger","12":"product_tag-medve","13":"product_tag-mese","14":"product_tag-pottom","16":"first","17":"instock","18":"shipping-taxable","19":"purchasable","20":"product-type-simple"},"_links":{"self":[{"href":"https:\/\/pongrac.hu\/index.php?rest_route=\/wp\/v2\/product\/2474","targetHints":{"allow":["GET"]}}],"collection":[{"href":"https:\/\/pongrac.hu\/index.php?rest_route=\/wp\/v2\/product"}],"about":[{"href":"https:\/\/pongrac.hu\/index.php?rest_route=\/wp\/v2\/types\/product"}],"replies":[{"embeddable":true,"href":"https:\/\/pongrac.hu\/index.php?rest_route=%2Fwp%2Fv2%2Fcomments&post=2474"}],"wp:featuredmedia":[{"embeddable":true,"href":"https:\/\/pongrac.hu\/index.php?rest_route=\/wp\/v2\/media\/2383"}],"wp:attachment":[{"href":"https:\/\/pongrac.hu\/index.php?rest_route=%2Fwp%2Fv2%2Fmedia&parent=2474"}],"wp:term":[{"taxonomy":"product_brand","embeddable":true,"href":"https:\/\/pongrac.hu\/index.php?rest_route=%2Fwp%2Fv2%2Fproduct_brand&post=2474"},{"taxonomy":"product_cat","embeddable":true,"href":"https:\/\/pongrac.hu\/index.php?rest_route=%2Fwp%2Fv2%2Fproduct_cat&post=2474"},{"taxonomy":"product_tag","embeddable":true,"href":"https:\/\/pongrac.hu\/index.php?rest_route=%2Fwp%2Fv2%2Fproduct_tag&post=2474"}],"curies":[{"name":"wp","href":"https:\/\/api.w.org\/{rel}","templated":true}]}}