{"id":2473,"date":"2011-06-01T08:00:50","date_gmt":"2011-06-01T08:00:50","guid":{"rendered":"http:\/\/dev.pongrac.hu\/?post_type=product&#038;p=2473"},"modified":"2021-01-21T14:00:59","modified_gmt":"2021-01-21T13:00:59","slug":"medve-latogatoja","status":"publish","type":"product","link":"https:\/\/pongrac.hu\/?product=medve-latogatoja","title":{"rendered":"Medve l\u00e1togat\u00f3ja"},"content":{"rendered":"<p>Medve teljesen biztos abban, hogy nem szereti a l\u00e1togat\u00f3kat. Ezt egy t\u00e1bla is jelzi az ajtaj\u00e1n. \u00cdgy amikor egy eg\u00e9r kopogtat n\u00e1la, Medve elk\u00fcldi. \u00c1m amikor Medve a szekr\u00e9nyhez l\u00e9p, hogy egy t\u00e1lat vegyen el\u0151 \u2013 az eg\u00e9r ott van! Apr\u00f3n, sz\u00fcrk\u00e9n \u00e9s ragyog\u00f3 szemekkel.<\/p>\n","protected":false},"excerpt":{"rendered":"<p>Ebben a kacagtat\u00f3 mesek\u00f6nyvben, amelyet Bonny Becker \u00edrt \u00e9s Kady MacDonald Denton illusztr\u00e1lt, Medve csup\u00e1n szeretne nyugodtan megreggelizni, de az eg\u00e9r \u2013 aki a lehet\u0151 legv\u00e1ratlanabb helyeken bukkan fel \u2013 nem hagyja!<\/p>\n","protected":false},"featured_media":2382,"comment_status":"closed","ping_status":"closed","template":"","meta":[],"product_brand":[],"product_cat":[466],"product_tag":[294,345,387,298,293],"class_list":{"0":"post-2473","1":"product","2":"type-product","3":"status-publish","4":"has-post-thumbnail","6":"authors-bonny-becker","7":"authors-kady-macdonald-denton","8":"publisher-pongrac-kiado","9":"product_cat-uncategorized","10":"product_tag-baratsag","11":"product_tag-eger","12":"product_tag-medve","13":"product_tag-mese","14":"product_tag-pottom","16":"first","17":"instock","18":"shipping-taxable","19":"purchasable","20":"product-type-simple"},"_links":{"self":[{"href":"https:\/\/pongrac.hu\/index.php?rest_route=\/wp\/v2\/product\/2473","targetHints":{"allow":["GET"]}}],"collection":[{"href":"https:\/\/pongrac.hu\/index.php?rest_route=\/wp\/v2\/product"}],"about":[{"href":"https:\/\/pongrac.hu\/index.php?rest_route=\/wp\/v2\/types\/product"}],"replies":[{"embeddable":true,"href":"https:\/\/pongrac.hu\/index.php?rest_route=%2Fwp%2Fv2%2Fcomments&post=2473"}],"wp:featuredmedia":[{"embeddable":true,"href":"https:\/\/pongrac.hu\/index.php?rest_route=\/wp\/v2\/media\/2382"}],"wp:attachment":[{"href":"https:\/\/pongrac.hu\/index.php?rest_route=%2Fwp%2Fv2%2Fmedia&parent=2473"}],"wp:term":[{"taxonomy":"product_brand","embeddable":true,"href":"https:\/\/pongrac.hu\/index.php?rest_route=%2Fwp%2Fv2%2Fproduct_brand&post=2473"},{"taxonomy":"product_cat","embeddable":true,"href":"https:\/\/pongrac.hu\/index.php?rest_route=%2Fwp%2Fv2%2Fproduct_cat&post=2473"},{"taxonomy":"product_tag","embeddable":true,"href":"https:\/\/pongrac.hu\/index.php?rest_route=%2Fwp%2Fv2%2Fproduct_tag&post=2473"}],"curies":[{"name":"wp","href":"https:\/\/api.w.org\/{rel}","templated":true}]}}