{"id":2470,"date":"2011-02-01T08:00:24","date_gmt":"2011-02-01T08:00:24","guid":{"rendered":"http:\/\/dev.pongrac.hu\/?post_type=product&#038;p=2470"},"modified":"2021-01-21T14:08:57","modified_gmt":"2021-01-21T13:08:57","slug":"medve-aludni-megy","status":"publish","type":"product","link":"https:\/\/pongrac.hu\/?product=medve-aludni-megy","title":{"rendered":"Medve aludni megy"},"content":{"rendered":"<p>Medve sz\u00e1m\u00e1ra nagyon fontos, hogy amikor aludni megy, minden a hely\u00e9n legyen \u2013 odak\u00e9sz\u00edtse a poh\u00e1r vizet az \u00e9jjeliszekr\u00e9nyre, felr\u00e1zza a p\u00e1rn\u00e1j\u00e1t, \u00e9s feltegye a h\u00e1l\u00f3sipk\u00e1j\u00e1t. De Medv\u00e9nek legeslegjobban teljes csendre van sz\u00fcks\u00e9ge. Amikor apr\u00f3, sz\u00fcrke, ragyog\u00f3 szem\u0171 bar\u00e1tja, Eg\u00e9r n\u00e1la t\u00f6lti az \u00e9jszak\u00e1t, \u00e9s nem tud csendben maradni, mint egy\u2026 h\u00e1t, tudod, Medve szem\u00e9b\u0151l kir\u00f6ppen az \u00e1lom.<\/p>\n","protected":false},"excerpt":{"rendered":"<p>Medve \u00e9s Eg\u00e9r, kedvenc fura bar\u00e1taink, a New York Times-sikerlist\u00e1s <em>Medve l\u00e1togat\u00f3ja<\/em> h\u0151sei egy \u00fajabb fergeteges t\u00f6rt\u00e9nettel t\u00e9rnek vissza.<\/p>\n","protected":false},"featured_media":2381,"comment_status":"closed","ping_status":"closed","template":"","meta":[],"product_brand":[],"product_cat":[466],"product_tag":[294,345,387,298,293],"class_list":{"0":"post-2470","1":"product","2":"type-product","3":"status-publish","4":"has-post-thumbnail","6":"authors-bonny-becker","7":"authors-kady-macdonald-denton","8":"publisher-pongrac-kiado","9":"product_cat-uncategorized","10":"product_tag-baratsag","11":"product_tag-eger","12":"product_tag-medve","13":"product_tag-mese","14":"product_tag-pottom","16":"first","17":"instock","18":"shipping-taxable","19":"purchasable","20":"product-type-simple"},"_links":{"self":[{"href":"https:\/\/pongrac.hu\/index.php?rest_route=\/wp\/v2\/product\/2470","targetHints":{"allow":["GET"]}}],"collection":[{"href":"https:\/\/pongrac.hu\/index.php?rest_route=\/wp\/v2\/product"}],"about":[{"href":"https:\/\/pongrac.hu\/index.php?rest_route=\/wp\/v2\/types\/product"}],"replies":[{"embeddable":true,"href":"https:\/\/pongrac.hu\/index.php?rest_route=%2Fwp%2Fv2%2Fcomments&post=2470"}],"wp:featuredmedia":[{"embeddable":true,"href":"https:\/\/pongrac.hu\/index.php?rest_route=\/wp\/v2\/media\/2381"}],"wp:attachment":[{"href":"https:\/\/pongrac.hu\/index.php?rest_route=%2Fwp%2Fv2%2Fmedia&parent=2470"}],"wp:term":[{"taxonomy":"product_brand","embeddable":true,"href":"https:\/\/pongrac.hu\/index.php?rest_route=%2Fwp%2Fv2%2Fproduct_brand&post=2470"},{"taxonomy":"product_cat","embeddable":true,"href":"https:\/\/pongrac.hu\/index.php?rest_route=%2Fwp%2Fv2%2Fproduct_cat&post=2470"},{"taxonomy":"product_tag","embeddable":true,"href":"https:\/\/pongrac.hu\/index.php?rest_route=%2Fwp%2Fv2%2Fproduct_tag&post=2470"}],"curies":[{"name":"wp","href":"https:\/\/api.w.org\/{rel}","templated":true}]}}