{"id":2469,"date":"2012-05-01T08:00:02","date_gmt":"2012-05-01T08:00:02","guid":{"rendered":"http:\/\/dev.pongrac.hu\/?post_type=product&#038;p=2469"},"modified":"2025-02-21T17:14:51","modified_gmt":"2025-02-21T16:14:51","slug":"maszkak","status":"publish","type":"product","link":"https:\/\/pongrac.hu\/?product=maszkak","title":{"rendered":"M\u00e1szk\u00e1k\u2026"},"content":{"rendered":"<p>N\u00e9gy fi\u00fa \u00e9s n\u00e9gy l\u00e1ny sz\u00ednh\u00e1zba indul. Sejtelm\u00fck sincs arr\u00f3l, hogy nem fogj\u00e1k l\u00e1tni a darabot. Egy r\u00e9m\u00e1lom veszi kezdet\u00e9t. Az \u00e9p\u00fclet alatt sz\u00f6rny\u0171 titok lappang. \u00c9s most szabadon engedt\u00e9k\u2026<\/p>\n","protected":false},"excerpt":{"rendered":"<p>N\u00e9gy fi\u00fa \u00e9s n\u00e9gy l\u00e1ny sz\u00ednh\u00e1zba indul. Sejtelm\u00fck sincs arr\u00f3l, hogy nem fogj\u00e1k l\u00e1tni a darabot. Egy r\u00e9m\u00e1lom veszi kezdet\u00e9t. Az \u00e9p\u00fclet alatt sz\u00f6rny\u0171 titok lappang. \u00c9s most szabadon engedt\u00e9k\u2026<\/p>\n","protected":false},"featured_media":2380,"comment_status":"closed","ping_status":"closed","template":"","meta":[],"product_brand":[],"product_cat":[466],"product_tag":[303,358,290,376,385,274],"class_list":{"0":"post-2469","1":"product","2":"type-product","3":"status-publish","4":"has-post-thumbnail","6":"authors-sam-enthoven","7":"publisher-pongrac-kiado","8":"product_cat-uncategorized","9":"product_tag-nyomozas","10":"product_tag-remalom","11":"product_tag-remseg","12":"product_tag-szinhaz","13":"product_tag-szorny","14":"product_tag-titok","16":"first","17":"outofstock","18":"shipping-taxable","19":"purchasable","20":"product-type-simple"},"_links":{"self":[{"href":"https:\/\/pongrac.hu\/index.php?rest_route=\/wp\/v2\/product\/2469","targetHints":{"allow":["GET"]}}],"collection":[{"href":"https:\/\/pongrac.hu\/index.php?rest_route=\/wp\/v2\/product"}],"about":[{"href":"https:\/\/pongrac.hu\/index.php?rest_route=\/wp\/v2\/types\/product"}],"replies":[{"embeddable":true,"href":"https:\/\/pongrac.hu\/index.php?rest_route=%2Fwp%2Fv2%2Fcomments&post=2469"}],"wp:featuredmedia":[{"embeddable":true,"href":"https:\/\/pongrac.hu\/index.php?rest_route=\/wp\/v2\/media\/2380"}],"wp:attachment":[{"href":"https:\/\/pongrac.hu\/index.php?rest_route=%2Fwp%2Fv2%2Fmedia&parent=2469"}],"wp:term":[{"taxonomy":"product_brand","embeddable":true,"href":"https:\/\/pongrac.hu\/index.php?rest_route=%2Fwp%2Fv2%2Fproduct_brand&post=2469"},{"taxonomy":"product_cat","embeddable":true,"href":"https:\/\/pongrac.hu\/index.php?rest_route=%2Fwp%2Fv2%2Fproduct_cat&post=2469"},{"taxonomy":"product_tag","embeddable":true,"href":"https:\/\/pongrac.hu\/index.php?rest_route=%2Fwp%2Fv2%2Fproduct_tag&post=2469"}],"curies":[{"name":"wp","href":"https:\/\/api.w.org\/{rel}","templated":true}]}}