{"id":2468,"date":"2010-03-01T08:00:24","date_gmt":"2010-03-01T08:00:24","guid":{"rendered":"http:\/\/dev.pongrac.hu\/?post_type=product&#038;p=2468"},"modified":"2025-02-21T17:18:29","modified_gmt":"2025-02-21T16:18:29","slug":"latlak","status":"publish","type":"product","link":"https:\/\/pongrac.hu\/?product=latlak","title":{"rendered":"L\u00e1tlak\u2026"},"content":{"rendered":"<p>Valaki k\u00f6veti Cat McPhersont.<\/p>\n<p>Tal\u00e1n egy fiatal skizofr\u00e9n? Vagy egy visszavonult, h\u00f3bortos tud\u00f3s? Esetleg Cat volt bar\u00e1tja? Net\u00e1n egy idegen? Ak\u00e1rki is az, tudja, hogy Cat retteg a rovarokt\u00f3l. \u00c9s ezt ki is haszn\u00e1lja, hogy megf\u00e9leml\u00edtse a l\u00e1nyt. Cat pedig k\u00f6nny\u0171 pr\u00e9da, hiszen szinte mindent el\u00e1rult mag\u00e1r\u00f3l azon a k\u00f6z\u00f6ss\u00e9gi oldalon, amelyr\u0151l a sz\u00fclei letiltott\u00e1k. A l\u00e1ny, b\u00e1r tehets\u00e9ges sportol\u00f3, nehezen viseli a k\u00f6telezetts\u00e9gekkel j\u00e1r\u00f3 fesz\u00fclts\u00e9get. \u00c1m elj\u00f6n a pillanat, amikor az \u00e9let\u00e9\u00e9rt kell futnia\u2026<\/p>\n","protected":false},"excerpt":{"rendered":"<p>Catnek ugyanazok a probl\u00e9m\u00e1i, mint minden tininek. A bar\u00e1tai sokkal fontosabbak sz\u00e1m\u00e1ra, mint b\u00e1rmi m\u00e1s, szeretne olyan lenni, mint \u0151k, \u00e1m tehets\u00e9ge ebben megakad\u00e1lyozza. R\u00e1 kell azonban \u00e9brednie, hogy a tehets\u00e9g hasznos dolog: az \u00e9let\u00e9t is megmentheti&#8230;<\/p>\n","protected":false},"featured_media":2379,"comment_status":"closed","ping_status":"closed","template":"","meta":[],"product_brand":[],"product_cat":[466],"product_tag":[294,286,300,285,305,301,290,383,318],"class_list":{"0":"post-2468","1":"product","2":"type-product","3":"status-publish","4":"has-post-thumbnail","6":"authors-nicola-morgan","7":"publisher-pongrac-kiado","8":"product_cat-uncategorized","9":"product_tag-baratsag","10":"product_tag-felelem","11":"product_tag-kamaszkor","12":"product_tag-krimi","13":"product_tag-onmagad","14":"product_tag-pszichokaland","15":"product_tag-remseg","16":"product_tag-skocia","17":"product_tag-suli","19":"first","20":"outofstock","21":"shipping-taxable","22":"purchasable","23":"product-type-simple"},"_links":{"self":[{"href":"https:\/\/pongrac.hu\/index.php?rest_route=\/wp\/v2\/product\/2468","targetHints":{"allow":["GET"]}}],"collection":[{"href":"https:\/\/pongrac.hu\/index.php?rest_route=\/wp\/v2\/product"}],"about":[{"href":"https:\/\/pongrac.hu\/index.php?rest_route=\/wp\/v2\/types\/product"}],"replies":[{"embeddable":true,"href":"https:\/\/pongrac.hu\/index.php?rest_route=%2Fwp%2Fv2%2Fcomments&post=2468"}],"wp:featuredmedia":[{"embeddable":true,"href":"https:\/\/pongrac.hu\/index.php?rest_route=\/wp\/v2\/media\/2379"}],"wp:attachment":[{"href":"https:\/\/pongrac.hu\/index.php?rest_route=%2Fwp%2Fv2%2Fmedia&parent=2468"}],"wp:term":[{"taxonomy":"product_brand","embeddable":true,"href":"https:\/\/pongrac.hu\/index.php?rest_route=%2Fwp%2Fv2%2Fproduct_brand&post=2468"},{"taxonomy":"product_cat","embeddable":true,"href":"https:\/\/pongrac.hu\/index.php?rest_route=%2Fwp%2Fv2%2Fproduct_cat&post=2468"},{"taxonomy":"product_tag","embeddable":true,"href":"https:\/\/pongrac.hu\/index.php?rest_route=%2Fwp%2Fv2%2Fproduct_tag&post=2468"}],"curies":[{"name":"wp","href":"https:\/\/api.w.org\/{rel}","templated":true}]}}