{"id":2465,"date":"2012-11-01T08:00:40","date_gmt":"2012-11-01T08:00:40","guid":{"rendered":"http:\/\/dev.pongrac.hu\/?post_type=product&#038;p=2465"},"modified":"2025-02-21T17:14:33","modified_gmt":"2025-02-21T16:14:33","slug":"indigo-nyar","status":"publish","type":"product","link":"https:\/\/pongrac.hu\/?product=indigo-nyar","title":{"rendered":"Indig\u00f3 ny\u00e1r"},"content":{"rendered":"<p>Mag\u00e1nyos strand a Csendes-\u00f3ce\u00e1n partj\u00e1n, egy hely, amelyet megt\u00f6lt a var\u00e1zslat. Smilla sz\u00e1m\u00e1ra ez La Push. A cseredi\u00e1kl\u00e1ny \u00e9s bar\u00e1tai az indi\u00e1nrezerv\u00e1tumban \u00e1ll\u00edtj\u00e1k fel s\u00e1traikat. De mi\u00e9rt viselkedik Conrad, az egyik helyi fiatal, ilyen ellens\u00e9gesen a sz\u00f6rf\u00f6s\u00f6kkel? Mit titkolhat Alec \u00e9s Josh, akik m\u00e1r egy \u00e9vvel ezel\u0151tt is voltak itt? Egy sorsd\u00f6nt\u0151 fordulat nyom\u00e1n Smilla a titokzatos Conradot egy eg\u00e9szen m\u00e1s oldal\u00e1r\u00f3l ismeri meg, \u00e9s beleszeret. Amint ez a t\u00f6bbiek sz\u00e1m\u00e1ra is nyilv\u00e1nval\u00f3v\u00e1 v\u00e1lik, hirtelen jeges hangulat uralkodik el a csapaton, Smilla pedig megtudja, mi is t\u00f6rt\u00e9nt val\u00f3j\u00e1ban az el\u0151z\u0151 ny\u00e1ron.<\/p>\n","protected":false},"excerpt":{"rendered":"<p>\u201eA legels\u0151 pillanatt\u00f3l kezdve \u00e9reztem, hogy tele van titkokkal, amelyeket s\u00f6t\u00e9t m\u00e9ly\u00e9n rejteget. Az \u00f3ce\u00e1n besz\u00e9lt hozz\u00e1m. Ki vagy? \u2013 k\u00e9rdezte. \u2013 Smilla \u2013 suttogtam, \u00e9s hirtelen s\u00f3s k\u00f6nnyeket \u00e9reztem a sz\u00e1mban.\u201d<\/p>\n","protected":false},"featured_media":2376,"comment_status":"closed","ping_status":"closed","template":"","meta":[],"product_brand":[],"product_cat":[466],"product_tag":[271,300,303,305,358,290,318,274,297],"class_list":{"0":"post-2465","1":"product","2":"type-product","3":"status-publish","4":"has-post-thumbnail","6":"authors-antje-babendererde","7":"publisher-pongrac-kiado","8":"product_cat-uncategorized","9":"product_tag-kaland","10":"product_tag-kamaszkor","11":"product_tag-nyomozas","12":"product_tag-onmagad","13":"product_tag-remalom","14":"product_tag-remseg","15":"product_tag-suli","16":"product_tag-titok","17":"product_tag-utazas","19":"first","20":"outofstock","21":"shipping-taxable","22":"purchasable","23":"product-type-simple"},"_links":{"self":[{"href":"https:\/\/pongrac.hu\/index.php?rest_route=\/wp\/v2\/product\/2465","targetHints":{"allow":["GET"]}}],"collection":[{"href":"https:\/\/pongrac.hu\/index.php?rest_route=\/wp\/v2\/product"}],"about":[{"href":"https:\/\/pongrac.hu\/index.php?rest_route=\/wp\/v2\/types\/product"}],"replies":[{"embeddable":true,"href":"https:\/\/pongrac.hu\/index.php?rest_route=%2Fwp%2Fv2%2Fcomments&post=2465"}],"wp:featuredmedia":[{"embeddable":true,"href":"https:\/\/pongrac.hu\/index.php?rest_route=\/wp\/v2\/media\/2376"}],"wp:attachment":[{"href":"https:\/\/pongrac.hu\/index.php?rest_route=%2Fwp%2Fv2%2Fmedia&parent=2465"}],"wp:term":[{"taxonomy":"product_brand","embeddable":true,"href":"https:\/\/pongrac.hu\/index.php?rest_route=%2Fwp%2Fv2%2Fproduct_brand&post=2465"},{"taxonomy":"product_cat","embeddable":true,"href":"https:\/\/pongrac.hu\/index.php?rest_route=%2Fwp%2Fv2%2Fproduct_cat&post=2465"},{"taxonomy":"product_tag","embeddable":true,"href":"https:\/\/pongrac.hu\/index.php?rest_route=%2Fwp%2Fv2%2Fproduct_tag&post=2465"}],"curies":[{"name":"wp","href":"https:\/\/api.w.org\/{rel}","templated":true}]}}