{"id":2464,"date":"2011-09-01T08:00:49","date_gmt":"2011-09-01T08:00:49","guid":{"rendered":"http:\/\/dev.pongrac.hu\/?post_type=product&#038;p=2464"},"modified":"2025-02-21T17:15:30","modified_gmt":"2025-02-21T16:15:30","slug":"incarceron","status":"publish","type":"product","link":"https:\/\/pongrac.hu\/?product=incarceron","title":{"rendered":"Incarceron"},"content":{"rendered":"<p>K\u00e9pzelj el egy b\u00f6rt\u00f6nt, hatalmasat, amelyben a cell\u00e1k \u00e9s a folyos\u00f3k mellett eg\u00e9sz erd\u0151k, v\u00e1rosok \u00e9s tengerek is elf\u00e9rnek. Most k\u00e9pzelj el egy rabot, akinek nincsenek eml\u00e9kei! Csak annyit tud, hogy <em>Odakintr\u0151l<\/em> j\u00f6tt \u2013 pedig a b\u00f6rt\u00f6nt \u00e9vsz\u00e1zadokkal ezel\u0151tt lez\u00e1rt\u00e1k, \u00e9s az\u00f3ta csak egyetlen embernek siker\u00fclt kijutnia.<\/p>\n<p>Azt\u00e1n k\u00e9pzelj el egy l\u00e1nyt, aki egy nemesi birtokon lakik! A sorsa \u2013 \u00fagy t\u0171nik \u2013 megpecs\u00e9tel\u0151d\u00f6tt: megrendezett, szerelem n\u00e9lk\u00fcli \u00e9rdekh\u00e1zass\u00e1g v\u00e1r r\u00e1. \u0150 azonban m\u00e9g nem adta fel, kiutat keres, \u00e9s \u00f6sszeesk\u00fcv\u00e9sek kusza h\u00e1l\u00f3j\u00e1ba gabalyodik.<\/p>\n<p>Az egyik\u00fck <em>Bent<\/em> van, a m\u00e1sik <em>Odakint<\/em>, \u00e1m mindketten rabok<br \/>\nH\u00e1t ez az Incarceron!<\/p>\n","protected":false},"excerpt":{"rendered":"<p>K\u00e9pzelj el egy vil\u00e1got, amelyben nemcsak meg\u00e1ll\u00edtott\u00e1k, de vissza is forgatt\u00e1k az id\u0151 kerek\u00e9t. Bek\u00f6sz\u00f6nt\u00f6tt az \u00f6r\u00f6kk\u00e9 tart\u00f3 17. sz\u00e1zad, ahol csak a gazdagok \u00e9lvezhetik a technika v\u00edvm\u00e1nyait.<\/p>\n","protected":false},"featured_media":2375,"comment_status":"closed","ping_status":"closed","template":"","meta":[],"product_brand":[],"product_cat":[466],"product_tag":[380,307,286,287,271,288,285,290,312],"class_list":{"0":"post-2464","1":"product","2":"type-product","3":"status-publish","4":"has-post-thumbnail","6":"authors-catherine-fisher","7":"publisher-pongrac-kiado","8":"product_cat-uncategorized","9":"product_tag-borton","10":"product_tag-fantasy","11":"product_tag-felelem","12":"product_tag-gyilkossag","13":"product_tag-kaland","14":"product_tag-kepzelet","15":"product_tag-krimi","16":"product_tag-remseg","17":"product_tag-szerelem","19":"first","20":"outofstock","21":"shipping-taxable","22":"purchasable","23":"product-type-simple"},"_links":{"self":[{"href":"https:\/\/pongrac.hu\/index.php?rest_route=\/wp\/v2\/product\/2464","targetHints":{"allow":["GET"]}}],"collection":[{"href":"https:\/\/pongrac.hu\/index.php?rest_route=\/wp\/v2\/product"}],"about":[{"href":"https:\/\/pongrac.hu\/index.php?rest_route=\/wp\/v2\/types\/product"}],"replies":[{"embeddable":true,"href":"https:\/\/pongrac.hu\/index.php?rest_route=%2Fwp%2Fv2%2Fcomments&post=2464"}],"wp:featuredmedia":[{"embeddable":true,"href":"https:\/\/pongrac.hu\/index.php?rest_route=\/wp\/v2\/media\/2375"}],"wp:attachment":[{"href":"https:\/\/pongrac.hu\/index.php?rest_route=%2Fwp%2Fv2%2Fmedia&parent=2464"}],"wp:term":[{"taxonomy":"product_brand","embeddable":true,"href":"https:\/\/pongrac.hu\/index.php?rest_route=%2Fwp%2Fv2%2Fproduct_brand&post=2464"},{"taxonomy":"product_cat","embeddable":true,"href":"https:\/\/pongrac.hu\/index.php?rest_route=%2Fwp%2Fv2%2Fproduct_cat&post=2464"},{"taxonomy":"product_tag","embeddable":true,"href":"https:\/\/pongrac.hu\/index.php?rest_route=%2Fwp%2Fv2%2Fproduct_tag&post=2464"}],"curies":[{"name":"wp","href":"https:\/\/api.w.org\/{rel}","templated":true}]}}