{"id":2463,"date":"2014-06-01T08:00:40","date_gmt":"2014-06-01T08:00:40","guid":{"rendered":"http:\/\/dev.pongrac.hu\/?post_type=product&#038;p=2463"},"modified":"2021-01-21T12:05:37","modified_gmt":"2021-01-21T11:05:37","slug":"hollow-creek-akademia-evkonyv-2009-2010","status":"publish","type":"product","link":"https:\/\/pongrac.hu\/?product=hollow-creek-akademia-evkonyv-2009-2010","title":{"rendered":"Hollow Creek Akad\u00e9mia \u00c9vk\u00f6nyv 2009\u20132010"},"content":{"rendered":"<p>A HCA neves bentlak\u00e1sos k\u00f6z\u00e9piskola, amely az angolsz\u00e1sz hagyom\u00e1nyokra \u00e9p\u00edt: mentorok, prefektusok, iskolai h\u00e1zak, h\u00e1zversenyek, kultur\u00e1lis programok sz\u00ednes\u00edtik a di\u00e1kok \u00e9let\u00e9t. A tizen\u00f6t \u00e9ves, f\u00e9l\u00e9nk, mag\u00e1nak val\u00f3, \u00f6nbizalomhi\u00e1nnyal k\u00fcszk\u00f6d\u0151 l\u00e1ny sz\u00e1m\u00e1ra els\u0151 pillant\u00e1sra rem\u00e9nytelen k\u00fcldet\u00e9snek \u00edg\u00e9rkezik a beilleszked\u00e9s, de amikor tal\u00e1lkozik \u00e9vfolyamt\u00e1rsaival, a k\u00fcl\u00f6nc Voni Trystennel \u00e9s a zseni, \u00e1m kiss\u00e9 ideges\u00edt\u0151 Roscoe Madisonnal, fordul a kocka, \u00e9s Jaide r\u00e1\u00e9bred: ha nem n\u00e9z szembe f\u00e9lelmeivel, soha nem val\u00f3s\u00edthatja meg \u00e1lmait.<\/p>\n<p>Siker\u00fcl-e legy\u0151znie saj\u00e1t mag\u00e1t, mik\u00f6zben Lia Smith valamilyen rejt\u00e9lyes okb\u00f3l l\u00e9pten-nyomon terroriz\u00e1lja \u0151t?<\/p>\n","protected":false},"excerpt":{"rendered":"<p>Jaide Morrow nem \u00e9ppen azok k\u00f6z\u00e9 a di\u00e1kok k\u00f6z\u00e9 tartozik, akiknek hat\u00e1rozott elk\u00e9pzel\u00e9s\u00fck lenne a j\u00f6v\u0151r\u0151l. \u00cdgy \u2013 amikor apja sok-sok \u00e9v ut\u00e1n visszacs\u00f6ppen az \u00e9let\u00e9be \u2013 hamar hagyja mag\u00e1t meggy\u0151zni, hogy tanulm\u00e1nyait Miami helyett Chicag\u00f3ban folytassa. Bizakodva indul \u00fatnak, \u00e1m amikor rep\u00fcl\u0151g\u00e9pe t\u00f6bb \u00f3r\u00e1s k\u00e9s\u00e9ssel az \u00e9jszaka k\u00f6zep\u00e9n \u00e9rkezik Chicag\u00f3ba, beigazol\u00f3dik furcsa balsejtelme az iskol\u00e1val kapcsolatban.<\/p>\n","protected":false},"featured_media":2374,"comment_status":"closed","ping_status":"closed","template":"","meta":[],"product_brand":[],"product_cat":[466],"product_tag":[294,271,318],"class_list":{"0":"post-2463","1":"product","2":"type-product","3":"status-publish","4":"has-post-thumbnail","6":"authors-nita-szendrey","7":"authors-pongrac-csapata","8":"publisher-pongrac-kiado","9":"product_cat-uncategorized","10":"product_tag-baratsag","11":"product_tag-kaland","12":"product_tag-suli","14":"first","15":"outofstock","16":"shipping-taxable","17":"purchasable","18":"product-type-simple"},"_links":{"self":[{"href":"https:\/\/pongrac.hu\/index.php?rest_route=\/wp\/v2\/product\/2463","targetHints":{"allow":["GET"]}}],"collection":[{"href":"https:\/\/pongrac.hu\/index.php?rest_route=\/wp\/v2\/product"}],"about":[{"href":"https:\/\/pongrac.hu\/index.php?rest_route=\/wp\/v2\/types\/product"}],"replies":[{"embeddable":true,"href":"https:\/\/pongrac.hu\/index.php?rest_route=%2Fwp%2Fv2%2Fcomments&post=2463"}],"wp:featuredmedia":[{"embeddable":true,"href":"https:\/\/pongrac.hu\/index.php?rest_route=\/wp\/v2\/media\/2374"}],"wp:attachment":[{"href":"https:\/\/pongrac.hu\/index.php?rest_route=%2Fwp%2Fv2%2Fmedia&parent=2463"}],"wp:term":[{"taxonomy":"product_brand","embeddable":true,"href":"https:\/\/pongrac.hu\/index.php?rest_route=%2Fwp%2Fv2%2Fproduct_brand&post=2463"},{"taxonomy":"product_cat","embeddable":true,"href":"https:\/\/pongrac.hu\/index.php?rest_route=%2Fwp%2Fv2%2Fproduct_cat&post=2463"},{"taxonomy":"product_tag","embeddable":true,"href":"https:\/\/pongrac.hu\/index.php?rest_route=%2Fwp%2Fv2%2Fproduct_tag&post=2463"}],"curies":[{"name":"wp","href":"https:\/\/api.w.org\/{rel}","templated":true}]}}