{"id":2462,"date":"2012-12-01T08:00:09","date_gmt":"2012-12-01T08:00:09","guid":{"rendered":"http:\/\/dev.pongrac.hu\/?post_type=product&#038;p=2462"},"modified":"2021-01-21T14:39:43","modified_gmt":"2021-01-21T13:39:43","slug":"hamupipoke-haromdimenzios-meseszinhaz","status":"publish","type":"product","link":"https:\/\/pongrac.hu\/?product=hamupipoke-haromdimenzios-meseszinhaz","title":{"rendered":"Hamupip\u0151ke \u2013 H\u00e1romdimenzi\u00f3s mesesz\u00ednh\u00e1z"},"content":{"rendered":"<p>\u00c9ld \u00e1t a j\u00f3k, a rosszak, a t\u00fcnd\u00e9r \u00e9s a szerelmesek t\u00f6rt\u00e9net\u00e9t \u00fajra \u00e9s \u00fajra \u00fagy, ahogy eddig m\u00e9g soha. Csak ki kell nyitnod ezt a k\u00fcl\u00f6nleges k\u00f6nyvet, \u00e9s m\u00e1ris kezdet\u00e9t veszi a var\u00e1zslat\u2026<\/p>\n","protected":false},"excerpt":{"rendered":"<p>Hamupip\u0151ke klasszikus mes\u00e9je elevenedik meg gy\u00f6ny\u00f6r\u0171en megfestett, h\u00e1romdimenzi\u00f3s jelenetekben Jane Ray toll\u00e1b\u00f3l.<\/p>\n","protected":false},"featured_media":2373,"comment_status":"closed","ping_status":"closed","template":"","meta":[],"product_brand":[],"product_cat":[466],"product_tag":[377,298,293,376],"class_list":{"0":"post-2462","1":"product","2":"type-product","3":"status-publish","4":"has-post-thumbnail","6":"authors-jane-ray","7":"publisher-pongrac-kiado","8":"product_cat-uncategorized","9":"product_tag-hamupipoke","10":"product_tag-mese","11":"product_tag-pottom","12":"product_tag-szinhaz","14":"first","15":"outofstock","16":"shipping-taxable","17":"purchasable","18":"product-type-simple"},"_links":{"self":[{"href":"https:\/\/pongrac.hu\/index.php?rest_route=\/wp\/v2\/product\/2462","targetHints":{"allow":["GET"]}}],"collection":[{"href":"https:\/\/pongrac.hu\/index.php?rest_route=\/wp\/v2\/product"}],"about":[{"href":"https:\/\/pongrac.hu\/index.php?rest_route=\/wp\/v2\/types\/product"}],"replies":[{"embeddable":true,"href":"https:\/\/pongrac.hu\/index.php?rest_route=%2Fwp%2Fv2%2Fcomments&post=2462"}],"wp:featuredmedia":[{"embeddable":true,"href":"https:\/\/pongrac.hu\/index.php?rest_route=\/wp\/v2\/media\/2373"}],"wp:attachment":[{"href":"https:\/\/pongrac.hu\/index.php?rest_route=%2Fwp%2Fv2%2Fmedia&parent=2462"}],"wp:term":[{"taxonomy":"product_brand","embeddable":true,"href":"https:\/\/pongrac.hu\/index.php?rest_route=%2Fwp%2Fv2%2Fproduct_brand&post=2462"},{"taxonomy":"product_cat","embeddable":true,"href":"https:\/\/pongrac.hu\/index.php?rest_route=%2Fwp%2Fv2%2Fproduct_cat&post=2462"},{"taxonomy":"product_tag","embeddable":true,"href":"https:\/\/pongrac.hu\/index.php?rest_route=%2Fwp%2Fv2%2Fproduct_tag&post=2462"}],"curies":[{"name":"wp","href":"https:\/\/api.w.org\/{rel}","templated":true}]}}