{"id":2461,"date":"2011-04-01T08:00:34","date_gmt":"2011-04-01T08:00:34","guid":{"rendered":"http:\/\/dev.pongrac.hu\/?post_type=product&#038;p=2461"},"modified":"2025-02-21T17:16:24","modified_gmt":"2025-02-21T16:16:24","slug":"ghost-hunter-gyilkos-feny","status":"publish","type":"product","link":"https:\/\/pongrac.hu\/?product=ghost-hunter-gyilkos-feny","title":{"rendered":"Ghost Hunter \u2013 Gyilkos f\u00e9ny"},"content":{"rendered":"<p>L\u00e9teznek. Ian Boroughs tudja ezt. L\u00e1tja \u0151ket. SZELLEMEK. A semmib\u0151l bukkannak fel. Mindent l\u00e1ngba bor\u00edtanak, amihez csak hozz\u00e1\u00e9rnek. Ezek a l\u00e9nyek okozt\u00e1k az apja hal\u00e1l\u00e1t? Miattuk veszett nyoma t\u00f6bb mint harminc \u00e9ve a nagyapj\u00e1nak? A 17 \u00e9ves Ian elhat\u00e1rozza, hogy a legjobb bar\u00e1tj\u00e1val egy\u00fctt megfejti a titkot. Nem is sejtik, val\u00f3j\u00e1ban milyen vesz\u00e9lyesek a szellemek\u2026<\/p>\n","protected":false},"excerpt":{"rendered":"<p>A Ghosthunter a Mystery-Thriller-tril\u00f3gia els\u0151 k\u00f6tete<\/p>\n","protected":false},"featured_media":2372,"comment_status":"closed","ping_status":"closed","template":"","meta":[],"product_brand":[],"product_cat":[466],"product_tag":[294,286,287,271,300,288,285,338,290,374],"class_list":{"0":"post-2461","1":"product","2":"type-product","3":"status-publish","4":"has-post-thumbnail","6":"authors-derek-meister","7":"publisher-pongrac-kiado","8":"product_cat-uncategorized","9":"product_tag-baratsag","10":"product_tag-felelem","11":"product_tag-gyilkossag","12":"product_tag-kaland","13":"product_tag-kamaszkor","14":"product_tag-kepzelet","15":"product_tag-krimi","16":"product_tag-nyar","17":"product_tag-remseg","18":"product_tag-szellem","20":"first","21":"outofstock","22":"shipping-taxable","23":"purchasable","24":"product-type-simple"},"_links":{"self":[{"href":"https:\/\/pongrac.hu\/index.php?rest_route=\/wp\/v2\/product\/2461","targetHints":{"allow":["GET"]}}],"collection":[{"href":"https:\/\/pongrac.hu\/index.php?rest_route=\/wp\/v2\/product"}],"about":[{"href":"https:\/\/pongrac.hu\/index.php?rest_route=\/wp\/v2\/types\/product"}],"replies":[{"embeddable":true,"href":"https:\/\/pongrac.hu\/index.php?rest_route=%2Fwp%2Fv2%2Fcomments&post=2461"}],"wp:featuredmedia":[{"embeddable":true,"href":"https:\/\/pongrac.hu\/index.php?rest_route=\/wp\/v2\/media\/2372"}],"wp:attachment":[{"href":"https:\/\/pongrac.hu\/index.php?rest_route=%2Fwp%2Fv2%2Fmedia&parent=2461"}],"wp:term":[{"taxonomy":"product_brand","embeddable":true,"href":"https:\/\/pongrac.hu\/index.php?rest_route=%2Fwp%2Fv2%2Fproduct_brand&post=2461"},{"taxonomy":"product_cat","embeddable":true,"href":"https:\/\/pongrac.hu\/index.php?rest_route=%2Fwp%2Fv2%2Fproduct_cat&post=2461"},{"taxonomy":"product_tag","embeddable":true,"href":"https:\/\/pongrac.hu\/index.php?rest_route=%2Fwp%2Fv2%2Fproduct_tag&post=2461"}],"curies":[{"name":"wp","href":"https:\/\/api.w.org\/{rel}","templated":true}]}}