{"id":2460,"date":"2011-04-01T08:00:10","date_gmt":"2011-04-01T08:00:10","guid":{"rendered":"http:\/\/dev.pongrac.hu\/?post_type=product&#038;p=2460"},"modified":"2025-02-21T17:16:31","modified_gmt":"2025-02-21T16:16:31","slug":"ghost-fighter-gyilkos-feny","status":"publish","type":"product","link":"https:\/\/pongrac.hu\/?product=ghost-fighter-gyilkos-feny","title":{"rendered":"Ghost Fighter \u2013 Gyilkos f\u00e9ny"},"content":{"rendered":"<p>L\u00e9teznek. Ian Boroughs tudja ezt. L\u00e1tja \u0151ket. SZELLEMEK. Ez a ny\u00e1r lehetne kettej\u00fck nagy k\u00f6z\u00f6s kalandja. Ian \u00e9s Bpm bar\u00e1ts\u00e1g\u00e1nak azonban kem\u00e9ny pr\u00f3bat\u00e9telt kell ki\u00e1llnia, amikor felkerekednek New Yorkba, hogy meglelj\u00e9k Ian elveszett nagyapj\u00e1t \u00e9s az igazs\u00e1got a kegyetlen\u00fcl gyilkol\u00f3 f\u00e9nyl\u00e9nyekr\u0151l. Az izgalomb\u00f3l \u00e9letvesz\u00e9ly lesz, a tal\u00e1lgat\u00e1sokb\u00f3l pedig megd\u00f6bbent\u0151 val\u00f3s\u00e1g. Az pedig, aki a nyomukban van, nem csup\u00e1n a tud\u00e1st szomjazza. Hatalomra v\u00e1gyik. M\u00e9g a vil\u00e1gegyetemen is t\u00falmutat\u00f3 hatalomra.<\/p>\n","protected":false},"excerpt":{"rendered":"<p>\u00cdme Derek Meister Mistery-Thriller-tril\u00f3gi\u00e1j\u00e1nak m\u00e1sodik k\u00f6tete, amely az els\u0151 k\u00f6nyvn\u00e9l is t\u00f6bb izgalmat \u00e9s meglepet\u00e9st k\u00edn\u00e1l.<\/p>\n","protected":false},"featured_media":2371,"comment_status":"closed","ping_status":"closed","template":"","meta":[],"product_brand":[],"product_cat":[466],"product_tag":[294,286,287,271,300,288,285,338,290,312],"class_list":{"0":"post-2460","1":"product","2":"type-product","3":"status-publish","4":"has-post-thumbnail","6":"authors-derek-meister","7":"publisher-pongrac-kiado","8":"product_cat-uncategorized","9":"product_tag-baratsag","10":"product_tag-felelem","11":"product_tag-gyilkossag","12":"product_tag-kaland","13":"product_tag-kamaszkor","14":"product_tag-kepzelet","15":"product_tag-krimi","16":"product_tag-nyar","17":"product_tag-remseg","18":"product_tag-szerelem","20":"first","21":"outofstock","22":"shipping-taxable","23":"purchasable","24":"product-type-simple"},"_links":{"self":[{"href":"https:\/\/pongrac.hu\/index.php?rest_route=\/wp\/v2\/product\/2460","targetHints":{"allow":["GET"]}}],"collection":[{"href":"https:\/\/pongrac.hu\/index.php?rest_route=\/wp\/v2\/product"}],"about":[{"href":"https:\/\/pongrac.hu\/index.php?rest_route=\/wp\/v2\/types\/product"}],"replies":[{"embeddable":true,"href":"https:\/\/pongrac.hu\/index.php?rest_route=%2Fwp%2Fv2%2Fcomments&post=2460"}],"wp:featuredmedia":[{"embeddable":true,"href":"https:\/\/pongrac.hu\/index.php?rest_route=\/wp\/v2\/media\/2371"}],"wp:attachment":[{"href":"https:\/\/pongrac.hu\/index.php?rest_route=%2Fwp%2Fv2%2Fmedia&parent=2460"}],"wp:term":[{"taxonomy":"product_brand","embeddable":true,"href":"https:\/\/pongrac.hu\/index.php?rest_route=%2Fwp%2Fv2%2Fproduct_brand&post=2460"},{"taxonomy":"product_cat","embeddable":true,"href":"https:\/\/pongrac.hu\/index.php?rest_route=%2Fwp%2Fv2%2Fproduct_cat&post=2460"},{"taxonomy":"product_tag","embeddable":true,"href":"https:\/\/pongrac.hu\/index.php?rest_route=%2Fwp%2Fv2%2Fproduct_tag&post=2460"}],"curies":[{"name":"wp","href":"https:\/\/api.w.org\/{rel}","templated":true}]}}