{"id":2459,"date":"2013-01-21T08:00:04","date_gmt":"2013-01-21T08:00:04","guid":{"rendered":"http:\/\/dev.pongrac.hu\/?post_type=product&#038;p=2459"},"modified":"2025-02-21T17:14:10","modified_gmt":"2025-02-21T16:14:10","slug":"florenturna-az-ejszaka-gyermekei","status":"publish","type":"product","link":"https:\/\/pongrac.hu\/?product=florenturna-az-ejszaka-gyermekei","title":{"rendered":"Florenturna \u2013 Az \u00e9jszaka gyermekei"},"content":{"rendered":"<p>1500 k\u00f6r\u00fcl j\u00e1runk. Csak az \u00e9jszaka gyermekei menthetik meg Firenz\u00e9t a pusztul\u00e1st\u00f3l \u2013 kiz\u00e1r\u00f3lag \u0151k juthatnak el a s\u00f6t\u00e9t birodalomba, Florenturn\u00e1ba, ahol Mercurius az \u00far, s akinek egyetlen c\u00e9lja van: megsemmis\u00edteni a v\u00e1rost. A tizenegy \u00e9ves Girolamo eg\u00e9szen addig a napig, amikor egy idegen lovas \u00e9rkezik a faluj\u00e1ba, m\u00e9g soha nem hallott az \u201e\u00e9jszaka gyermekeir\u0151l\u201d \u2013 azt\u00e1n hirtelen f\u00e9lelmetes sz\u00e1rnycsap\u00e1sokkal, \u00e1that\u00f3 sikolyokkal telik meg a leveg\u0151, \u00e9s fej n\u00e9lk\u00fcli sz\u00f6rnyek kezdik \u00fcld\u00f6zni a fi\u00fat. \u0150 a kiv\u00e1lasztott, aki majd az \u00e9jszaka gyermekeit vezeti a Mercurius elleni harc sor\u00e1n. Vajon siker\u00fcl gy\u0151zni\u00fck? A m\u00falt csup\u00e1n egy sz\u00e1rnycsap\u00e1snyira van\u2026<\/p>\n","protected":false},"excerpt":{"rendered":"<p>Fantasztikus t\u00f6rt\u00e9net bar\u00e1ts\u00e1gr\u00f3l, b\u00e1tors\u00e1gr\u00f3l, vit\u00e9zs\u00e9gr\u0151l \u00e9s h\u0171s\u00e9gr\u0151l.<\/p>\n","protected":false},"featured_media":2370,"comment_status":"closed","ping_status":"closed","template":"","meta":[],"product_brand":[],"product_cat":[466],"product_tag":[294,307,372,271,284],"class_list":{"0":"post-2459","1":"product","2":"type-product","3":"status-publish","4":"has-post-thumbnail","6":"authors-kathrin-lange","7":"publisher-pongrac-kiado","8":"product_cat-uncategorized","9":"product_tag-baratsag","10":"product_tag-fantasy","11":"product_tag-firenze","12":"product_tag-kaland","13":"product_tag-magia","15":"first","16":"outofstock","17":"shipping-taxable","18":"purchasable","19":"product-type-simple"},"_links":{"self":[{"href":"https:\/\/pongrac.hu\/index.php?rest_route=\/wp\/v2\/product\/2459","targetHints":{"allow":["GET"]}}],"collection":[{"href":"https:\/\/pongrac.hu\/index.php?rest_route=\/wp\/v2\/product"}],"about":[{"href":"https:\/\/pongrac.hu\/index.php?rest_route=\/wp\/v2\/types\/product"}],"replies":[{"embeddable":true,"href":"https:\/\/pongrac.hu\/index.php?rest_route=%2Fwp%2Fv2%2Fcomments&post=2459"}],"wp:featuredmedia":[{"embeddable":true,"href":"https:\/\/pongrac.hu\/index.php?rest_route=\/wp\/v2\/media\/2370"}],"wp:attachment":[{"href":"https:\/\/pongrac.hu\/index.php?rest_route=%2Fwp%2Fv2%2Fmedia&parent=2459"}],"wp:term":[{"taxonomy":"product_brand","embeddable":true,"href":"https:\/\/pongrac.hu\/index.php?rest_route=%2Fwp%2Fv2%2Fproduct_brand&post=2459"},{"taxonomy":"product_cat","embeddable":true,"href":"https:\/\/pongrac.hu\/index.php?rest_route=%2Fwp%2Fv2%2Fproduct_cat&post=2459"},{"taxonomy":"product_tag","embeddable":true,"href":"https:\/\/pongrac.hu\/index.php?rest_route=%2Fwp%2Fv2%2Fproduct_tag&post=2459"}],"curies":[{"name":"wp","href":"https:\/\/api.w.org\/{rel}","templated":true}]}}