{"id":2457,"date":"2012-03-01T08:00:24","date_gmt":"2012-03-01T08:00:24","guid":{"rendered":"http:\/\/dev.pongrac.hu\/?post_type=product&#038;p=2457"},"modified":"2025-02-21T17:14:59","modified_gmt":"2025-02-21T16:14:59","slug":"felix-net-nika-es-az-elmeletileg-lehetseges-katasztrofa","status":"publish","type":"product","link":"https:\/\/pongrac.hu\/?product=felix-net-nika-es-az-elmeletileg-lehetseges-katasztrofa","title":{"rendered":"F\u00e9lix, Net, Nika \u00e9s az elm\u00e9letileg lehets\u00e9ges katasztr\u00f3fa"},"content":{"rendered":"<p>Az al\u00e1bbi k\u00e9rd\u00e9sekre is v\u00e1laszt kapsz a XXI. sz\u00e1zad egyik legmen\u0151bb ifj\u00fas\u00e1gi bestseller\u00e9t olvasva: Esznek-e embert a h\u00fasev\u0151 n\u00f6v\u00e9nyek? F\u00fcst\u00f6l-e a tealev\u00e9l? Milyenek a robotpinc\u00e9rek? Megnyerhet\u0151-e a II. vil\u00e1gh\u00e1bor\u00fa az ezredfordul\u00f3 ut\u00e1n? L\u00e9teznek-e ac\u00e9lerd\u0151k? Ingerelhet\u0151-e a m\u00falt? Vajon mit keres egy metr\u00f3kocsi a tengerfen\u00e9ken? Hogyan jutunk el Vars\u00f3b\u00f3l Londonba percek alatt?<\/p>\n","protected":false},"excerpt":{"rendered":"<p>A feltal\u00e1l\u00f3pal\u00e1nta F\u00e9lix, a sz\u00e1m\u00edt\u00f3g\u00e9pzseni Net \u00e9s a k\u00f6nyvmoly Nika kalandjainak m\u00e1sodik k\u00f6tete egy \u00fajabb lebilincsel\u0151 t\u00f6rt\u00e9netet bar\u00e1ts\u00e1gr\u00f3l, eszement tal\u00e1lm\u00e1nyokr\u00f3l, fantasztikus \u00e9l\u0151l\u00e9nyekr\u0151l, mesters\u00e9ges intelligenci\u00e1r\u00f3l, cs\u00ednyekr\u0151l, z\u0171r\u00f6kr\u0151l, id\u0151utaz\u00e1sr\u00f3l, titokzatos jelen\u00e9sekr\u0151l \u00e9s titkos \u00fcgyn\u00f6k\u00f6kr\u0151l; meg mindarr\u00f3l, ami ezzel j\u00e1r \u2013 p\u00e9ld\u00e1ul a vil\u00e1g megment\u00e9s\u00e9r\u0151l.<\/p>\n","protected":false},"featured_media":2369,"comment_status":"closed","ping_status":"closed","template":"","meta":[],"product_brand":[],"product_cat":[466],"product_tag":[294],"class_list":{"0":"post-2457","1":"product","2":"type-product","3":"status-publish","4":"has-post-thumbnail","6":"authors-rafal-kosik","7":"publisher-pongrac-kiado","8":"product_cat-uncategorized","9":"product_tag-baratsag","11":"first","12":"outofstock","13":"shipping-taxable","14":"purchasable","15":"product-type-simple"},"_links":{"self":[{"href":"https:\/\/pongrac.hu\/index.php?rest_route=\/wp\/v2\/product\/2457","targetHints":{"allow":["GET"]}}],"collection":[{"href":"https:\/\/pongrac.hu\/index.php?rest_route=\/wp\/v2\/product"}],"about":[{"href":"https:\/\/pongrac.hu\/index.php?rest_route=\/wp\/v2\/types\/product"}],"replies":[{"embeddable":true,"href":"https:\/\/pongrac.hu\/index.php?rest_route=%2Fwp%2Fv2%2Fcomments&post=2457"}],"wp:featuredmedia":[{"embeddable":true,"href":"https:\/\/pongrac.hu\/index.php?rest_route=\/wp\/v2\/media\/2369"}],"wp:attachment":[{"href":"https:\/\/pongrac.hu\/index.php?rest_route=%2Fwp%2Fv2%2Fmedia&parent=2457"}],"wp:term":[{"taxonomy":"product_brand","embeddable":true,"href":"https:\/\/pongrac.hu\/index.php?rest_route=%2Fwp%2Fv2%2Fproduct_brand&post=2457"},{"taxonomy":"product_cat","embeddable":true,"href":"https:\/\/pongrac.hu\/index.php?rest_route=%2Fwp%2Fv2%2Fproduct_cat&post=2457"},{"taxonomy":"product_tag","embeddable":true,"href":"https:\/\/pongrac.hu\/index.php?rest_route=%2Fwp%2Fv2%2Fproduct_tag&post=2457"}],"curies":[{"name":"wp","href":"https:\/\/api.w.org\/{rel}","templated":true}]}}