{"id":2456,"date":"2011-06-01T08:00:50","date_gmt":"2011-06-01T08:00:50","guid":{"rendered":"http:\/\/dev.pongrac.hu\/?post_type=product&#038;p=2456"},"modified":"2025-02-21T17:15:42","modified_gmt":"2025-02-21T16:15:42","slug":"felix-net-nika-es-a-lathatatlan-emberek-bandaja","status":"publish","type":"product","link":"https:\/\/pongrac.hu\/?product=felix-net-nika-es-a-lathatatlan-emberek-bandaja","title":{"rendered":"F\u00e9lix, Net, Nika \u00e9s a L\u00e1thatatlan Emberek Band\u00e1ja"},"content":{"rendered":"<p>Egy hihetetlen t\u00f6rt\u00e9net bar\u00e1ts\u00e1gr\u00f3l, kincsekr\u0151l, k\u00eds\u00e9rtetekr\u0151l, \u0151r\u00fclt tal\u00e1lm\u00e1nyokr\u00f3l, mesters\u00e9ges intelligenci\u00e1r\u00f3l, robotokr\u00f3l, uf\u00f3kr\u00f3l \u00e9s \u2013 nem utols\u00f3sorban \u2013 h\u00e1rom tin\u00e9dzser fantasztikus h\u00e9tk\u00f6znapjair\u00f3l. Ez a k\u00f6nyv megmutatja: igenis mi alak\u00edtjuk a sorsunkat. Hogy \u00e9rdekesen \u00e9l\u00fcnk-e, mindenekel\u0151tt csakis rajtunk m\u00falik.<\/p>\n","protected":false},"excerpt":{"rendered":"<p>A feltal\u00e1l\u00f3pal\u00e1nta F\u00e9lix, a sz\u00e1m\u00edt\u00f3g\u00e9pzseni Net \u00e9s a k\u00f6nyvmoly Nika kalandjainak els\u0151 k\u00f6tet\u00e9t tartod a kezedben<\/p>\n","protected":false},"featured_media":2368,"comment_status":"closed","ping_status":"closed","template":"","meta":[],"product_brand":[],"product_cat":[466],"product_tag":[294,300,288,285,303,318,370],"class_list":{"0":"post-2456","1":"product","2":"type-product","3":"status-publish","4":"has-post-thumbnail","6":"authors-rafal-kosik","7":"publisher-pongrac-kiado","8":"product_cat-uncategorized","9":"product_tag-baratsag","10":"product_tag-kamaszkor","11":"product_tag-kepzelet","12":"product_tag-krimi","13":"product_tag-nyomozas","14":"product_tag-suli","15":"product_tag-szellemkaland","17":"first","18":"outofstock","19":"shipping-taxable","20":"purchasable","21":"product-type-simple"},"_links":{"self":[{"href":"https:\/\/pongrac.hu\/index.php?rest_route=\/wp\/v2\/product\/2456","targetHints":{"allow":["GET"]}}],"collection":[{"href":"https:\/\/pongrac.hu\/index.php?rest_route=\/wp\/v2\/product"}],"about":[{"href":"https:\/\/pongrac.hu\/index.php?rest_route=\/wp\/v2\/types\/product"}],"replies":[{"embeddable":true,"href":"https:\/\/pongrac.hu\/index.php?rest_route=%2Fwp%2Fv2%2Fcomments&post=2456"}],"wp:featuredmedia":[{"embeddable":true,"href":"https:\/\/pongrac.hu\/index.php?rest_route=\/wp\/v2\/media\/2368"}],"wp:attachment":[{"href":"https:\/\/pongrac.hu\/index.php?rest_route=%2Fwp%2Fv2%2Fmedia&parent=2456"}],"wp:term":[{"taxonomy":"product_brand","embeddable":true,"href":"https:\/\/pongrac.hu\/index.php?rest_route=%2Fwp%2Fv2%2Fproduct_brand&post=2456"},{"taxonomy":"product_cat","embeddable":true,"href":"https:\/\/pongrac.hu\/index.php?rest_route=%2Fwp%2Fv2%2Fproduct_cat&post=2456"},{"taxonomy":"product_tag","embeddable":true,"href":"https:\/\/pongrac.hu\/index.php?rest_route=%2Fwp%2Fv2%2Fproduct_tag&post=2456"}],"curies":[{"name":"wp","href":"https:\/\/api.w.org\/{rel}","templated":true}]}}