{"id":2452,"date":"2015-01-25T08:00:36","date_gmt":"2015-01-25T08:00:36","guid":{"rendered":"http:\/\/dev.pongrac.hu\/?post_type=product&#038;p=2452"},"modified":"2021-01-21T14:38:41","modified_gmt":"2021-01-21T13:38:41","slug":"felelsz-vagy-mersz","status":"publish","type":"product","link":"https:\/\/pongrac.hu\/?product=felelsz-vagy-mersz","title":{"rendered":"Felelsz vagy mersz"},"content":{"rendered":"<p>Nemt\u00f6r\u0151d\u00f6m attit\u0171dje m\u00e1gnesk\u00e9nt vonzza be \u0151t a men\u0151 klikkbe, s m\u00e9g miel\u0151tt felt\u0171nne neki, a kalapb\u00f3l el\u0151h\u00fazott j\u00e1t\u00e9ka, a <em>Felelsz vagy mersz<\/em> ikonikus st\u00e1tuszba emeli \u0151t. M\u00edg l\u00e1zad\u00f3 im\u00e1zsa reflektorf\u00e9nyhez seg\u00edti CG-t, egy sz\u00e1m\u00e1ra eddig ismeretlen k\u00e1osz labirintus\u00e1ba is bekergeti. A l\u00e1ny minden \u00fajabb hazugs\u00e1g\u00e1val \u00e9s mer\u00e9sz tett\u00e9vel tov\u00e1bbi ajt\u00f3k t\u00e1rulnak fel, amelyek jobb lett volna, ha z\u00e1rva maradnak. CG katasztr\u00f3faszer\u0171 csap\u00e1sok sorozat\u00e1t szabad\u00edtja mag\u00e1ra.<\/p>\n<p>Vajon k\u00e9pes tov\u00e1bb j\u00e1tszani a szerep\u00e9t? Vagy az eg\u00e9sz vil\u00e1g r\u00e1j\u00f6n, hogy csal\u00f3?<\/p>\n","protected":false},"excerpt":{"rendered":"<p>Az \u00f6njel\u00f6lt <em>Senki<\/em>, CG Silverman \u00faj suliba ker\u00fcl, ahol egy csap\u00e1sra felsz\u00e1ll\u00f3ban tal\u00e1lja mag\u00e1t a n\u00e9pszer\u0171s\u00e9gi rangl\u00e9tr\u00e1n, hogy v\u00e9gre bel\u0151le is v\u00e1lhasson <em>Valaki<\/em>.<\/p>\n","protected":false},"featured_media":2365,"comment_status":"closed","ping_status":"closed","template":"","meta":[],"product_brand":[],"product_cat":[466],"product_tag":[366,300,365,318],"class_list":{"0":"post-2452","1":"product","2":"type-product","3":"status-publish","4":"has-post-thumbnail","6":"authors-lindsay-faith-rech","7":"publisher-pongrac-kiado","8":"product_cat-uncategorized","9":"product_tag-jatek","10":"product_tag-kamaszkor","11":"product_tag-nepszeruseg","12":"product_tag-suli","14":"first","15":"outofstock","16":"shipping-taxable","17":"purchasable","18":"product-type-simple"},"_links":{"self":[{"href":"https:\/\/pongrac.hu\/index.php?rest_route=\/wp\/v2\/product\/2452","targetHints":{"allow":["GET"]}}],"collection":[{"href":"https:\/\/pongrac.hu\/index.php?rest_route=\/wp\/v2\/product"}],"about":[{"href":"https:\/\/pongrac.hu\/index.php?rest_route=\/wp\/v2\/types\/product"}],"replies":[{"embeddable":true,"href":"https:\/\/pongrac.hu\/index.php?rest_route=%2Fwp%2Fv2%2Fcomments&post=2452"}],"wp:featuredmedia":[{"embeddable":true,"href":"https:\/\/pongrac.hu\/index.php?rest_route=\/wp\/v2\/media\/2365"}],"wp:attachment":[{"href":"https:\/\/pongrac.hu\/index.php?rest_route=%2Fwp%2Fv2%2Fmedia&parent=2452"}],"wp:term":[{"taxonomy":"product_brand","embeddable":true,"href":"https:\/\/pongrac.hu\/index.php?rest_route=%2Fwp%2Fv2%2Fproduct_brand&post=2452"},{"taxonomy":"product_cat","embeddable":true,"href":"https:\/\/pongrac.hu\/index.php?rest_route=%2Fwp%2Fv2%2Fproduct_cat&post=2452"},{"taxonomy":"product_tag","embeddable":true,"href":"https:\/\/pongrac.hu\/index.php?rest_route=%2Fwp%2Fv2%2Fproduct_tag&post=2452"}],"curies":[{"name":"wp","href":"https:\/\/api.w.org\/{rel}","templated":true}]}}