{"id":2450,"date":"2011-11-01T08:00:21","date_gmt":"2011-11-01T08:00:21","guid":{"rendered":"http:\/\/dev.pongrac.hu\/?post_type=product&#038;p=2450"},"modified":"2025-02-21T17:15:53","modified_gmt":"2025-02-21T16:15:53","slug":"ezopara-konyvek-3-konyv","status":"publish","type":"product","link":"https:\/\/pongrac.hu\/?product=ezopara-konyvek-3-konyv","title":{"rendered":"EzoPara-k\u00f6nyvek: 3. k\u00f6nyv"},"content":{"rendered":"<p>T\u00f6rt\u00e9net\u00fcnk m\u00e9g mindig ugyanarr\u00f3l a hat \u00e1tlagos fiatalr\u00f3l sz\u00f3l, akik pontosan ugyanezt gondolt\u00e1k. Vagy tal\u00e1n m\u00e1r nem is ugyanazok? Vajon a vel\u00fck t\u00f6rt\u00e9ntek mennyire v\u00e1ltoztatt\u00e1k meg \u0151ket? Szebi, Hanne, Spangli, Berke, Oberon \u00e9s Anett egy ny\u00e1ri t\u00e1borban folytatja a nyomoz\u00e1st, \u00e1m a kalandok sz\u00e1ma \u00e9s gyakoris\u00e1ga nemhogy cs\u00f6kkenne, ink\u00e1bb fokoz\u00f3dik. A megold\u00e1s pedig mindannyiuk sz\u00e1m\u00e1ra megd\u00f6bbent\u0151\u2026 A hat fiatal hatf\u00e9lek\u00e9ppen viszonyul az \u00e9lethez \u2013 egyik\u00fck ak\u00e1r te is lehetn\u00e9l. Felismerik azonban, hogy n\u00e9ha nem \u00e1rt odafigyelni m\u00e1sokra, k\u00fcl\u00f6nben egyed\u00fcl maradnak, ha elker\u00fclhetetlen\u00fcl utol\u00e9ri \u0151ket az <em>Ezo<\/em>(terikus) <em>Para<\/em>(fr\u00e1sz)!<\/p>\n<p>Kellemes borzong\u00e1st k\u00edv\u00e1nunk a harmadik k\u00f6tethez!<\/p>\n","protected":false},"excerpt":{"rendered":"<p>M\u00e9g mindig komolyan azt gondolod, hogy manaps\u00e1g m\u00e1r soha, sehol, semmilyen k\u00f6r\u00fclm\u00e9nyek k\u00f6z\u00f6tt nem tal\u00e1lhatsz igazi csod\u00e1kra?<\/p>\n","protected":false},"featured_media":2363,"comment_status":"closed","ping_status":"closed","template":"","meta":[],"product_brand":[],"product_cat":[466],"product_tag":[294,361,271,285,338,303,290,362],"class_list":{"0":"post-2450","1":"product","2":"type-product","3":"status-publish","4":"has-post-thumbnail","6":"authors-boszormenyi-gyula","7":"authors-macho-zsofia","8":"publisher-pongrac-kiado","9":"product_cat-uncategorized","10":"product_tag-baratsag","11":"product_tag-budapest","12":"product_tag-kaland","13":"product_tag-krimi","14":"product_tag-nyar","15":"product_tag-nyomozas","16":"product_tag-remseg","17":"product_tag-tabor","19":"first","20":"outofstock","21":"shipping-taxable","22":"purchasable","23":"product-type-simple"},"_links":{"self":[{"href":"https:\/\/pongrac.hu\/index.php?rest_route=\/wp\/v2\/product\/2450","targetHints":{"allow":["GET"]}}],"collection":[{"href":"https:\/\/pongrac.hu\/index.php?rest_route=\/wp\/v2\/product"}],"about":[{"href":"https:\/\/pongrac.hu\/index.php?rest_route=\/wp\/v2\/types\/product"}],"replies":[{"embeddable":true,"href":"https:\/\/pongrac.hu\/index.php?rest_route=%2Fwp%2Fv2%2Fcomments&post=2450"}],"wp:featuredmedia":[{"embeddable":true,"href":"https:\/\/pongrac.hu\/index.php?rest_route=\/wp\/v2\/media\/2363"}],"wp:attachment":[{"href":"https:\/\/pongrac.hu\/index.php?rest_route=%2Fwp%2Fv2%2Fmedia&parent=2450"}],"wp:term":[{"taxonomy":"product_brand","embeddable":true,"href":"https:\/\/pongrac.hu\/index.php?rest_route=%2Fwp%2Fv2%2Fproduct_brand&post=2450"},{"taxonomy":"product_cat","embeddable":true,"href":"https:\/\/pongrac.hu\/index.php?rest_route=%2Fwp%2Fv2%2Fproduct_cat&post=2450"},{"taxonomy":"product_tag","embeddable":true,"href":"https:\/\/pongrac.hu\/index.php?rest_route=%2Fwp%2Fv2%2Fproduct_tag&post=2450"}],"curies":[{"name":"wp","href":"https:\/\/api.w.org\/{rel}","templated":true}]}}