{"id":2449,"date":"2011-05-01T08:00:35","date_gmt":"2011-05-01T08:00:35","guid":{"rendered":"http:\/\/dev.pongrac.hu\/?post_type=product&#038;p=2449"},"modified":"2025-02-21T17:16:06","modified_gmt":"2025-02-21T16:16:06","slug":"ezopara-konyvek-2-konyv","status":"publish","type":"product","link":"https:\/\/pongrac.hu\/?product=ezopara-konyvek-2-konyv","title":{"rendered":"EzoPara-k\u00f6nyvek: 2. k\u00f6nyv"},"content":{"rendered":"<p>T\u00f6rt\u00e9net\u00fcnk tov\u00e1bbra is hat \u2013 t\u00f6k\u00e9letesen \u00e1tlagos f\u0151v\u00e1rosi \u2013 fiatalr\u00f3l sz\u00f3l, akik pontosan ugyanezt gondolt\u00e1k, m\u00edgnem egy nap gy\u00e1szkeretes levelet kaptak.<\/p>\n<p>Szebi, Hanne, Spangli, Berke, Oberon \u00e9s Anett olyan nyomoz\u00e1sba kezdenek, amely alig kecsegtet eredm\u00e9nnyel, hiszen el\u0151sz\u00f6r azt sem tudj\u00e1k, mit keresnek. \u00c1m min\u00e9l t\u00f6bb id\u0151t t\u00f6ltenek a rejt\u00e9llyel, ann\u00e1l gyakrabban d\u00f6bbennek meg, s jutnak hol k\u00f6zelebb, hol t\u00e1volabb a megold\u00e1shoz. A hat tizen\u00e9ves tov\u00e1bbra is hatf\u00e9lek\u00e9pp viszonyul az \u00e9lethez, \u00edgy \u2013 mik\u00f6zben az egyik\u00fckben ak\u00e1r magunkra is ismerhet\u00fcnk \u2013 \u00fajabb v\u00e1ltozatos kalandokkal tarthat benn\u00fcnket retteg\u00e9sben az <em>Ezo<\/em>(terikus) <em>Para<\/em>(fr\u00e1sz)!<\/p>\n<p>Kellemes borzong\u00e1st k\u00edv\u00e1nunk a m\u00e1sodik k\u00f6tethez!<\/p>\n","protected":false},"excerpt":{"rendered":"<p>M\u00e9g mindig azt gondolod, hogy manaps\u00e1g m\u00e1r soha, sehol, semmilyen k\u00f6r\u00fclm\u00e9nyek k\u00f6z\u00f6tt sem tal\u00e1lhatsz igazi csod\u00e1kra?<\/p>\n","protected":false},"featured_media":2362,"comment_status":"closed","ping_status":"closed","template":"","meta":[],"product_brand":[],"product_cat":[466],"product_tag":[294,361,271,285,338,303,290,362],"class_list":{"0":"post-2449","1":"product","2":"type-product","3":"status-publish","4":"has-post-thumbnail","6":"authors-boszormenyi-gyula","7":"authors-macho-zsofia","8":"publisher-pongrac-kiado","9":"product_cat-uncategorized","10":"product_tag-baratsag","11":"product_tag-budapest","12":"product_tag-kaland","13":"product_tag-krimi","14":"product_tag-nyar","15":"product_tag-nyomozas","16":"product_tag-remseg","17":"product_tag-tabor","19":"first","20":"outofstock","21":"shipping-taxable","22":"purchasable","23":"product-type-simple"},"_links":{"self":[{"href":"https:\/\/pongrac.hu\/index.php?rest_route=\/wp\/v2\/product\/2449","targetHints":{"allow":["GET"]}}],"collection":[{"href":"https:\/\/pongrac.hu\/index.php?rest_route=\/wp\/v2\/product"}],"about":[{"href":"https:\/\/pongrac.hu\/index.php?rest_route=\/wp\/v2\/types\/product"}],"replies":[{"embeddable":true,"href":"https:\/\/pongrac.hu\/index.php?rest_route=%2Fwp%2Fv2%2Fcomments&post=2449"}],"wp:featuredmedia":[{"embeddable":true,"href":"https:\/\/pongrac.hu\/index.php?rest_route=\/wp\/v2\/media\/2362"}],"wp:attachment":[{"href":"https:\/\/pongrac.hu\/index.php?rest_route=%2Fwp%2Fv2%2Fmedia&parent=2449"}],"wp:term":[{"taxonomy":"product_brand","embeddable":true,"href":"https:\/\/pongrac.hu\/index.php?rest_route=%2Fwp%2Fv2%2Fproduct_brand&post=2449"},{"taxonomy":"product_cat","embeddable":true,"href":"https:\/\/pongrac.hu\/index.php?rest_route=%2Fwp%2Fv2%2Fproduct_cat&post=2449"},{"taxonomy":"product_tag","embeddable":true,"href":"https:\/\/pongrac.hu\/index.php?rest_route=%2Fwp%2Fv2%2Fproduct_tag&post=2449"}],"curies":[{"name":"wp","href":"https:\/\/api.w.org\/{rel}","templated":true}]}}