{"id":2448,"date":"2010-09-01T08:00:41","date_gmt":"2010-09-01T08:00:41","guid":{"rendered":"http:\/\/dev.pongrac.hu\/?post_type=product&#038;p=2448"},"modified":"2025-02-21T17:17:10","modified_gmt":"2025-02-21T16:17:10","slug":"ezopara-konyvek-1-konyv","status":"publish","type":"product","link":"https:\/\/pongrac.hu\/?product=ezopara-konyvek-1-konyv","title":{"rendered":"EzoPara-k\u00f6nyvek: 1. k\u00f6nyv"},"content":{"rendered":"<p>Ez a t\u00f6rt\u00e9net hat (h\u00e1rom l\u00e1ny \u00e9s h\u00e1rom fi\u00fa) t\u00f6k\u00e9letesen \u00e1tlagos f\u0151v\u00e1rosi fiatalr\u00f3l sz\u00f3l, akik pontosan ugyanezt gondolj\u00e1k, m\u00edg egy nap gy\u00e1szkeretes levelet nem kapnak.<br \/>\nSzebi, Hanne, Spangli, Berke, Oberon \u00e9s Anett egy olyan ember temet\u00e9s\u00e9n ismerkednek \u00f6ssze, akir\u0151l \u0151k maguk m\u00e9g soha \u00e9let\u00fckben nem hallottak, s akir\u0151l hamarosan az is kider\u00fcl, hogy tal\u00e1n nem is annyira halott, mint hitt\u00e9k.<br \/>\nA hat sr\u00e1c hatf\u00e9lek\u00e9ppen viszonyul az \u00e9lethez, \u00edgy az egyik\u00fckben ak\u00e1r magunkra is ismerhet\u00fcnk, s azt\u00e1n vel\u00fck egy\u00fctt t\u00f6rhet ki rajtunk az <em>Ezo<\/em>(terikus) <em>Para<\/em>(fr\u00e1sz)<\/p>\n","protected":false},"excerpt":{"rendered":"<p>Hat fiatal megh\u00edv\u00f3t kap egy temet\u00e9sre, s ezzel kezdet\u00e9t veszi \u00e9let\u00fck legnagyobb kalandja. Nyomoz\u00e1s Lovasi-dalokkal a var\u00e1zslat \u00e9s val\u00f3s\u00e1g hat\u00e1rmezsgy\u00e9j\u00e9n.<\/p>\n","protected":false},"featured_media":2361,"comment_status":"closed","ping_status":"closed","template":"","meta":[],"product_brand":[],"product_cat":[466],"product_tag":[294,361,285,284,338,303,290,362],"class_list":{"0":"post-2448","1":"product","2":"type-product","3":"status-publish","4":"has-post-thumbnail","6":"authors-boszormenyi-gyula","7":"authors-macho-zsofia","8":"publisher-pongrac-kiado","9":"product_cat-uncategorized","10":"product_tag-baratsag","11":"product_tag-budapest","12":"product_tag-krimi","13":"product_tag-magia","14":"product_tag-nyar","15":"product_tag-nyomozas","16":"product_tag-remseg","17":"product_tag-tabor","19":"first","20":"outofstock","21":"shipping-taxable","22":"purchasable","23":"product-type-simple"},"_links":{"self":[{"href":"https:\/\/pongrac.hu\/index.php?rest_route=\/wp\/v2\/product\/2448","targetHints":{"allow":["GET"]}}],"collection":[{"href":"https:\/\/pongrac.hu\/index.php?rest_route=\/wp\/v2\/product"}],"about":[{"href":"https:\/\/pongrac.hu\/index.php?rest_route=\/wp\/v2\/types\/product"}],"replies":[{"embeddable":true,"href":"https:\/\/pongrac.hu\/index.php?rest_route=%2Fwp%2Fv2%2Fcomments&post=2448"}],"wp:featuredmedia":[{"embeddable":true,"href":"https:\/\/pongrac.hu\/index.php?rest_route=\/wp\/v2\/media\/2361"}],"wp:attachment":[{"href":"https:\/\/pongrac.hu\/index.php?rest_route=%2Fwp%2Fv2%2Fmedia&parent=2448"}],"wp:term":[{"taxonomy":"product_brand","embeddable":true,"href":"https:\/\/pongrac.hu\/index.php?rest_route=%2Fwp%2Fv2%2Fproduct_brand&post=2448"},{"taxonomy":"product_cat","embeddable":true,"href":"https:\/\/pongrac.hu\/index.php?rest_route=%2Fwp%2Fv2%2Fproduct_cat&post=2448"},{"taxonomy":"product_tag","embeddable":true,"href":"https:\/\/pongrac.hu\/index.php?rest_route=%2Fwp%2Fv2%2Fproduct_tag&post=2448"}],"curies":[{"name":"wp","href":"https:\/\/api.w.org\/{rel}","templated":true}]}}