{"id":2447,"date":"2012-09-12T08:00:08","date_gmt":"2012-09-12T08:00:08","guid":{"rendered":"http:\/\/dev.pongrac.hu\/?post_type=product&#038;p=2447"},"modified":"2021-01-21T13:57:54","modified_gmt":"2021-01-21T12:57:54","slug":"erebos","status":"publish","type":"product","link":"https:\/\/pongrac.hu\/?product=erebos","title":{"rendered":"Erebos"},"content":{"rendered":"<p>Nick megsz\u00e1llottja az Erebos c\u00edm\u0171 sz\u00e1m\u00edt\u00f3g\u00e9pes j\u00e1t\u00e9knak, ami k\u00e9zr\u0151l k\u00e9zre j\u00e1r az iskol\u00e1j\u00e1ban. A szab\u00e1lyok el\u00e9g szigor\u00faak: mindenki csup\u00e1n egyetlen es\u00e9lyt kap, hogy Erebost j\u00e1tszhasson. J\u00e1t\u00e9k k\u00f6zben egyed\u00fcl kell lenni, \u00e9s senkinek sem szabad r\u00f3la besz\u00e9lni. Aki ezeket megszegi, vagy nem teljes\u00edti a k\u00fcldet\u00e9seit, kiesik, \u00e9s t\u00f6bb\u00e9 nem is tudja elind\u00edtani a j\u00e1t\u00e9kot. De ami a leg\u00e9rdekesebb: az Erebos olyan megb\u00edz\u00e1sokat ad, amelyeket nem a virtu\u00e1lis vil\u00e1gban, hanem a val\u00f3s\u00e1gban kell v\u00e9grehajtani. A k\u00e9pzelet \u00e9s a val\u00f3s\u00e1g zavarosan \u00f6sszemos\u00f3dik. Azt\u00e1n a j\u00e1t\u00e9k arra utas\u00edtja Nicket, hogy \u00f6lj\u00f6n meg egy embert\u2026<\/p>\n","protected":false},"excerpt":{"rendered":"<p>Az Erebos egy j\u00e1t\u00e9k. Figyel t\u00e9ged, besz\u00e9l hozz\u00e1d, megjutalmaz, ellen\u0151riz, fenyeget.<\/p>\n<p>Az Erebosnak c\u00e9lja van: \u00f6lnie kell<\/p>\n","protected":false},"featured_media":2360,"comment_status":"closed","ping_status":"closed","template":"","meta":[],"product_brand":[],"product_cat":[466],"product_tag":[287,271,300,303,305,358,290,318,274,297],"class_list":{"0":"post-2447","1":"product","2":"type-product","3":"status-publish","4":"has-post-thumbnail","6":"authors-ursula-poznanski","7":"publisher-pongrac-kiado","8":"product_cat-uncategorized","9":"product_tag-gyilkossag","10":"product_tag-kaland","11":"product_tag-kamaszkor","12":"product_tag-nyomozas","13":"product_tag-onmagad","14":"product_tag-remalom","15":"product_tag-remseg","16":"product_tag-suli","17":"product_tag-titok","18":"product_tag-utazas","20":"first","21":"outofstock","22":"shipping-taxable","23":"purchasable","24":"product-type-simple"},"_links":{"self":[{"href":"https:\/\/pongrac.hu\/index.php?rest_route=\/wp\/v2\/product\/2447","targetHints":{"allow":["GET"]}}],"collection":[{"href":"https:\/\/pongrac.hu\/index.php?rest_route=\/wp\/v2\/product"}],"about":[{"href":"https:\/\/pongrac.hu\/index.php?rest_route=\/wp\/v2\/types\/product"}],"replies":[{"embeddable":true,"href":"https:\/\/pongrac.hu\/index.php?rest_route=%2Fwp%2Fv2%2Fcomments&post=2447"}],"wp:featuredmedia":[{"embeddable":true,"href":"https:\/\/pongrac.hu\/index.php?rest_route=\/wp\/v2\/media\/2360"}],"wp:attachment":[{"href":"https:\/\/pongrac.hu\/index.php?rest_route=%2Fwp%2Fv2%2Fmedia&parent=2447"}],"wp:term":[{"taxonomy":"product_brand","embeddable":true,"href":"https:\/\/pongrac.hu\/index.php?rest_route=%2Fwp%2Fv2%2Fproduct_brand&post=2447"},{"taxonomy":"product_cat","embeddable":true,"href":"https:\/\/pongrac.hu\/index.php?rest_route=%2Fwp%2Fv2%2Fproduct_cat&post=2447"},{"taxonomy":"product_tag","embeddable":true,"href":"https:\/\/pongrac.hu\/index.php?rest_route=%2Fwp%2Fv2%2Fproduct_tag&post=2447"}],"curies":[{"name":"wp","href":"https:\/\/api.w.org\/{rel}","templated":true}]}}