{"id":2446,"date":"2013-09-11T08:00:31","date_gmt":"2013-09-11T08:00:31","guid":{"rendered":"http:\/\/dev.pongrac.hu\/?post_type=product&#038;p=2446"},"modified":"2025-02-21T17:13:32","modified_gmt":"2025-02-21T16:13:32","slug":"elveszett-szemek","status":"publish","type":"product","link":"https:\/\/pongrac.hu\/?product=elveszett-szemek","title":{"rendered":"Elveszett szemek"},"content":{"rendered":"<p>St\u00edna \u00e9s Jonni elindulnak haza. Picikoca, a minden l\u00e9ben kan\u00e1l, \u00e1m okos \u00e9s ravasz malac is vel\u00fck tart. K\u00f6d \u00e9s s\u00f6t\u00e9ts\u00e9g ereszkedik a t\u00e1jra, a gyerekek pedig hamarosan elszakadnak egym\u00e1st\u00f3l. Csapd\u00e1kon, vad l\u00e1vamez\u0151k\u00f6n \u00e9s s\u0171r\u0171 erd\u0151k\u00f6n kell kereszt\u00fcljutniuk, titkokkal \u00e9s rejt\u00e9lyekkel megk\u00fczdeni\u00fck, mik\u00f6zben sz\u00e1mtalan furcsa szerzettel is \u00f6sszeakadnak. Nemegyszer csak a vakszerencs\u00e9nek vagy a l\u00e9lekjelenl\u00e9t\u00fcknek k\u00f6sz\u00f6nhetik az \u00e9let\u00fcket: lelepleznek egy k\u00f6rm\u00f6nfont b\u0171ntettet, megoldanak egy t\u00f6bb \u00e9vtizedes m\u00e1gikus tal\u00e1nyt, \u00e9s m\u00e9g csak nem is sz\u00fcks\u00e9ges minden esetben var\u00e1zser\u0151t alkalmazniuk.<br \/>\nHogy azt honnan mer\u00edtik? \u00c9s hogy hazajutnak-e v\u00e9g\u00fcl?<\/p>\n","protected":false},"excerpt":{"rendered":"<p>Lapozz bele a Nordic Book Award 2003-as d\u00edjazottj\u00e1nak, Izland egyik legkedveltebb ifj\u00fas\u00e1gi \u00edr\u00f3n\u0151j\u00e9nek izgalmas k\u00f6tet\u00e9be, \u00e9s mer\u00fclj el ebben a sodr\u00f3 lend\u00fclet\u0171 kalandban!<\/p>\n","protected":false},"featured_media":2358,"comment_status":"closed","ping_status":"closed","template":"","meta":[],"product_brand":[],"product_cat":[466],"product_tag":[294,271,284,355,298,356,297],"class_list":{"0":"post-2446","1":"product","2":"type-product","3":"status-publish","4":"has-post-thumbnail","6":"authors-pongrac-csapata","7":"authors-sigrun-eldjarn","8":"publisher-pongrac-kiado","9":"product_cat-uncategorized","10":"product_tag-baratsag","11":"product_tag-kaland","12":"product_tag-magia","13":"product_tag-malac","14":"product_tag-mese","15":"product_tag-nagyvilag","16":"product_tag-utazas","18":"first","19":"outofstock","20":"shipping-taxable","21":"purchasable","22":"product-type-simple"},"_links":{"self":[{"href":"https:\/\/pongrac.hu\/index.php?rest_route=\/wp\/v2\/product\/2446","targetHints":{"allow":["GET"]}}],"collection":[{"href":"https:\/\/pongrac.hu\/index.php?rest_route=\/wp\/v2\/product"}],"about":[{"href":"https:\/\/pongrac.hu\/index.php?rest_route=\/wp\/v2\/types\/product"}],"replies":[{"embeddable":true,"href":"https:\/\/pongrac.hu\/index.php?rest_route=%2Fwp%2Fv2%2Fcomments&post=2446"}],"wp:featuredmedia":[{"embeddable":true,"href":"https:\/\/pongrac.hu\/index.php?rest_route=\/wp\/v2\/media\/2358"}],"wp:attachment":[{"href":"https:\/\/pongrac.hu\/index.php?rest_route=%2Fwp%2Fv2%2Fmedia&parent=2446"}],"wp:term":[{"taxonomy":"product_brand","embeddable":true,"href":"https:\/\/pongrac.hu\/index.php?rest_route=%2Fwp%2Fv2%2Fproduct_brand&post=2446"},{"taxonomy":"product_cat","embeddable":true,"href":"https:\/\/pongrac.hu\/index.php?rest_route=%2Fwp%2Fv2%2Fproduct_cat&post=2446"},{"taxonomy":"product_tag","embeddable":true,"href":"https:\/\/pongrac.hu\/index.php?rest_route=%2Fwp%2Fv2%2Fproduct_tag&post=2446"}],"curies":[{"name":"wp","href":"https:\/\/api.w.org\/{rel}","templated":true}]}}