{"id":2445,"date":"2010-11-01T08:00:08","date_gmt":"2010-11-01T08:00:08","guid":{"rendered":"http:\/\/dev.pongrac.hu\/?post_type=product&#038;p=2445"},"modified":"2021-01-21T14:10:40","modified_gmt":"2021-01-21T13:10:40","slug":"ella-ujabb-kalandjai","status":"publish","type":"product","link":"https:\/\/pongrac.hu\/?product=ella-ujabb-kalandjai","title":{"rendered":"Ella \u00fajabb kalandjai"},"content":{"rendered":"<p>\u201eA nevem Ella. Nagyon klassz az oszt\u00e1lyom, \u00e9s a tan\u00edt\u00f3 b\u00e1csink is aranyos. Vagyis csak volt, mert az ut\u00f3bbi id\u0151ben egy kicsit kimer\u00fcltnek l\u00e1tszik. Biztosan az\u00e9rt, mert amikor elutazott egy helyre, hogy megpihentesse az idegeit, ott vel\u00fcnk tal\u00e1lkozott. Azt\u00e1n meg Pate sztr\u00e1jkolni kezdett, amikor megtudta, hogy m\u00e1sodik oszt\u00e1lyban m\u00e9g nem kap fizet\u00e9st. R\u00e1ad\u00e1sul j\u00f6tt egy \u00faj gyerek is az oszt\u00e1lyba, egyenesen egy m\u00e1sik bolyg\u00f3r\u00f3l. V\u00e9g\u00fcl a tan\u00edt\u00f3 b\u00e1csi m\u00e9gis szervezett nek\u00fcnk \u00e9jszakai iskol\u00e1t, ami nagyon j\u00f3l siker\u00fclt \u2013 m\u00e9g a gondnok, az iskolaigazgat\u00f3-k\u00eds\u00e9rtet, a rend\u0151r \u00e9s a t\u0171zolt\u00f3k is nagyon j\u00f3l \u00e9rezt\u00e9k magukat.\u201d<\/p>\n","protected":false},"excerpt":{"rendered":"<p>Az Ella \u00fajabb kalandjai egy als\u00f3 tagozatos oszt\u00e1ly nem szokv\u00e1nyos mindennapjait \u00e9s nem mindennapi kalandjait mutatja be, rengeteg humorral \u00e9s v\u00e1ratlan fordulattal. Az Ella-t\u00f6rt\u00e9netek els\u0151 k\u00f6tete is megjelent m\u00e1r magyarul PONGR\u00c1C gondoz\u00e1s\u00e1ban.<\/p>\n","protected":false},"featured_media":2357,"comment_status":"closed","ping_status":"closed","template":"","meta":[],"product_brand":[],"product_cat":[466],"product_tag":[294,350,271,300,298,318],"class_list":{"0":"post-2445","1":"product","2":"type-product","3":"status-publish","4":"has-post-thumbnail","6":"authors-almasi-zeteny","7":"authors-timo-parvela","8":"publisher-pongrac-kiado","9":"product_cat-uncategorized","10":"product_tag-baratsag","11":"product_tag-ella","12":"product_tag-kaland","13":"product_tag-kamaszkor","14":"product_tag-mese","15":"product_tag-suli","17":"first","18":"instock","19":"shipping-taxable","20":"purchasable","21":"product-type-simple"},"_links":{"self":[{"href":"https:\/\/pongrac.hu\/index.php?rest_route=\/wp\/v2\/product\/2445","targetHints":{"allow":["GET"]}}],"collection":[{"href":"https:\/\/pongrac.hu\/index.php?rest_route=\/wp\/v2\/product"}],"about":[{"href":"https:\/\/pongrac.hu\/index.php?rest_route=\/wp\/v2\/types\/product"}],"replies":[{"embeddable":true,"href":"https:\/\/pongrac.hu\/index.php?rest_route=%2Fwp%2Fv2%2Fcomments&post=2445"}],"wp:featuredmedia":[{"embeddable":true,"href":"https:\/\/pongrac.hu\/index.php?rest_route=\/wp\/v2\/media\/2357"}],"wp:attachment":[{"href":"https:\/\/pongrac.hu\/index.php?rest_route=%2Fwp%2Fv2%2Fmedia&parent=2445"}],"wp:term":[{"taxonomy":"product_brand","embeddable":true,"href":"https:\/\/pongrac.hu\/index.php?rest_route=%2Fwp%2Fv2%2Fproduct_brand&post=2445"},{"taxonomy":"product_cat","embeddable":true,"href":"https:\/\/pongrac.hu\/index.php?rest_route=%2Fwp%2Fv2%2Fproduct_cat&post=2445"},{"taxonomy":"product_tag","embeddable":true,"href":"https:\/\/pongrac.hu\/index.php?rest_route=%2Fwp%2Fv2%2Fproduct_tag&post=2445"}],"curies":[{"name":"wp","href":"https:\/\/api.w.org\/{rel}","templated":true}]}}