{"id":2444,"date":"2015-10-01T08:00:19","date_gmt":"2015-10-01T08:00:19","guid":{"rendered":"http:\/\/dev.pongrac.hu\/?post_type=product&#038;p=2444"},"modified":"2021-01-21T11:59:39","modified_gmt":"2021-01-21T10:59:39","slug":"gyerekek-tessek-vigyazni","status":"publish","type":"product","link":"https:\/\/pongrac.hu\/?product=gyerekek-tessek-vigyazni","title":{"rendered":"Gyerekek! Tess\u00e9k vigy\u00e1zni!"},"content":{"rendered":"<p>A tan\u00edt\u00f3 b\u00e1csi saj\u00e1tos viselked\u00e9se miatt az eg\u00e9sz m\u00e1sodik oszt\u00e1ly agg\u00f3dik. Most \u00e9rt v\u00e9get a vak\u00e1ci\u00f3, \u00e9ppen csak elkezd\u0151d\u00f6tt a tan\u00e9v, \u00e1m a tan\u00edt\u00f3 b\u00e1csi igencsak f\u00e1radtnak t\u0171nik. R\u00e1ad\u00e1sul furcs\u00e1kat is mond: folyton szeretetr\u0151l \u00e9s boldogs\u00e1gr\u00f3l besz\u00e9l\u2026 Vajon mi k\u00f6ze ennek az eg\u00e9sznek egy csillog\u00f3-villog\u00f3 \u00faj aut\u00f3hoz \u00e9s a tan\u00edt\u00f3 b\u00e1csi ki\u00fct\u00e9seihez? Ella \u00e9s bar\u00e1tai s\u00falyos betegs\u00e9gre gyanakodnak, ez\u00e9rt ker\u00edtenek egy orvost, akihez nem a tan\u00edt\u00f3 b\u00e1csit, hanem a makkeg\u00e9szs\u00e9ges Pat\u00e9t k\u00fcldik inform\u00e1ci\u00f3k\u00e9rt. Egyik meglep\u0151 fordulat k\u00f6veti a m\u00e1sikat: a dolgok alakul\u00e1s\u00e1ban nem kev\u00e9s szerepet kap a tan\u00edt\u00f3 b\u00e1csi k\u00e9t kuty\u00e1ja, Pr\u00e9ri \u00e9s Farkas, egy jobb sorsra \u00e9rdemes tanfel\u00fcgyel\u0151, s\u0151t m\u00e9g egy b\u00e1r\u00e1nyhiml\u0151s \u00f3ri\u00e1s-rep\u00fcl\u0151m\u00f3kus is.<\/p>\n","protected":false},"excerpt":{"rendered":"<p>Ella \u00e9s bar\u00e1tai a sorozat hatodik k\u00f6tet\u00e9ben sem unatkoznak, \u00e9s m\u00e9g egy \u201ekedvenc helyre\u201d is siker\u00fclt szert tenni\u00fck.<\/p>\n","protected":false},"featured_media":2356,"comment_status":"closed","ping_status":"closed","template":"","meta":[],"product_brand":[],"product_cat":[466],"product_tag":[294,350,271,318],"class_list":{"0":"post-2444","1":"product","2":"type-product","3":"status-publish","4":"has-post-thumbnail","6":"authors-almasi-zeteny","7":"authors-timo-parvela","8":"publisher-pongrac-kiado","9":"product_cat-uncategorized","10":"product_tag-baratsag","11":"product_tag-ella","12":"product_tag-kaland","13":"product_tag-suli","15":"first","16":"instock","17":"shipping-taxable","18":"purchasable","19":"product-type-simple"},"_links":{"self":[{"href":"https:\/\/pongrac.hu\/index.php?rest_route=\/wp\/v2\/product\/2444","targetHints":{"allow":["GET"]}}],"collection":[{"href":"https:\/\/pongrac.hu\/index.php?rest_route=\/wp\/v2\/product"}],"about":[{"href":"https:\/\/pongrac.hu\/index.php?rest_route=\/wp\/v2\/types\/product"}],"replies":[{"embeddable":true,"href":"https:\/\/pongrac.hu\/index.php?rest_route=%2Fwp%2Fv2%2Fcomments&post=2444"}],"wp:featuredmedia":[{"embeddable":true,"href":"https:\/\/pongrac.hu\/index.php?rest_route=\/wp\/v2\/media\/2356"}],"wp:attachment":[{"href":"https:\/\/pongrac.hu\/index.php?rest_route=%2Fwp%2Fv2%2Fmedia&parent=2444"}],"wp:term":[{"taxonomy":"product_brand","embeddable":true,"href":"https:\/\/pongrac.hu\/index.php?rest_route=%2Fwp%2Fv2%2Fproduct_brand&post=2444"},{"taxonomy":"product_cat","embeddable":true,"href":"https:\/\/pongrac.hu\/index.php?rest_route=%2Fwp%2Fv2%2Fproduct_cat&post=2444"},{"taxonomy":"product_tag","embeddable":true,"href":"https:\/\/pongrac.hu\/index.php?rest_route=%2Fwp%2Fv2%2Fproduct_tag&post=2444"}],"curies":[{"name":"wp","href":"https:\/\/api.w.org\/{rel}","templated":true}]}}