{"id":2443,"date":"2013-05-01T08:00:29","date_gmt":"2013-05-01T08:00:29","guid":{"rendered":"http:\/\/dev.pongrac.hu\/?post_type=product&#038;p=2443"},"modified":"2018-11-08T11:30:48","modified_gmt":"2018-11-08T10:30:48","slug":"ella-lappfoldon","status":"publish","type":"product","link":"https:\/\/pongrac.hu\/?product=ella-lappfoldon","title":{"rendered":"Ella Lappf\u00f6ld\u00f6n"},"content":{"rendered":"<p>Mindenki lelkes, legink\u00e1bb maga a tan\u00edt\u00f3 b\u00e1csi, aki mindig arr\u00f3l \u00e1lmodozott, hogy egyszer majd megpillanthatja a teliholdat a vadon f\u00f6l\u00f6tt. \u00c1m igencsak meglep\u0151dnek, amikor k\u00fclf\u00f6ld helyett Lappf\u00f6ldre \u00e9rkeznek, mivel t\u00e9ved\u00e9sb\u0151l egy belf\u00f6ldi j\u00e1ratra sz\u00e1lltak. A havas \u00e9szakon olyan seg\u00edts\u00e9g \u00e9rkezik, amire a legkev\u00e9sb\u00e9 sz\u00e1m\u00edtanak. A mulats\u00e1gos f\u00e9lre\u00e9rt\u00e9sek nyom\u00e1n az oszt\u00e1lykir\u00e1ndul\u00e1s egyre hajmereszt\u0151bb kalandok<br \/>\nsorozat\u00e1v\u00e1 v\u00e1ltozik\u2026<\/p>\n","protected":false},"excerpt":{"rendered":"<p>A haz\u00e1j\u00e1ban \u00e9s k\u00fclf\u00f6ld\u00f6n egyar\u00e1nt elismert finn \u00edr\u00f3, Timo Parvela n\u00e9pszer\u0171 Ella-sorozat\u00e1nak harmadik k\u00f6tet\u00e9ben Ella oszt\u00e1lya jutalomkir\u00e1ndul\u00e1sra k\u00e9sz\u00fcl, m\u00e9gpedig k\u00fclf\u00f6ldre.<\/p>\n","protected":false},"featured_media":2355,"comment_status":"closed","ping_status":"closed","template":"","meta":[],"product_brand":[],"product_cat":[466],"product_tag":[294,350,271,297],"class_list":{"0":"post-2443","1":"product","2":"type-product","3":"status-publish","4":"has-post-thumbnail","6":"authors-almasi-zeteny","7":"authors-timo-parvela","8":"publisher-pongrac-kiado","9":"product_cat-uncategorized","10":"product_tag-baratsag","11":"product_tag-ella","12":"product_tag-kaland","13":"product_tag-utazas","15":"first","16":"outofstock","17":"shipping-taxable","18":"purchasable","19":"product-type-simple"},"_links":{"self":[{"href":"https:\/\/pongrac.hu\/index.php?rest_route=\/wp\/v2\/product\/2443","targetHints":{"allow":["GET"]}}],"collection":[{"href":"https:\/\/pongrac.hu\/index.php?rest_route=\/wp\/v2\/product"}],"about":[{"href":"https:\/\/pongrac.hu\/index.php?rest_route=\/wp\/v2\/types\/product"}],"replies":[{"embeddable":true,"href":"https:\/\/pongrac.hu\/index.php?rest_route=%2Fwp%2Fv2%2Fcomments&post=2443"}],"wp:featuredmedia":[{"embeddable":true,"href":"https:\/\/pongrac.hu\/index.php?rest_route=\/wp\/v2\/media\/2355"}],"wp:attachment":[{"href":"https:\/\/pongrac.hu\/index.php?rest_route=%2Fwp%2Fv2%2Fmedia&parent=2443"}],"wp:term":[{"taxonomy":"product_brand","embeddable":true,"href":"https:\/\/pongrac.hu\/index.php?rest_route=%2Fwp%2Fv2%2Fproduct_brand&post=2443"},{"taxonomy":"product_cat","embeddable":true,"href":"https:\/\/pongrac.hu\/index.php?rest_route=%2Fwp%2Fv2%2Fproduct_cat&post=2443"},{"taxonomy":"product_tag","embeddable":true,"href":"https:\/\/pongrac.hu\/index.php?rest_route=%2Fwp%2Fv2%2Fproduct_tag&post=2443"}],"curies":[{"name":"wp","href":"https:\/\/api.w.org\/{rel}","templated":true}]}}