{"id":2442,"date":"2010-02-01T08:00:30","date_gmt":"2010-02-01T08:00:30","guid":{"rendered":"http:\/\/dev.pongrac.hu\/?post_type=product&#038;p=2442"},"modified":"2021-01-21T14:34:25","modified_gmt":"2021-01-21T13:34:25","slug":"ella-es-baratai","status":"publish","type":"product","link":"https:\/\/pongrac.hu\/?product=ella-es-baratai","title":{"rendered":"Ella \u00e9s bar\u00e1tai"},"content":{"rendered":"<p>Az Ella-sorozat k\u00f6nyvei szerepelnek az iskolai tantervben, \u00e9s Finnorsz\u00e1gban kultikus klasszikuss\u00e1 v\u00e1ltak. A kisiskol\u00e1s Ell\u00e1r\u00f3l \u00e9s bar\u00e1tair\u00f3l sz\u00f3l\u00f3 t\u00f6rt\u00e9netek rendk\u00edv\u00fcl n\u00e9pszer\u0171ek az als\u00f3 tagozatos koroszt\u00e1ly, valamint sz\u00fcleik \u00e9s tan\u00e1raik k\u00f6r\u00e9ben. A t\u00f6rt\u00e9netek saj\u00e1tos felfog\u00e1sban \u00e1br\u00e1zolj\u00e1k a gyerekek n\u00e9zeteit a feln\u0151ttek vil\u00e1g\u00e1r\u00f3l. A vicces t\u00f6rt\u00e9netek az els\u0151 oszt\u00e1lyos Ella \u00e9s bar\u00e1tai viharos iskolai \u00e9let\u00e9t \u00e1br\u00e1zolj\u00e1k. A gyerekek rengeteg kalandot \u00e9lnek \u00e1t, v\u00e9lt vagy val\u00f3s rejt\u00e9lyeket oldanak meg: pl. kinyomozz\u00e1k, mi\u00e9rt kap a tan\u00e1r b\u00e1csi zsarol\u00f3 leveleket.<\/p>\n","protected":false},"excerpt":{"rendered":"<p>R\u00e9szlet a k\u00f6nyvb\u0151l:<br \/>\n\u201eA nevem Ella. Els\u0151 oszt\u00e1lyos vagyok. Nagyon klassz az oszt\u00e1lyom, \u00e9s a tan\u00edt\u00f3 b\u00e1csink is klassz. Vagyis csak volt, mert az ut\u00f3bbi id\u0151ben el\u00e9gg\u00e9 ideges. Val\u00f3sz\u00edn\u0171leg az\u00e9rt ilyen, mert el\u0151sz\u00f6r n\u00e1sz\u00fatra kellett utaznia, azt\u00e1n benn\u00fcnket vitt el sz\u00ednh\u00e1zba, majd k\u00f6vetkezett az oszt\u00e1lykir\u00e1ndul\u00e1s. \u00dagy l\u00e1tszik, nem val\u00f3 neki az utazgat\u00e1s. Furcsa, mert mi \u2013 \u00e9n, Pate, Tuukka, Samppa, Hanna \u00e9s Tiina \u2013 nagyon \u00e9lvezt\u00fck.\u201d<\/p>\n","protected":false},"featured_media":2354,"comment_status":"closed","ping_status":"closed","template":"","meta":[],"product_brand":[],"product_cat":[466],"product_tag":[294,350,271,303,318],"class_list":{"0":"post-2442","1":"product","2":"type-product","3":"status-publish","4":"has-post-thumbnail","6":"authors-almasi-zeteny","7":"authors-timo-parvela","8":"publisher-pongrac-kiado","9":"product_cat-uncategorized","10":"product_tag-baratsag","11":"product_tag-ella","12":"product_tag-kaland","13":"product_tag-nyomozas","14":"product_tag-suli","16":"first","17":"instock","18":"shipping-taxable","19":"purchasable","20":"product-type-simple"},"_links":{"self":[{"href":"https:\/\/pongrac.hu\/index.php?rest_route=\/wp\/v2\/product\/2442","targetHints":{"allow":["GET"]}}],"collection":[{"href":"https:\/\/pongrac.hu\/index.php?rest_route=\/wp\/v2\/product"}],"about":[{"href":"https:\/\/pongrac.hu\/index.php?rest_route=\/wp\/v2\/types\/product"}],"replies":[{"embeddable":true,"href":"https:\/\/pongrac.hu\/index.php?rest_route=%2Fwp%2Fv2%2Fcomments&post=2442"}],"wp:featuredmedia":[{"embeddable":true,"href":"https:\/\/pongrac.hu\/index.php?rest_route=\/wp\/v2\/media\/2354"}],"wp:attachment":[{"href":"https:\/\/pongrac.hu\/index.php?rest_route=%2Fwp%2Fv2%2Fmedia&parent=2442"}],"wp:term":[{"taxonomy":"product_brand","embeddable":true,"href":"https:\/\/pongrac.hu\/index.php?rest_route=%2Fwp%2Fv2%2Fproduct_brand&post=2442"},{"taxonomy":"product_cat","embeddable":true,"href":"https:\/\/pongrac.hu\/index.php?rest_route=%2Fwp%2Fv2%2Fproduct_cat&post=2442"},{"taxonomy":"product_tag","embeddable":true,"href":"https:\/\/pongrac.hu\/index.php?rest_route=%2Fwp%2Fv2%2Fproduct_tag&post=2442"}],"curies":[{"name":"wp","href":"https:\/\/api.w.org\/{rel}","templated":true}]}}