{"id":2440,"date":"2015-03-01T08:00:04","date_gmt":"2015-03-01T08:00:04","guid":{"rendered":"http:\/\/dev.pongrac.hu\/?post_type=product&#038;p=2440"},"modified":"2021-01-21T12:01:02","modified_gmt":"2021-01-21T11:01:02","slug":"ella-a-tengeren","status":"publish","type":"product","link":"https:\/\/pongrac.hu\/?product=ella-a-tengeren","title":{"rendered":"Ella a tengeren"},"content":{"rendered":"<p>Kit\u00f6r a vak\u00e1ci\u00f3. Ella, az oszt\u00e1ly \u00e9s a tan\u00edt\u00f3 b\u00e1csi tengerre sz\u00e1llnak. Haj\u00f3k\u00e1znak, ki-kik\u00f6tnek kedv\u00fck szerint, hogy mihamarabb elfeledhess\u00e9k az iskol\u00e1t. M\u00e1sok is vel\u00fck tartanak \u2013 egy t\u00faravezet\u0151 p\u00e9ld\u00e1ul, akinek, \u00fagy t\u0171nik, mindenn\u00e9l fontosabb a fegyelem. L\u00e9pten-nyomon utas\u00edt\u00e1sokat osztogat a gyerekeknek, amelyeket m\u00e9g a tan\u00edt\u00f3 b\u00e1csi is k\u00e9nytelen betartani, pedig ha valaki, \u0151 azt\u00e1n tudja, hogy ha p\u00e9ld\u00e1ul horg\u00e1sz\u00e1sr\u00f3l van sz\u00f3, sokkal biztons\u00e1gosabb \u00e9s balesetmentesebb horog n\u00e9lk\u00fcl pr\u00f3b\u00e1lkozni, nemcsak a halak, hanem azok miatt is, akik a horg\u00e1szbotot kezelik, vagy akik mellett\u00fck \u00e1llnak. Ella \u00e9s bar\u00e1tai hozz\u00e1k a form\u00e1jukat: a sorozat \u00f6t\u00f6dik k\u00f6tet\u00e9t olvasva is garant\u00e1lt a f\u00e9ktelen kacag\u00e1s.<\/p>\n","protected":false},"excerpt":{"rendered":"<p>A haz\u00e1j\u00e1ban \u00e9s k\u00fclf\u00f6ld\u00f6n egyar\u00e1nt elismert finn \u00edr\u00f3, Timo Parvela n\u00e9pszer\u0171 Ella-sorozat\u00e1nak leg\u00fajabb k\u00f6tet\u00e9ben Ell\u00e1\u00e9k tengerre sz\u00e1llnak.Ella \u00e9s bar\u00e1tai hozz\u00e1k a form\u00e1jukat: a sorozat \u00f6t\u00f6dik r\u00e9sz\u00e9t olvasva is garant\u00e1lt a f\u00e9ktelen kacag\u00e1s<\/p>\n","protected":false},"featured_media":2352,"comment_status":"closed","ping_status":"closed","template":"","meta":[],"product_brand":[],"product_cat":[466],"product_tag":[350,351,352],"class_list":{"0":"post-2440","1":"product","2":"type-product","3":"status-publish","4":"has-post-thumbnail","6":"authors-almasi-zeteny","7":"authors-timo-parvela","8":"publisher-pongrac-kiado","9":"product_cat-uncategorized","10":"product_tag-ella","11":"product_tag-hajo","12":"product_tag-tenger","14":"first","15":"instock","16":"shipping-taxable","17":"purchasable","18":"product-type-simple"},"_links":{"self":[{"href":"https:\/\/pongrac.hu\/index.php?rest_route=\/wp\/v2\/product\/2440","targetHints":{"allow":["GET"]}}],"collection":[{"href":"https:\/\/pongrac.hu\/index.php?rest_route=\/wp\/v2\/product"}],"about":[{"href":"https:\/\/pongrac.hu\/index.php?rest_route=\/wp\/v2\/types\/product"}],"replies":[{"embeddable":true,"href":"https:\/\/pongrac.hu\/index.php?rest_route=%2Fwp%2Fv2%2Fcomments&post=2440"}],"wp:featuredmedia":[{"embeddable":true,"href":"https:\/\/pongrac.hu\/index.php?rest_route=\/wp\/v2\/media\/2352"}],"wp:attachment":[{"href":"https:\/\/pongrac.hu\/index.php?rest_route=%2Fwp%2Fv2%2Fmedia&parent=2440"}],"wp:term":[{"taxonomy":"product_brand","embeddable":true,"href":"https:\/\/pongrac.hu\/index.php?rest_route=%2Fwp%2Fv2%2Fproduct_brand&post=2440"},{"taxonomy":"product_cat","embeddable":true,"href":"https:\/\/pongrac.hu\/index.php?rest_route=%2Fwp%2Fv2%2Fproduct_cat&post=2440"},{"taxonomy":"product_tag","embeddable":true,"href":"https:\/\/pongrac.hu\/index.php?rest_route=%2Fwp%2Fv2%2Fproduct_tag&post=2440"}],"curies":[{"name":"wp","href":"https:\/\/api.w.org\/{rel}","templated":true}]}}