{"id":2439,"date":"2010-07-01T08:00:18","date_gmt":"2010-07-01T08:00:18","guid":{"rendered":"http:\/\/dev.pongrac.hu\/?post_type=product&#038;p=2439"},"modified":"2025-02-21T17:17:40","modified_gmt":"2025-02-21T16:17:40","slug":"eles-es-gyors-sikoly","status":"publish","type":"product","link":"https:\/\/pongrac.hu\/?product=eles-es-gyors-sikoly","title":{"rendered":"\u00c9les \u00e9s gyors sikoly"},"content":{"rendered":"<p>Amikor a tizen\u00f6t \u00e9ves Michelle Talent anyja meghal, a l\u00e1ny szinte m\u00e1r elvakultan vall\u00e1sos apja az alkoholban keres vigasztal\u00e1st, \u00edgy Shellnek kell gondoskodnia k\u00e9t fiatalabb testv\u00e9r\u00e9r\u0151l.<br \/>\nA mindennapok kil\u00e1t\u00e1stalans\u00e1g\u00e1ban a fiatal l\u00e1nynak k\u00e9t t\u00e1masza van csup\u00e1n: Rose atya, a naiv, fiatal pap, \u00e9s Declan, Shell oszt\u00e1lyt\u00e1rsa, akivel a l\u00e1ny intim kapcsolatba ker\u00fcl. \u00c1m Declan \u00fagy d\u00f6nt, elhagyja \u00cdrorsz\u00e1got. Ekkor der\u00fcl ki, hogy Shell gyermeket hordoz a sz\u00edve alatt\u2026 A l\u00e1ny el\u0151sz\u00f6r egyed\u00fcl, k\u00e9s\u0151bb testv\u00e9rei seg\u00edts\u00e9g\u00e9vel pr\u00f3b\u00e1l megbirk\u00f3zni az \u00fajabb kih\u00edv\u00e1ssal. A botr\u00e1ny nemcsak a kis k\u00f6z\u00f6ss\u00e9get r\u00e1zza meg, de az eg\u00e9sz orsz\u00e1gban h\u00edre megy. Shell, akinek az \u00e9lete a feje tetej\u00e9re \u00e1ll, k\u00e9ts\u00e9gbeesetten pr\u00f3b\u00e1lja megv\u00e9deni mindazokat, akiket szeret, akik fontosak sz\u00e1m\u00e1ra. De rajta vajon ki fog seg\u00edteni?<br \/>\nAz Eur\u00f3pai Bizotts\u00e1g t\u00e1mogat\u00e1st ny\u00fajtott ennek a projektnek a k\u00f6lts\u00e9geihez.<br \/>\nEz a kiadv\u00e1ny a szerz\u0151 n\u00e9zeteit t\u00fckr\u00f6zi, \u00e9s az Eur\u00f3pai Bizotts\u00e1g nem tehet\u0151 felel\u0151ss\u00e9 az abban foglaltak b\u00e1rminem\u0171 felhaszn\u00e1l\u00e1s\u00e1\u00e9rt.<\/p>\n","protected":false},"excerpt":{"rendered":"<p>A l\u00edrai hang\u00fa reg\u00e9ny, amely elgondolkodtat\u00f3 k\u00e9pet fest a kisv\u00e1rosr\u00f3l \u00e9s lak\u00f3ir\u00f3l, tele van rem\u00e9nnyel, \u00e9s sug\u00e1rzik bel\u0151le a f\u0151szerepl\u0151 b\u00e1tors\u00e1ga \u00e9s emberi ereje. A zseni\u00e1lis Dowd szeretettel \u00e9s meg\u00e9rt\u00e9ssel fordul szerepl\u0151i fel\u00e9, \u00e9s m\u00e9g ebbe a sz\u00edvfacsar\u00f3, komoly probl\u00e9m\u00e1kat boncolgat\u00f3, t\u00e1volr\u00f3l sem tipikus tinit\u00f6rt\u00e9netbe is k\u00e9pes humort csemp\u00e9szni.<\/p>\n","protected":false},"featured_media":2351,"comment_status":"closed","ping_status":"closed","template":"","meta":[],"product_brand":[],"product_cat":[466],"product_tag":[346,286,287,347,300,288,285,305,301,290,318],"class_list":{"0":"post-2439","1":"product","2":"type-product","3":"status-publish","4":"has-post-thumbnail","6":"authors-siobhan-dowd","7":"publisher-pongrac-kiado","8":"product_cat-uncategorized","9":"product_tag-elnyomas","10":"product_tag-felelem","11":"product_tag-gyilkossag","12":"product_tag-irorszag","13":"product_tag-kamaszkor","14":"product_tag-kepzelet","15":"product_tag-krimi","16":"product_tag-onmagad","17":"product_tag-pszichokaland","18":"product_tag-remseg","19":"product_tag-suli","21":"first","22":"outofstock","23":"shipping-taxable","24":"purchasable","25":"product-type-simple"},"_links":{"self":[{"href":"https:\/\/pongrac.hu\/index.php?rest_route=\/wp\/v2\/product\/2439","targetHints":{"allow":["GET"]}}],"collection":[{"href":"https:\/\/pongrac.hu\/index.php?rest_route=\/wp\/v2\/product"}],"about":[{"href":"https:\/\/pongrac.hu\/index.php?rest_route=\/wp\/v2\/types\/product"}],"replies":[{"embeddable":true,"href":"https:\/\/pongrac.hu\/index.php?rest_route=%2Fwp%2Fv2%2Fcomments&post=2439"}],"wp:featuredmedia":[{"embeddable":true,"href":"https:\/\/pongrac.hu\/index.php?rest_route=\/wp\/v2\/media\/2351"}],"wp:attachment":[{"href":"https:\/\/pongrac.hu\/index.php?rest_route=%2Fwp%2Fv2%2Fmedia&parent=2439"}],"wp:term":[{"taxonomy":"product_brand","embeddable":true,"href":"https:\/\/pongrac.hu\/index.php?rest_route=%2Fwp%2Fv2%2Fproduct_brand&post=2439"},{"taxonomy":"product_cat","embeddable":true,"href":"https:\/\/pongrac.hu\/index.php?rest_route=%2Fwp%2Fv2%2Fproduct_cat&post=2439"},{"taxonomy":"product_tag","embeddable":true,"href":"https:\/\/pongrac.hu\/index.php?rest_route=%2Fwp%2Fv2%2Fproduct_tag&post=2439"}],"curies":[{"name":"wp","href":"https:\/\/api.w.org\/{rel}","templated":true}]}}