{"id":2437,"date":"2010-09-01T08:00:26","date_gmt":"2010-09-01T08:00:26","guid":{"rendered":"http:\/\/dev.pongrac.hu\/?post_type=product&#038;p=2437"},"modified":"2021-01-21T14:11:15","modified_gmt":"2021-01-21T13:11:15","slug":"egerek-es-egyebek","status":"publish","type":"product","link":"https:\/\/pongrac.hu\/?product=egerek-es-egyebek","title":{"rendered":"Egerek \u00e9s egyebek"},"content":{"rendered":"<p>Ez csak egy dolgot jelenthet: Eg\u00e9rszak\u00e1ll, a H\u00e9t-tenger legf\u00e9lelmetesebb kal\u00f3za \u00fajra lecsapott. \u00c9s Lovelock ez\u00fattal bossz\u00fat forral. A bossz\u00fa (seg\u00e9d)angyala&#8230;Lovelock eg\u00e9rgondoz\u00f3ja hamarosan ott tal\u00e1lja mag\u00e1t azon a haj\u00f3n, amelynek feladata a h\u00edrhedt Eg\u00e9rszak\u00e1ll k\u00e9zre ker\u00edt\u00e9se. tengeri sz\u00f6rnyek \u00e9s borzaszt\u00f3 csat\u00e1k v\u00e1rnak r\u00e1 a titkok \u00e9s k\u00e9mek vil\u00e1g\u00e1ban; egy olyan vil\u00e1gban, ahol a drakul\u00edreg\u00e9r lopakodik \u00e9jszaka, \u00e9s a tutul\u00f3 holdeg\u00e9r szimatolja a haldokl\u00f3 matr\u00f3zokat.<\/p>\n","protected":false},"excerpt":{"rendered":"<p>Furcsa dolgok t\u00f6rt\u00e9nnek \u00d3v\u00e1ros eg\u00e9rvad\u00e1sz kik\u00f6t\u0151j\u00e9ben. A v\u00edz partra mos egy halott tenger\u00e9szt, akin\u00e9l egy Isiah Lovelocknak, a v\u00e1ros leggazdagabb eg\u00e9rgy\u0171jt\u0151j\u00e9nek sz\u00f3l\u00f3 figyelmeztet\u00e9st tal\u00e1lnak.<\/p>\n","protected":false},"featured_media":2350,"comment_status":"closed","ping_status":"closed","template":"","meta":[],"product_brand":[],"product_cat":[466],"product_tag":[294,345,271,285,298,303,297],"class_list":{"0":"post-2437","1":"product","2":"type-product","3":"status-publish","4":"has-post-thumbnail","6":"authors-alex-milway","7":"publisher-pongrac-kiado","8":"product_cat-uncategorized","9":"product_tag-baratsag","10":"product_tag-eger","11":"product_tag-kaland","12":"product_tag-krimi","13":"product_tag-mese","14":"product_tag-nyomozas","15":"product_tag-utazas","17":"first","18":"instock","19":"shipping-taxable","20":"purchasable","21":"product-type-simple"},"_links":{"self":[{"href":"https:\/\/pongrac.hu\/index.php?rest_route=\/wp\/v2\/product\/2437","targetHints":{"allow":["GET"]}}],"collection":[{"href":"https:\/\/pongrac.hu\/index.php?rest_route=\/wp\/v2\/product"}],"about":[{"href":"https:\/\/pongrac.hu\/index.php?rest_route=\/wp\/v2\/types\/product"}],"replies":[{"embeddable":true,"href":"https:\/\/pongrac.hu\/index.php?rest_route=%2Fwp%2Fv2%2Fcomments&post=2437"}],"wp:featuredmedia":[{"embeddable":true,"href":"https:\/\/pongrac.hu\/index.php?rest_route=\/wp\/v2\/media\/2350"}],"wp:attachment":[{"href":"https:\/\/pongrac.hu\/index.php?rest_route=%2Fwp%2Fv2%2Fmedia&parent=2437"}],"wp:term":[{"taxonomy":"product_brand","embeddable":true,"href":"https:\/\/pongrac.hu\/index.php?rest_route=%2Fwp%2Fv2%2Fproduct_brand&post=2437"},{"taxonomy":"product_cat","embeddable":true,"href":"https:\/\/pongrac.hu\/index.php?rest_route=%2Fwp%2Fv2%2Fproduct_cat&post=2437"},{"taxonomy":"product_tag","embeddable":true,"href":"https:\/\/pongrac.hu\/index.php?rest_route=%2Fwp%2Fv2%2Fproduct_tag&post=2437"}],"curies":[{"name":"wp","href":"https:\/\/api.w.org\/{rel}","templated":true}]}}