{"id":2436,"date":"2015-01-27T08:00:45","date_gmt":"2015-01-27T08:00:45","guid":{"rendered":"http:\/\/dev.pongrac.hu\/?post_type=product&#038;p=2436"},"modified":"2025-02-21T17:10:44","modified_gmt":"2025-02-21T16:10:44","slug":"demonorzo","status":"publish","type":"product","link":"https:\/\/pongrac.hu\/?product=demonorzo","title":{"rendered":"D\u00e9mon\u0151rz\u0151"},"content":{"rendered":"<p>D\u00e9monok vesznek k\u00f6r\u00fcl minket. A t\u00f6bbs\u00e9g\u00fck, p\u00e9ld\u00e1ul a sz\u00f6rnyek, a mumusok, a r\u00e9mek, viszonylag \u00e1rtalmatlanok. De vannak k\u00f6zt\u00fck vesz\u00e9lyesek is \u2013 n\u00e9melyik gyilkolni is k\u00e9pes. Nat Grimlockot, miut\u00e1n kisfi\u00fak\u00e9nt elvesz\u00edti sz\u00fcleit, az id\u0151s Dhaliwahl az\u00e9rt veszi mag\u00e1hoz, hogy d\u00e9mon\u0151rz\u0151t faragjon bel\u0151le. A d\u00fcledez\u0151 seattle-i h\u00e1zban egy sereg d\u00e9mon lakik Dhaliwahllal, akikkel az \u00f6reg hal\u00e1la ut\u00e1n Natnek igencsak meggy\u0171lik a baja.<br \/>\nAmikor pedig a fi\u00fa randira h\u00edvja a k\u00f6nyvt\u00e1rban megismert Sandyt, a sz\u00f3 szoros \u00e9rtelm\u00e9ben elszabadul a pokol \u2013 pontosabban egy igen vesz\u00e9lyes d\u00e9mon, akit Fenevadk\u00e9nt emlegetnek. Siker\u00fcl-e Natnek elkapnia a d\u00e9moni Fenevadat, \u00e9s kiengesztelni Sandyt a f\u00e9lresiker\u00fclt randi miatt?<\/p>\n","protected":false},"excerpt":{"rendered":"<p>Feszes cselekm\u00e9ny\u00e9vel, boh\u00f3zatba hajl\u00f3 humor\u00e1val \u00e9s furcsa, ugyanakkor igen rokonszenves f\u0151h\u0151s\u00e9vel a <em>D\u00e9mon\u0151rz\u0151<\/em> izgalmas sz\u00f3rakoz\u00e1st k\u00edn\u00e1l\u00f3, lebilincsel\u0151 olvasm\u00e1ny.<\/p>\n","protected":false},"featured_media":2349,"comment_status":"closed","ping_status":"closed","template":"","meta":[],"product_brand":[],"product_cat":[466],"product_tag":[343,342,341,290,340],"class_list":{"0":"post-2436","1":"product","2":"type-product","3":"status-publish","4":"has-post-thumbnail","6":"authors-royce-buckingham","7":"publisher-pongrac-kiado","8":"product_cat-uncategorized","9":"product_tag-demon","10":"product_tag-humor","11":"product_tag-randevu","12":"product_tag-remseg","13":"product_tag-seattle","15":"first","16":"outofstock","17":"shipping-taxable","18":"purchasable","19":"product-type-simple"},"_links":{"self":[{"href":"https:\/\/pongrac.hu\/index.php?rest_route=\/wp\/v2\/product\/2436","targetHints":{"allow":["GET"]}}],"collection":[{"href":"https:\/\/pongrac.hu\/index.php?rest_route=\/wp\/v2\/product"}],"about":[{"href":"https:\/\/pongrac.hu\/index.php?rest_route=\/wp\/v2\/types\/product"}],"replies":[{"embeddable":true,"href":"https:\/\/pongrac.hu\/index.php?rest_route=%2Fwp%2Fv2%2Fcomments&post=2436"}],"wp:featuredmedia":[{"embeddable":true,"href":"https:\/\/pongrac.hu\/index.php?rest_route=\/wp\/v2\/media\/2349"}],"wp:attachment":[{"href":"https:\/\/pongrac.hu\/index.php?rest_route=%2Fwp%2Fv2%2Fmedia&parent=2436"}],"wp:term":[{"taxonomy":"product_brand","embeddable":true,"href":"https:\/\/pongrac.hu\/index.php?rest_route=%2Fwp%2Fv2%2Fproduct_brand&post=2436"},{"taxonomy":"product_cat","embeddable":true,"href":"https:\/\/pongrac.hu\/index.php?rest_route=%2Fwp%2Fv2%2Fproduct_cat&post=2436"},{"taxonomy":"product_tag","embeddable":true,"href":"https:\/\/pongrac.hu\/index.php?rest_route=%2Fwp%2Fv2%2Fproduct_tag&post=2436"}],"curies":[{"name":"wp","href":"https:\/\/api.w.org\/{rel}","templated":true}]}}